{"id":10980,"date":"2020-06-21T18:02:23","date_gmt":"2020-06-21T18:02:23","guid":{"rendered":"https:\/\/lotusgrill-online.es\/?post_type=product&#038;p=10980"},"modified":"2021-01-21T18:49:02","modified_gmt":"2021-01-21T18:49:02","slug":"bandeja-bbq-bandeja-de-churrasco","status":"publish","type":"product","link":"https:\/\/lotusgrill-online.es\/pt\/product\/bandeja-bbq-bandeja-de-churrasco\/","title":{"rendered":"Bandeja para churrasco \/ bandeja para churrasco"},"content":{"rendered":"<p><strong>A bandeja para churrasco NoStik\u00ae permitir\u00e1 que voc\u00ea desfrute de churrascos sem nunca se preocupar em limpar novamente!<\/strong><\/p>\n<ul>\n<li>Superf\u00edcie antiaderente perfeita: os alimentos nunca mais v\u00e3o aderir.<\/li>\n<li>Pequenos peda\u00e7os n\u00e3o cair\u00e3o mais entre as hastes nas brasas<\/li>\n<li>Bandejas perfeitas para comida marinada<\/li>\n<li>Mant\u00e9m a comida macia, suculenta e saborosa<\/li>\n<li>Reutiliz\u00e1vel e f\u00e1cil de limpar<\/li>\n<li>Dupla utiliza\u00e7\u00e3o: para churrasco e para o forno<\/li>\n<li>Perfeito para refogar carnes, peixes, frutos do mar, vegetais, ovos e muito mais, tanto na churrasqueira quanto no forno<\/li>\n<\/ul>\n<p><strong>Instru\u00e7\u00f5es de uso e manuten\u00e7\u00e3o<\/strong><\/p>\n<ul>\n<li>Ap\u00f3s o uso: Lave com sab\u00e3o e \u00e1gua quente<\/li>\n<li>Resistente a at\u00e9 260 \u00b0 C (500 \u00b0 F)<\/li>\n<li>Evite o contato direto com chamas, itens quentes e objetos pontiagudos<\/li>\n<li>Use utens\u00edlios de madeira.<\/li>\n<\/ul>","protected":false},"excerpt":{"rendered":"<p>Reutiliz\u00e1vel \/ Perfeito para forno, ferro e churrasqueira \/ N\u00e3o precisa colocar \u00f3leo \/ Resistente ao calor at\u00e9 260 \u00b0 C<\/p>","protected":false},"featured_media":10987,"template":"","meta":[],"product_brand":[],"product_cat":[223,230],"product_tag":[193,191],"class_list":{"0":"post-10980","1":"product","2":"type-product","3":"status-publish","4":"has-post-thumbnail","6":"product_cat-lotusgrill-complementos","7":"product_cat-bandejas-y-rejillas-nostik","8":"product_tag-barbacoa-electrica","9":"product_tag-lotusgrill","11":"first","12":"instock","13":"taxable","14":"shipping-taxable","15":"purchasable","16":"product-type-variable","17":"has-default-attributes","18":"rtwpvg-product"},"yoast_head":"<!-- This site is optimized with the Yoast SEO plugin v26.8 - https:\/\/yoast.com\/product\/yoast-seo-wordpress\/ -->\n<title>Bandeja BBQ \/Bandeja de Churrasco - lotusgrill-online.es<\/title>\n<meta name=\"description\" content=\"Carb\u00f3n LotusGrill 100% natural de madera de haya. Las propiedades de este carb\u00f3n le permiten generar la combusti\u00f3n de forma r\u00e1pida. El carb\u00f3n Lotusgrill desprende m\u00e1s calor y brasea durante m\u00e1s tiempo que otro carb\u00f3n. Gracias a su alto poder calor\u00edfico, la brasa hace que disponga de una autonom\u00eda de 50 a 60 minutos. No genera el molesto humo de las barbacoas tradicionales.\" \/>\n<meta name=\"robots\" content=\"index, follow, max-snippet:-1, max-image-preview:large, max-video-preview:-1\" \/>\n<link rel=\"canonical\" href=\"https:\/\/lotusgrill-online.es\/pt\/product\/bandeja-bbq-bandeja-de-churrasco\/\" \/>\n<meta property=\"og:locale\" content=\"pt_PT\" \/>\n<meta property=\"og:type\" content=\"article\" \/>\n<meta property=\"og:title\" content=\"Bandeja BBQ \/Bandeja de Churrasco - lotusgrill-online.es\" \/>\n<meta property=\"og:description\" content=\"Carb\u00f3n LotusGrill 100% natural de madera de haya. Las propiedades de este carb\u00f3n le permiten generar la combusti\u00f3n de forma r\u00e1pida. El carb\u00f3n Lotusgrill desprende m\u00e1s calor y brasea durante m\u00e1s tiempo que otro carb\u00f3n. Gracias a su alto poder calor\u00edfico, la brasa hace que disponga de una autonom\u00eda de 50 a 60 minutos. No genera el molesto humo de las barbacoas tradicionales.\" \/>\n<meta property=\"og:url\" content=\"https:\/\/lotusgrill-online.es\/pt\/product\/bandeja-bbq-bandeja-de-churrasco\/\" \/>\n<meta property=\"og:site_name\" content=\"lotusgrill-online.es\" \/>\n<meta property=\"article:modified_time\" content=\"2021-01-21T18:49:02+00:00\" \/>\n<meta property=\"og:image\" content=\"https:\/\/lotusgrill-online.es\/wp-content\/uploads\/2020\/06\/Captura-de-pantalla-2020-06-21-a-las-19.50.53-e1592762918883.png\" \/>\n\t<meta property=\"og:image:width\" content=\"1300\" \/>\n\t<meta property=\"og:image:height\" content=\"693\" \/>\n\t<meta property=\"og:image:type\" content=\"image\/png\" \/>\n<meta name=\"twitter:card\" content=\"summary_large_image\" \/>\n<meta name=\"twitter:label1\" content=\"Tempo estimado de leitura\" \/>\n\t<meta name=\"twitter:data1\" content=\"1 minuto\" \/>\n<script type=\"application\/ld+json\" class=\"yoast-schema-graph\">{\"@context\":\"https:\/\/schema.org\",\"@graph\":[{\"@type\":\"WebPage\",\"@id\":\"https:\/\/lotusgrill-online.es\/product\/bandeja-bbq-bandeja-de-churrasco\/\",\"url\":\"https:\/\/lotusgrill-online.es\/product\/bandeja-bbq-bandeja-de-churrasco\/\",\"name\":\"Bandeja BBQ \/Bandeja de Churrasco - lotusgrill-online.es\",\"isPartOf\":{\"@id\":\"https:\/\/lotusgrill-online.es\/#website\"},\"primaryImageOfPage\":{\"@id\":\"https:\/\/lotusgrill-online.es\/product\/bandeja-bbq-bandeja-de-churrasco\/#primaryimage\"},\"image\":{\"@id\":\"https:\/\/lotusgrill-online.es\/product\/bandeja-bbq-bandeja-de-churrasco\/#primaryimage\"},\"thumbnailUrl\":\"https:\/\/lotusgrill-online.es\/wp-content\/uploads\/2020\/06\/Captura-de-pantalla-2020-06-21-a-las-19.50.53-e1592762918883.png\",\"datePublished\":\"2020-06-21T18:02:23+00:00\",\"dateModified\":\"2021-01-21T18:49:02+00:00\",\"description\":\"Carb\u00f3n LotusGrill 100% natural de madera de haya. Las propiedades de este carb\u00f3n le permiten generar la combusti\u00f3n de forma r\u00e1pida. El carb\u00f3n Lotusgrill desprende m\u00e1s calor y brasea durante m\u00e1s tiempo que otro carb\u00f3n. Gracias a su alto poder calor\u00edfico, la brasa hace que disponga de una autonom\u00eda de 50 a 60 minutos. No genera el molesto humo de las barbacoas tradicionales.\",\"breadcrumb\":{\"@id\":\"https:\/\/lotusgrill-online.es\/product\/bandeja-bbq-bandeja-de-churrasco\/#breadcrumb\"},\"inLanguage\":\"pt-PT\",\"potentialAction\":[{\"@type\":\"ReadAction\",\"target\":[\"https:\/\/lotusgrill-online.es\/product\/bandeja-bbq-bandeja-de-churrasco\/\"]}]},{\"@type\":\"ImageObject\",\"inLanguage\":\"pt-PT\",\"@id\":\"https:\/\/lotusgrill-online.es\/product\/bandeja-bbq-bandeja-de-churrasco\/#primaryimage\",\"url\":\"https:\/\/lotusgrill-online.es\/wp-content\/uploads\/2020\/06\/Captura-de-pantalla-2020-06-21-a-las-19.50.53-e1592762918883.png\",\"contentUrl\":\"https:\/\/lotusgrill-online.es\/wp-content\/uploads\/2020\/06\/Captura-de-pantalla-2020-06-21-a-las-19.50.53-e1592762918883.png\",\"width\":1300,\"height\":693,\"caption\":\"Bandeja Nostik 18 x 28 x 3 cm\"},{\"@type\":\"BreadcrumbList\",\"@id\":\"https:\/\/lotusgrill-online.es\/product\/bandeja-bbq-bandeja-de-churrasco\/#breadcrumb\",\"itemListElement\":[{\"@type\":\"ListItem\",\"position\":1,\"name\":\"Portada\",\"item\":\"https:\/\/lotusgrill-online.es\/\"},{\"@type\":\"ListItem\",\"position\":2,\"name\":\"Shop\",\"item\":\"https:\/\/lotusgrill-online.es\/shop-tienda-oficial-lotusgrill\/\"},{\"@type\":\"ListItem\",\"position\":3,\"name\":\"Bandeja BBQ \/Bandeja de Churrasco\"}]},{\"@type\":\"WebSite\",\"@id\":\"https:\/\/lotusgrill-online.es\/#website\",\"url\":\"https:\/\/lotusgrill-online.es\/\",\"name\":\"Lotusgrill-online\",\"description\":\"lotusgrill-online.es\",\"potentialAction\":[{\"@type\":\"SearchAction\",\"target\":{\"@type\":\"EntryPoint\",\"urlTemplate\":\"https:\/\/lotusgrill-online.es\/?s={search_term_string}\"},\"query-input\":{\"@type\":\"PropertyValueSpecification\",\"valueRequired\":true,\"valueName\":\"search_term_string\"}}],\"inLanguage\":\"pt-PT\"}]}<\/script>\n<!-- \/ Yoast SEO plugin. -->","yoast_head_json":{"title":"Bandeja para churrasco \/ Bandeja para churrasco - lotusgrill-online.es","description":"Carv\u00e3o LotusGrill 100% natural de madeira de faia. As propriedades deste carv\u00e3o permitem uma combust\u00e3o r\u00e1pida. O carv\u00e3o Lotusgrill liberta mais calor e mant\u00e9m as brasas durante mais tempo do que outros carv\u00f5es. Gra\u00e7as ao seu elevado poder calor\u00edfico, as brasas t\u00eam uma autonomia de 50 a 60 minutos. N\u00e3o gera o fumo inc\u00f3modo dos churrascos tradicionais.","robots":{"index":"index","follow":"follow","max-snippet":"max-snippet:-1","max-image-preview":"max-image-preview:large","max-video-preview":"max-video-preview:-1"},"canonical":"https:\/\/lotusgrill-online.es\/pt\/product\/bandeja-bbq-bandeja-de-churrasco\/","og_locale":"pt_PT","og_type":"article","og_title":"Bandeja BBQ \/Bandeja de Churrasco - lotusgrill-online.es","og_description":"Carb\u00f3n LotusGrill 100% natural de madera de haya. Las propiedades de este carb\u00f3n le permiten generar la combusti\u00f3n de forma r\u00e1pida. El carb\u00f3n Lotusgrill desprende m\u00e1s calor y brasea durante m\u00e1s tiempo que otro carb\u00f3n. Gracias a su alto poder calor\u00edfico, la brasa hace que disponga de una autonom\u00eda de 50 a 60 minutos. No genera el molesto humo de las barbacoas tradicionales.","og_url":"https:\/\/lotusgrill-online.es\/pt\/product\/bandeja-bbq-bandeja-de-churrasco\/","og_site_name":"lotusgrill-online.es","article_modified_time":"2021-01-21T18:49:02+00:00","og_image":[{"width":1300,"height":693,"url":"https:\/\/lotusgrill-online.es\/wp-content\/uploads\/2020\/06\/Captura-de-pantalla-2020-06-21-a-las-19.50.53-e1592762918883.png","type":"image\/png"}],"twitter_card":"summary_large_image","twitter_misc":{"Tempo estimado de leitura":"1 minuto"},"schema":{"@context":"https:\/\/schema.org","@graph":[{"@type":"WebPage","@id":"https:\/\/lotusgrill-online.es\/product\/bandeja-bbq-bandeja-de-churrasco\/","url":"https:\/\/lotusgrill-online.es\/product\/bandeja-bbq-bandeja-de-churrasco\/","name":"Bandeja para churrasco \/ Bandeja para churrasco - lotusgrill-online.es","isPartOf":{"@id":"https:\/\/lotusgrill-online.es\/#website"},"primaryImageOfPage":{"@id":"https:\/\/lotusgrill-online.es\/product\/bandeja-bbq-bandeja-de-churrasco\/#primaryimage"},"image":{"@id":"https:\/\/lotusgrill-online.es\/product\/bandeja-bbq-bandeja-de-churrasco\/#primaryimage"},"thumbnailUrl":"https:\/\/lotusgrill-online.es\/wp-content\/uploads\/2020\/06\/Captura-de-pantalla-2020-06-21-a-las-19.50.53-e1592762918883.png","datePublished":"2020-06-21T18:02:23+00:00","dateModified":"2021-01-21T18:49:02+00:00","description":"Carv\u00e3o LotusGrill 100% natural de madeira de faia. As propriedades deste carv\u00e3o permitem uma combust\u00e3o r\u00e1pida. O carv\u00e3o Lotusgrill liberta mais calor e mant\u00e9m as brasas durante mais tempo do que outros carv\u00f5es. Gra\u00e7as ao seu elevado poder calor\u00edfico, as brasas t\u00eam uma autonomia de 50 a 60 minutos. N\u00e3o gera o fumo inc\u00f3modo dos churrascos tradicionais.","breadcrumb":{"@id":"https:\/\/lotusgrill-online.es\/product\/bandeja-bbq-bandeja-de-churrasco\/#breadcrumb"},"inLanguage":"pt-PT","potentialAction":[{"@type":"ReadAction","target":["https:\/\/lotusgrill-online.es\/product\/bandeja-bbq-bandeja-de-churrasco\/"]}]},{"@type":"ImageObject","inLanguage":"pt-PT","@id":"https:\/\/lotusgrill-online.es\/product\/bandeja-bbq-bandeja-de-churrasco\/#primaryimage","url":"https:\/\/lotusgrill-online.es\/wp-content\/uploads\/2020\/06\/Captura-de-pantalla-2020-06-21-a-las-19.50.53-e1592762918883.png","contentUrl":"https:\/\/lotusgrill-online.es\/wp-content\/uploads\/2020\/06\/Captura-de-pantalla-2020-06-21-a-las-19.50.53-e1592762918883.png","width":1300,"height":693,"caption":"Bandeja Nostik 18 x 28 x 3 cm"},{"@type":"BreadcrumbList","@id":"https:\/\/lotusgrill-online.es\/product\/bandeja-bbq-bandeja-de-churrasco\/#breadcrumb","itemListElement":[{"@type":"ListItem","position":1,"name":"Portada","item":"https:\/\/lotusgrill-online.es\/"},{"@type":"ListItem","position":2,"name":"Shop","item":"https:\/\/lotusgrill-online.es\/shop-tienda-oficial-lotusgrill\/"},{"@type":"ListItem","position":3,"name":"Bandeja BBQ \/Bandeja de Churrasco"}]},{"@type":"WebSite","@id":"https:\/\/lotusgrill-online.es\/#website","url":"https:\/\/lotusgrill-online.es\/","name":"Lotusgrill-online","description":"lotusgrill-online.co.uk","potentialAction":[{"@type":"SearchAction","target":{"@type":"EntryPoint","urlTemplate":"https:\/\/lotusgrill-online.es\/?s={search_term_string}"},"query-input":{"@type":"PropertyValueSpecification","valueRequired":true,"valueName":"search_term_string"}}],"inLanguage":"pt-PT"}]}},"_links":{"self":[{"href":"https:\/\/lotusgrill-online.es\/pt\/wp-json\/wp\/v2\/product\/10980","targetHints":{"allow":["GET"]}}],"collection":[{"href":"https:\/\/lotusgrill-online.es\/pt\/wp-json\/wp\/v2\/product"}],"about":[{"href":"https:\/\/lotusgrill-online.es\/pt\/wp-json\/wp\/v2\/types\/product"}],"wp:featuredmedia":[{"embeddable":true,"href":"https:\/\/lotusgrill-online.es\/pt\/wp-json\/wp\/v2\/media\/10987"}],"wp:attachment":[{"href":"https:\/\/lotusgrill-online.es\/pt\/wp-json\/wp\/v2\/media?parent=10980"}],"wp:term":[{"taxonomy":"product_brand","embeddable":true,"href":"https:\/\/lotusgrill-online.es\/pt\/wp-json\/wp\/v2\/product_brand?post=10980"},{"taxonomy":"product_cat","embeddable":true,"href":"https:\/\/lotusgrill-online.es\/pt\/wp-json\/wp\/v2\/product_cat?post=10980"},{"taxonomy":"product_tag","embeddable":true,"href":"https:\/\/lotusgrill-online.es\/pt\/wp-json\/wp\/v2\/product_tag?post=10980"}],"curies":[{"name":"wp","href":"https:\/\/api.w.org\/{rel}","templated":true}]}}