{"id":25453,"date":"2024-11-12T10:25:01","date_gmt":"2024-11-12T10:25:01","guid":{"rendered":"https:\/\/lotusgrill-online.es\/?post_type=product&#038;p=25453"},"modified":"2024-11-12T16:20:48","modified_gmt":"2024-11-12T16:20:48","slug":"lotusgrill-l-usb-hybrid-color-antracita","status":"publish","type":"product","link":"https:\/\/lotusgrill-online.es\/pt\/product\/lotusgrill-l-usb-hybrid-color-antracita\/","title":{"rendered":"LotusGrill L USB - H\u00edbrido - Cor Antracite"},"content":{"rendered":"<ul>\n<li>A principal carater\u00edstica deste barbecue Lotusgriill \u00e9 que pode ser utilizado com energia el\u00e9ctrica (com pilhas ou cabo usb) ou com g\u00e1s.<\/li>\n<li>No interior do Lotusgrill Hybrid encontramos o cl\u00e1ssico recipiente de carv\u00e3o, com as suas 4 pilhas AA LR6 e o seu cabo de liga\u00e7\u00e3o \u00e0 rede; juntamente com um novo recipiente espec\u00edfico para utiliza\u00e7\u00e3o com g\u00e1s e a sua v\u00e1lvula reguladora.<span class=\"Apple-converted-space\">\u00a0<\/span><\/li>\n<li>Os novos LotusGrill Hybrids t\u00eam um interrutor de seguran\u00e7a duplo no interior para indicar se queremos utiliz\u00e1-lo com carv\u00e3o e ventilador ou se queremos mudar a posi\u00e7\u00e3o dos interruptores, podemos ancorar o novo recipiente para utiliza\u00e7\u00e3o de g\u00e1s.<\/li>\n<li>A vers\u00e3o a carv\u00e3o continua a funcionar com as 4 pilhas ou com o cabo para rodar a ventoinha.<\/li>\n<li>Se os interruptores n\u00e3o estiverem corretamente colocados na posi\u00e7\u00e3o pretendida, nenhum dos recipientes funcionar\u00e1.<span class=\"Apple-converted-space\">\u00a0<\/span><\/li>\n<\/ul>\n<p>CARACTER\u00cdSTICAS GERAIS<\/p>\n<ul>\n<li>Carregador USB<\/li>\n<li>V\u00e1lvula de g\u00e1s butano<\/li>\n<li>Desenho de linhas curvas<\/li>\n<li>Peso 7,3 kg<\/li>\n<li>Com uma bolsa de transporte de nylon marcada na mesma cor<\/li>\n<li>Grelha de 32 cm \u00f8<\/li>\n<li>Para at\u00e9 4 pessoas<\/li>\n<li>Churrasqueira e ta\u00e7a interna em a\u00e7o inox para m\u00e1quina de lavar<\/li>\n<li>Ventilador alimentado por 4 pilhas<\/li>\n<li>Recipiente para carv\u00e3o vegetal, com uma capacidade m\u00e1xima de 250gr para utiliza\u00e7\u00e3o \u00abEl\u00e9ctrica\u00bb.\u00bb<\/li>\n<li>Recipiente para carv\u00e3o vegetal, com uma capacidade m\u00e1xima de 250gr para utiliza\u00e7\u00e3o a \u00abG\u00e1s\u00bb.\u00bb<\/li>\n<li>Entre 40 e 90 minutos de combust\u00e3o dependendo da quantidade de carv\u00e3o utilizada. Pode ser preenchido com carv\u00e3o a qualquer momento<\/li>\n<li>Corpo externo de a\u00e7o revestido com tinta spray<\/li>\n<li>SEGURAN\u00c7A M\u00c1XIMA: Fechos laterais no corpo externo unem a grade, o recipiente de carv\u00e3o e a ta\u00e7a interna, tornando-a numa \u00fanica unidade mais segura<\/li>\n<\/ul>\n<p>DADOS T\u00c9CNICOS<\/p>\n<ul>\n<li style=\"list-style-type: none;\">\n<ul>\n<li>Peso aproximado:<\/li>\n<li>Medidas:<br \/>\n\u00d8 Aproximado da parte superior 350mm<br \/>\nBase de \u00d8 aproximada 260 mm<br \/>\nAltura aproximada de 234 mm<br \/>\n\u00d8 Aproximado do grelha 320mm<\/li>\n<li>Material:<br \/>\nA\u00e7o e pl\u00e1sticos resistentes ao choque<br \/>\nGrelha, Ta\u00e7a interna, recipiente de carv\u00e3o e tampas: A\u00e7o inoxid\u00e1vel<\/li>\n<li>Inclu\u00eddo na entrega:<br \/>\nChurrasqueira pronta a usar<br \/>\nSaco de transporte<br \/>\nCabo USB<br \/>\nManual de usu\u00e1rio<br \/>\n4 pilhas AA<br \/>\nv\u00e1lvula com mangueira de g\u00e1s, bem como adaptador para botija de g\u00e1s<\/li>\n<\/ul>\n<\/li>\n<\/ul>\n<p>&nbsp;<\/p>\n<p>&nbsp;<\/p>","protected":false},"excerpt":{"rendered":"<p><strong>LotusGrill L USB - Churrasco a carv\u00e3o h\u00edbrido, quase sem fumo, carregador USB e adequado para g\u00e1s. At\u00e9 4 pessoas, corpo em a\u00e7o inoxid\u00e1vel, com saco de transporte.<\/strong><\/p>","protected":false},"featured_media":25462,"template":"","meta":[],"product_brand":[],"product_cat":[199,236],"product_tag":[193,191,192],"class_list":{"0":"post-25453","1":"product","2":"type-product","3":"status-publish","4":"has-post-thumbnail","6":"product_cat-lotusgrill-l-hasta-4-comensales","7":"product_cat-hybrid","8":"product_tag-barbacoa-electrica","9":"product_tag-lotusgrill","10":"product_tag-usb","12":"first","13":"instock","14":"taxable","15":"shipping-taxable","16":"purchasable","17":"product-type-simple"},"yoast_head":"<!-- This site is optimized with the Yoast SEO plugin v26.8 - https:\/\/yoast.com\/product\/yoast-seo-wordpress\/ -->\n<title>Barbacoa Hybrida gas y el\u00e9ctrica a carb\u00f3n sin humo LotusGrill L - lotusgrill-online.es<\/title>\n<meta name=\"description\" content=\"Barbacoa Hybrida gas y el\u00e9ctrica a carb\u00f3n sin humo LotusGrill L USB. Disponible en la tienda oficial Lotusgrill, c\u00f3mprala con total garant\u00eda y seguridad\" \/>\n<meta name=\"robots\" content=\"index, follow, max-snippet:-1, max-image-preview:large, max-video-preview:-1\" \/>\n<link rel=\"canonical\" href=\"https:\/\/lotusgrill-online.es\/pt\/product\/lotusgrill-l-usb-hybrid-color-antracita\/\" \/>\n<meta property=\"og:locale\" content=\"pt_PT\" \/>\n<meta property=\"og:type\" content=\"article\" \/>\n<meta property=\"og:title\" content=\"Barbacoa Hybrida gas y el\u00e9ctrica a carb\u00f3n sin humo LotusGrill L - lotusgrill-online.es\" \/>\n<meta property=\"og:description\" content=\"Barbacoa Hybrida gas y el\u00e9ctrica a carb\u00f3n sin humo LotusGrill L USB. Disponible en la tienda oficial Lotusgrill, c\u00f3mprala con total garant\u00eda y seguridad\" \/>\n<meta property=\"og:url\" content=\"https:\/\/lotusgrill-online.es\/pt\/product\/lotusgrill-l-usb-hybrid-color-antracita\/\" \/>\n<meta property=\"og:site_name\" content=\"lotusgrill-online.es\" \/>\n<meta property=\"article:modified_time\" content=\"2024-11-12T16:20:48+00:00\" \/>\n<meta property=\"og:image\" content=\"https:\/\/lotusgrill-online.es\/wp-content\/uploads\/2024\/11\/Hybrid_Classic_Giftbox-Top_V06.jpg\" \/>\n\t<meta property=\"og:image:width\" content=\"1000\" \/>\n\t<meta property=\"og:image:height\" content=\"992\" \/>\n\t<meta property=\"og:image:type\" content=\"image\/jpeg\" \/>\n<meta name=\"twitter:card\" content=\"summary_large_image\" \/>\n<meta name=\"twitter:label1\" content=\"Tempo estimado de leitura\" \/>\n\t<meta name=\"twitter:data1\" content=\"2 minutos\" \/>\n<script type=\"application\/ld+json\" class=\"yoast-schema-graph\">{\"@context\":\"https:\/\/schema.org\",\"@graph\":[{\"@type\":\"WebPage\",\"@id\":\"https:\/\/lotusgrill-online.es\/product\/lotusgrill-l-usb-hybrid-color-antracita\/\",\"url\":\"https:\/\/lotusgrill-online.es\/product\/lotusgrill-l-usb-hybrid-color-antracita\/\",\"name\":\"Barbacoa Hybrida gas y el\u00e9ctrica a carb\u00f3n sin humo LotusGrill L - lotusgrill-online.es\",\"isPartOf\":{\"@id\":\"https:\/\/lotusgrill-online.es\/#website\"},\"primaryImageOfPage\":{\"@id\":\"https:\/\/lotusgrill-online.es\/product\/lotusgrill-l-usb-hybrid-color-antracita\/#primaryimage\"},\"image\":{\"@id\":\"https:\/\/lotusgrill-online.es\/product\/lotusgrill-l-usb-hybrid-color-antracita\/#primaryimage\"},\"thumbnailUrl\":\"https:\/\/lotusgrill-online.es\/wp-content\/uploads\/2024\/11\/Hybrid_Classic_Giftbox-Top_V06.jpg\",\"datePublished\":\"2024-11-12T10:25:01+00:00\",\"dateModified\":\"2024-11-12T16:20:48+00:00\",\"description\":\"Barbacoa Hybrida gas y el\u00e9ctrica a carb\u00f3n sin humo LotusGrill L USB. Disponible en la tienda oficial Lotusgrill, c\u00f3mprala con total garant\u00eda y seguridad\",\"breadcrumb\":{\"@id\":\"https:\/\/lotusgrill-online.es\/product\/lotusgrill-l-usb-hybrid-color-antracita\/#breadcrumb\"},\"inLanguage\":\"pt-PT\",\"potentialAction\":[{\"@type\":\"ReadAction\",\"target\":[\"https:\/\/lotusgrill-online.es\/product\/lotusgrill-l-usb-hybrid-color-antracita\/\"]}]},{\"@type\":\"ImageObject\",\"inLanguage\":\"pt-PT\",\"@id\":\"https:\/\/lotusgrill-online.es\/product\/lotusgrill-l-usb-hybrid-color-antracita\/#primaryimage\",\"url\":\"https:\/\/lotusgrill-online.es\/wp-content\/uploads\/2024\/11\/Hybrid_Classic_Giftbox-Top_V06.jpg\",\"contentUrl\":\"https:\/\/lotusgrill-online.es\/wp-content\/uploads\/2024\/11\/Hybrid_Classic_Giftbox-Top_V06.jpg\",\"width\":1000,\"height\":992,\"caption\":\"Barbacoa Hybrida gas y el\u00e9ctrica a carb\u00f3n sin humo LotusGrill L USB\"},{\"@type\":\"BreadcrumbList\",\"@id\":\"https:\/\/lotusgrill-online.es\/product\/lotusgrill-l-usb-hybrid-color-antracita\/#breadcrumb\",\"itemListElement\":[{\"@type\":\"ListItem\",\"position\":1,\"name\":\"Portada\",\"item\":\"https:\/\/lotusgrill-online.es\/\"},{\"@type\":\"ListItem\",\"position\":2,\"name\":\"Shop\",\"item\":\"https:\/\/lotusgrill-online.es\/shop-tienda-oficial-lotusgrill\/\"},{\"@type\":\"ListItem\",\"position\":3,\"name\":\"LotusGrill L USB &#8211; Hybrid &#8211; Color Antracita\"}]},{\"@type\":\"WebSite\",\"@id\":\"https:\/\/lotusgrill-online.es\/#website\",\"url\":\"https:\/\/lotusgrill-online.es\/\",\"name\":\"Lotusgrill-online\",\"description\":\"lotusgrill-online.es\",\"potentialAction\":[{\"@type\":\"SearchAction\",\"target\":{\"@type\":\"EntryPoint\",\"urlTemplate\":\"https:\/\/lotusgrill-online.es\/?s={search_term_string}\"},\"query-input\":{\"@type\":\"PropertyValueSpecification\",\"valueRequired\":true,\"valueName\":\"search_term_string\"}}],\"inLanguage\":\"pt-PT\"}]}<\/script>\n<!-- \/ Yoast SEO plugin. -->","yoast_head_json":{"title":"Churrasqueira h\u00edbrida a g\u00e1s e el\u00e9ctrica a carv\u00e3o sem fumo LotusGrill L - lotusgrill-online.pt","description":"LotusGrill L USB Churrasqueira h\u00edbrida a g\u00e1s e el\u00e9ctrica a carv\u00e3o sem fumo. Dispon\u00edvel na loja oficial Lotusgrill, compre-o com total garantia e seguran\u00e7a.","robots":{"index":"index","follow":"follow","max-snippet":"max-snippet:-1","max-image-preview":"max-image-preview:large","max-video-preview":"max-video-preview:-1"},"canonical":"https:\/\/lotusgrill-online.es\/pt\/product\/lotusgrill-l-usb-hybrid-color-antracita\/","og_locale":"pt_PT","og_type":"article","og_title":"Barbacoa Hybrida gas y el\u00e9ctrica a carb\u00f3n sin humo LotusGrill L - lotusgrill-online.es","og_description":"Barbacoa Hybrida gas y el\u00e9ctrica a carb\u00f3n sin humo LotusGrill L USB. Disponible en la tienda oficial Lotusgrill, c\u00f3mprala con total garant\u00eda y seguridad","og_url":"https:\/\/lotusgrill-online.es\/pt\/product\/lotusgrill-l-usb-hybrid-color-antracita\/","og_site_name":"lotusgrill-online.es","article_modified_time":"2024-11-12T16:20:48+00:00","og_image":[{"width":1000,"height":992,"url":"https:\/\/lotusgrill-online.es\/wp-content\/uploads\/2024\/11\/Hybrid_Classic_Giftbox-Top_V06.jpg","type":"image\/jpeg"}],"twitter_card":"summary_large_image","twitter_misc":{"Tempo estimado de leitura":"2 minutos"},"schema":{"@context":"https:\/\/schema.org","@graph":[{"@type":"WebPage","@id":"https:\/\/lotusgrill-online.es\/product\/lotusgrill-l-usb-hybrid-color-antracita\/","url":"https:\/\/lotusgrill-online.es\/product\/lotusgrill-l-usb-hybrid-color-antracita\/","name":"Churrasqueira h\u00edbrida a g\u00e1s e el\u00e9ctrica a carv\u00e3o sem fumo LotusGrill L - lotusgrill-online.pt","isPartOf":{"@id":"https:\/\/lotusgrill-online.es\/#website"},"primaryImageOfPage":{"@id":"https:\/\/lotusgrill-online.es\/product\/lotusgrill-l-usb-hybrid-color-antracita\/#primaryimage"},"image":{"@id":"https:\/\/lotusgrill-online.es\/product\/lotusgrill-l-usb-hybrid-color-antracita\/#primaryimage"},"thumbnailUrl":"https:\/\/lotusgrill-online.es\/wp-content\/uploads\/2024\/11\/Hybrid_Classic_Giftbox-Top_V06.jpg","datePublished":"2024-11-12T10:25:01+00:00","dateModified":"2024-11-12T16:20:48+00:00","description":"LotusGrill L USB Churrasqueira h\u00edbrida a g\u00e1s e el\u00e9ctrica a carv\u00e3o sem fumo. Dispon\u00edvel na loja oficial Lotusgrill, compre-o com total garantia e seguran\u00e7a.","breadcrumb":{"@id":"https:\/\/lotusgrill-online.es\/product\/lotusgrill-l-usb-hybrid-color-antracita\/#breadcrumb"},"inLanguage":"pt-PT","potentialAction":[{"@type":"ReadAction","target":["https:\/\/lotusgrill-online.es\/product\/lotusgrill-l-usb-hybrid-color-antracita\/"]}]},{"@type":"ImageObject","inLanguage":"pt-PT","@id":"https:\/\/lotusgrill-online.es\/product\/lotusgrill-l-usb-hybrid-color-antracita\/#primaryimage","url":"https:\/\/lotusgrill-online.es\/wp-content\/uploads\/2024\/11\/Hybrid_Classic_Giftbox-Top_V06.jpg","contentUrl":"https:\/\/lotusgrill-online.es\/wp-content\/uploads\/2024\/11\/Hybrid_Classic_Giftbox-Top_V06.jpg","width":1000,"height":992,"caption":"Barbacoa Hybrida gas y el\u00e9ctrica a carb\u00f3n sin humo LotusGrill L USB"},{"@type":"BreadcrumbList","@id":"https:\/\/lotusgrill-online.es\/product\/lotusgrill-l-usb-hybrid-color-antracita\/#breadcrumb","itemListElement":[{"@type":"ListItem","position":1,"name":"Portada","item":"https:\/\/lotusgrill-online.es\/"},{"@type":"ListItem","position":2,"name":"Shop","item":"https:\/\/lotusgrill-online.es\/shop-tienda-oficial-lotusgrill\/"},{"@type":"ListItem","position":3,"name":"LotusGrill L USB &#8211; Hybrid &#8211; Color Antracita"}]},{"@type":"WebSite","@id":"https:\/\/lotusgrill-online.es\/#website","url":"https:\/\/lotusgrill-online.es\/","name":"Lotusgrill-online","description":"lotusgrill-online.co.uk","potentialAction":[{"@type":"SearchAction","target":{"@type":"EntryPoint","urlTemplate":"https:\/\/lotusgrill-online.es\/?s={search_term_string}"},"query-input":{"@type":"PropertyValueSpecification","valueRequired":true,"valueName":"search_term_string"}}],"inLanguage":"pt-PT"}]}},"_links":{"self":[{"href":"https:\/\/lotusgrill-online.es\/pt\/wp-json\/wp\/v2\/product\/25453","targetHints":{"allow":["GET"]}}],"collection":[{"href":"https:\/\/lotusgrill-online.es\/pt\/wp-json\/wp\/v2\/product"}],"about":[{"href":"https:\/\/lotusgrill-online.es\/pt\/wp-json\/wp\/v2\/types\/product"}],"wp:featuredmedia":[{"embeddable":true,"href":"https:\/\/lotusgrill-online.es\/pt\/wp-json\/wp\/v2\/media\/25462"}],"wp:attachment":[{"href":"https:\/\/lotusgrill-online.es\/pt\/wp-json\/wp\/v2\/media?parent=25453"}],"wp:term":[{"taxonomy":"product_brand","embeddable":true,"href":"https:\/\/lotusgrill-online.es\/pt\/wp-json\/wp\/v2\/product_brand?post=25453"},{"taxonomy":"product_cat","embeddable":true,"href":"https:\/\/lotusgrill-online.es\/pt\/wp-json\/wp\/v2\/product_cat?post=25453"},{"taxonomy":"product_tag","embeddable":true,"href":"https:\/\/lotusgrill-online.es\/pt\/wp-json\/wp\/v2\/product_tag?post=25453"}],"curies":[{"name":"wp","href":"https:\/\/api.w.org\/{rel}","templated":true}]}}