{"id":25475,"date":"2024-11-12T16:10:27","date_gmt":"2024-11-12T16:10:27","guid":{"rendered":"https:\/\/lotusgrill-online.es\/?post_type=product&#038;p=25475"},"modified":"2024-11-12T16:10:44","modified_gmt":"2024-11-12T16:10:44","slug":"briquetas-de-categoria-superior","status":"publish","type":"product","link":"https:\/\/lotusgrill-online.es\/pt\/product\/briquetas-de-categoria-superior\/","title":{"rendered":"Briquetes superiores, 3Kg."},"content":{"rendered":"<ul>\n<li>Os briquetes de carv\u00e3o LotusGrill para grelhar t\u00eam uma forma especial para uma melhor distribui\u00e7\u00e3o do calor e uma grelha mais eficiente.<\/li>\n<li>O teor de carbono e o poder calor\u00edfico extremamente elevados permitem um tempo de igni\u00e7\u00e3o particularmente curto quando se utiliza um LotusGrill e brasas mais quentes e mais longas do que quando se utiliza carv\u00e3o vegetal ou briquetes convencionais.<\/li>\n<li>Os briquetes para grelhadores LotusGrill Superior s\u00e3o feitos de carv\u00e3o vegetal de faia, um produto natural.<\/li>\n<li>A madeira prov\u00e9m de florestas geridas de forma sustent\u00e1vel.<\/li>\n<li>Optimizado para utiliza\u00e7\u00e3o com o LotusGrill.<\/li>\n<li>A elevada densidade com uma estrutura homog\u00e9nea permite uma torrefa\u00e7\u00e3o muito longa e eficiente.<\/li>\n<\/ul>","protected":false},"excerpt":{"rendered":"<p>Las briquetas de carb\u00f3n LotusGrill para parrilla, tienen una forma de briqueta especial para una mejor distribuci\u00f3n del calor y un asado m\u00e1s eficiente. El contenido de carbono y el poder calor\u00edfico extremadamente altos permiten un tiempo de encendido especialmente corto cuando se utiliza un LotusGrill y brasas m\u00e1s calientes y m\u00e1s largas que cuando [&#8230;]\n","protected":false},"featured_media":25476,"template":"","meta":[],"product_brand":[],"product_cat":[203,223,237],"product_tag":[],"class_list":{"0":"post-25475","1":"product","2":"type-product","3":"status-publish","4":"has-post-thumbnail","6":"product_cat-accesorios","7":"product_cat-lotusgrill-complementos","8":"product_cat-carbon","10":"first","11":"instock","12":"taxable","13":"shipping-taxable","14":"purchasable","15":"product-type-simple"},"yoast_head":"<!-- This site is optimized with the Yoast SEO plugin v26.8 - https:\/\/yoast.com\/product\/yoast-seo-wordpress\/ -->\n<title>briquetas de carb\u00f3n Lotusgrill - lotusgrill-online.es<\/title>\n<meta name=\"description\" content=\"briquetas de carb\u00f3n Lotusgrill para parrilla, tienen una forma de briqueta especial para una mejor distribuci\u00f3n del calor y un asado m\u00e1s eficiente.\" \/>\n<meta name=\"robots\" content=\"index, follow, max-snippet:-1, max-image-preview:large, max-video-preview:-1\" \/>\n<link rel=\"canonical\" href=\"https:\/\/lotusgrill-online.es\/pt\/product\/briquetas-de-categoria-superior\/\" \/>\n<meta property=\"og:locale\" content=\"pt_PT\" \/>\n<meta property=\"og:type\" content=\"article\" \/>\n<meta property=\"og:title\" content=\"briquetas de carb\u00f3n Lotusgrill - lotusgrill-online.es\" \/>\n<meta property=\"og:description\" content=\"briquetas de carb\u00f3n Lotusgrill para parrilla, tienen una forma de briqueta especial para una mejor distribuci\u00f3n del calor y un asado m\u00e1s eficiente.\" \/>\n<meta property=\"og:url\" content=\"https:\/\/lotusgrill-online.es\/pt\/product\/briquetas-de-categoria-superior\/\" \/>\n<meta property=\"og:site_name\" content=\"lotusgrill-online.es\" \/>\n<meta property=\"article:modified_time\" content=\"2024-11-12T16:10:44+00:00\" \/>\n<meta property=\"og:image\" content=\"https:\/\/lotusgrill-online.es\/wp-content\/uploads\/2024\/11\/LB-3000.jpg\" \/>\n\t<meta property=\"og:image:width\" content=\"1000\" \/>\n\t<meta property=\"og:image:height\" content=\"1000\" \/>\n\t<meta property=\"og:image:type\" content=\"image\/jpeg\" \/>\n<meta name=\"twitter:card\" content=\"summary_large_image\" \/>\n<meta name=\"twitter:label1\" content=\"Tempo estimado de leitura\" \/>\n\t<meta name=\"twitter:data1\" content=\"1 minuto\" \/>\n<script type=\"application\/ld+json\" class=\"yoast-schema-graph\">{\"@context\":\"https:\/\/schema.org\",\"@graph\":[{\"@type\":\"WebPage\",\"@id\":\"https:\/\/lotusgrill-online.es\/product\/briquetas-de-categoria-superior\/\",\"url\":\"https:\/\/lotusgrill-online.es\/product\/briquetas-de-categoria-superior\/\",\"name\":\"briquetas de carb\u00f3n Lotusgrill - lotusgrill-online.es\",\"isPartOf\":{\"@id\":\"https:\/\/lotusgrill-online.es\/#website\"},\"primaryImageOfPage\":{\"@id\":\"https:\/\/lotusgrill-online.es\/product\/briquetas-de-categoria-superior\/#primaryimage\"},\"image\":{\"@id\":\"https:\/\/lotusgrill-online.es\/product\/briquetas-de-categoria-superior\/#primaryimage\"},\"thumbnailUrl\":\"https:\/\/lotusgrill-online.es\/wp-content\/uploads\/2024\/11\/LB-3000.jpg\",\"datePublished\":\"2024-11-12T16:10:27+00:00\",\"dateModified\":\"2024-11-12T16:10:44+00:00\",\"description\":\"briquetas de carb\u00f3n Lotusgrill para parrilla, tienen una forma de briqueta especial para una mejor distribuci\u00f3n del calor y un asado m\u00e1s eficiente.\",\"breadcrumb\":{\"@id\":\"https:\/\/lotusgrill-online.es\/product\/briquetas-de-categoria-superior\/#breadcrumb\"},\"inLanguage\":\"pt-PT\",\"potentialAction\":[{\"@type\":\"ReadAction\",\"target\":[\"https:\/\/lotusgrill-online.es\/product\/briquetas-de-categoria-superior\/\"]}]},{\"@type\":\"ImageObject\",\"inLanguage\":\"pt-PT\",\"@id\":\"https:\/\/lotusgrill-online.es\/product\/briquetas-de-categoria-superior\/#primaryimage\",\"url\":\"https:\/\/lotusgrill-online.es\/wp-content\/uploads\/2024\/11\/LB-3000.jpg\",\"contentUrl\":\"https:\/\/lotusgrill-online.es\/wp-content\/uploads\/2024\/11\/LB-3000.jpg\",\"width\":1000,\"height\":1000,\"caption\":\"Briquetas de carbon Lotusgrill\"},{\"@type\":\"BreadcrumbList\",\"@id\":\"https:\/\/lotusgrill-online.es\/product\/briquetas-de-categoria-superior\/#breadcrumb\",\"itemListElement\":[{\"@type\":\"ListItem\",\"position\":1,\"name\":\"Portada\",\"item\":\"https:\/\/lotusgrill-online.es\/\"},{\"@type\":\"ListItem\",\"position\":2,\"name\":\"Shop\",\"item\":\"https:\/\/lotusgrill-online.es\/shop-tienda-oficial-lotusgrill\/\"},{\"@type\":\"ListItem\",\"position\":3,\"name\":\"Briquetas de categor\u00eda superior, 3Kg.\"}]},{\"@type\":\"WebSite\",\"@id\":\"https:\/\/lotusgrill-online.es\/#website\",\"url\":\"https:\/\/lotusgrill-online.es\/\",\"name\":\"Lotusgrill-online\",\"description\":\"lotusgrill-online.es\",\"potentialAction\":[{\"@type\":\"SearchAction\",\"target\":{\"@type\":\"EntryPoint\",\"urlTemplate\":\"https:\/\/lotusgrill-online.es\/?s={search_term_string}\"},\"query-input\":{\"@type\":\"PropertyValueSpecification\",\"valueRequired\":true,\"valueName\":\"search_term_string\"}}],\"inLanguage\":\"pt-PT\"}]}<\/script>\n<!-- \/ Yoast SEO plugin. -->","yoast_head_json":{"title":"Briquetes de carv\u00e3o Lotusgrill - lotusgrill-online.co.uk","description":"Os briquetes de carv\u00e3o Lotusgrill para grelhar t\u00eam uma forma especial para uma melhor distribui\u00e7\u00e3o do calor e uma grelha mais eficiente.","robots":{"index":"index","follow":"follow","max-snippet":"max-snippet:-1","max-image-preview":"max-image-preview:large","max-video-preview":"max-video-preview:-1"},"canonical":"https:\/\/lotusgrill-online.es\/pt\/product\/briquetas-de-categoria-superior\/","og_locale":"pt_PT","og_type":"article","og_title":"briquetas de carb\u00f3n Lotusgrill - lotusgrill-online.es","og_description":"briquetas de carb\u00f3n Lotusgrill para parrilla, tienen una forma de briqueta especial para una mejor distribuci\u00f3n del calor y un asado m\u00e1s eficiente.","og_url":"https:\/\/lotusgrill-online.es\/pt\/product\/briquetas-de-categoria-superior\/","og_site_name":"lotusgrill-online.es","article_modified_time":"2024-11-12T16:10:44+00:00","og_image":[{"width":1000,"height":1000,"url":"https:\/\/lotusgrill-online.es\/wp-content\/uploads\/2024\/11\/LB-3000.jpg","type":"image\/jpeg"}],"twitter_card":"summary_large_image","twitter_misc":{"Tempo estimado de leitura":"1 minuto"},"schema":{"@context":"https:\/\/schema.org","@graph":[{"@type":"WebPage","@id":"https:\/\/lotusgrill-online.es\/product\/briquetas-de-categoria-superior\/","url":"https:\/\/lotusgrill-online.es\/product\/briquetas-de-categoria-superior\/","name":"Briquetes de carv\u00e3o Lotusgrill - lotusgrill-online.co.uk","isPartOf":{"@id":"https:\/\/lotusgrill-online.es\/#website"},"primaryImageOfPage":{"@id":"https:\/\/lotusgrill-online.es\/product\/briquetas-de-categoria-superior\/#primaryimage"},"image":{"@id":"https:\/\/lotusgrill-online.es\/product\/briquetas-de-categoria-superior\/#primaryimage"},"thumbnailUrl":"https:\/\/lotusgrill-online.es\/wp-content\/uploads\/2024\/11\/LB-3000.jpg","datePublished":"2024-11-12T16:10:27+00:00","dateModified":"2024-11-12T16:10:44+00:00","description":"Os briquetes de carv\u00e3o Lotusgrill para grelhar t\u00eam uma forma especial para uma melhor distribui\u00e7\u00e3o do calor e uma grelha mais eficiente.","breadcrumb":{"@id":"https:\/\/lotusgrill-online.es\/product\/briquetas-de-categoria-superior\/#breadcrumb"},"inLanguage":"pt-PT","potentialAction":[{"@type":"ReadAction","target":["https:\/\/lotusgrill-online.es\/product\/briquetas-de-categoria-superior\/"]}]},{"@type":"ImageObject","inLanguage":"pt-PT","@id":"https:\/\/lotusgrill-online.es\/product\/briquetas-de-categoria-superior\/#primaryimage","url":"https:\/\/lotusgrill-online.es\/wp-content\/uploads\/2024\/11\/LB-3000.jpg","contentUrl":"https:\/\/lotusgrill-online.es\/wp-content\/uploads\/2024\/11\/LB-3000.jpg","width":1000,"height":1000,"caption":"Briquetas de carbon Lotusgrill"},{"@type":"BreadcrumbList","@id":"https:\/\/lotusgrill-online.es\/product\/briquetas-de-categoria-superior\/#breadcrumb","itemListElement":[{"@type":"ListItem","position":1,"name":"Portada","item":"https:\/\/lotusgrill-online.es\/"},{"@type":"ListItem","position":2,"name":"Shop","item":"https:\/\/lotusgrill-online.es\/shop-tienda-oficial-lotusgrill\/"},{"@type":"ListItem","position":3,"name":"Briquetas de categor\u00eda superior, 3Kg."}]},{"@type":"WebSite","@id":"https:\/\/lotusgrill-online.es\/#website","url":"https:\/\/lotusgrill-online.es\/","name":"Lotusgrill-online","description":"lotusgrill-online.co.uk","potentialAction":[{"@type":"SearchAction","target":{"@type":"EntryPoint","urlTemplate":"https:\/\/lotusgrill-online.es\/?s={search_term_string}"},"query-input":{"@type":"PropertyValueSpecification","valueRequired":true,"valueName":"search_term_string"}}],"inLanguage":"pt-PT"}]}},"_links":{"self":[{"href":"https:\/\/lotusgrill-online.es\/pt\/wp-json\/wp\/v2\/product\/25475","targetHints":{"allow":["GET"]}}],"collection":[{"href":"https:\/\/lotusgrill-online.es\/pt\/wp-json\/wp\/v2\/product"}],"about":[{"href":"https:\/\/lotusgrill-online.es\/pt\/wp-json\/wp\/v2\/types\/product"}],"wp:featuredmedia":[{"embeddable":true,"href":"https:\/\/lotusgrill-online.es\/pt\/wp-json\/wp\/v2\/media\/25476"}],"wp:attachment":[{"href":"https:\/\/lotusgrill-online.es\/pt\/wp-json\/wp\/v2\/media?parent=25475"}],"wp:term":[{"taxonomy":"product_brand","embeddable":true,"href":"https:\/\/lotusgrill-online.es\/pt\/wp-json\/wp\/v2\/product_brand?post=25475"},{"taxonomy":"product_cat","embeddable":true,"href":"https:\/\/lotusgrill-online.es\/pt\/wp-json\/wp\/v2\/product_cat?post=25475"},{"taxonomy":"product_tag","embeddable":true,"href":"https:\/\/lotusgrill-online.es\/pt\/wp-json\/wp\/v2\/product_tag?post=25475"}],"curies":[{"name":"wp","href":"https:\/\/api.w.org\/{rel}","templated":true}]}}