{"id":25531,"date":"2025-02-13T17:38:41","date_gmt":"2025-02-13T17:38:41","guid":{"rendered":"https:\/\/lotusgrill-online.es\/?post_type=product&#038;p=25531"},"modified":"2025-02-14T10:53:21","modified_gmt":"2025-02-14T10:53:21","slug":"pack-oferta-bambu","status":"publish","type":"product","link":"https:\/\/lotusgrill-online.es\/pt\/product\/pack-oferta-bambu\/","title":{"rendered":"PACOTE DE BAMBU"},"content":{"rendered":"<p><strong>O pacote \u00e9 composto por:<\/strong><\/p>\n<ul>\n<li>Lotus Grill L, churrasqueira a carv\u00e3o quase sem fumo, carregador USB, para at\u00e9 4 pessoas, corpo em a\u00e7o inoxid\u00e1vel.<\/li>\n<li>Saco de transporte, cor Vermelho<\/li>\n<li>Briquetes superiores, 3Kg.<\/li>\n<li>Gel de bioetanol para acender LotusGrill. O gel para acender LotusGrill \u00e9 inofensivo, pelo que a sua utiliza\u00e7\u00e3o n\u00e3o afeta o sabor dos alimentos.<\/li>\n<li>Lou\u00e7a de bambu, ecol\u00f3gica e reutiliz\u00e1vel, adequada para m\u00e1quina de lavar lou\u00e7a: 2 pratos grandes, 2 pequenos, 2 ta\u00e7as e 2 copos, total de 8 pe\u00e7as<\/li>\n<\/ul>\n<p><strong>Poupan\u00e7a total: 44,80 \u20ac<\/strong><\/p>","protected":false},"excerpt":{"rendered":"<p>El pack esta compuesto por: Lotus Grill L, barbacoa de carb\u00f3n casi sin humos, cargador USB, para hasta 4 comensales, cuerpo de inox. Bolsa de transporte, color Rojo Briquetas de categor\u00eda superior, 3Kg. Gel Bioetanol de encendido LotusGrill. El gel de encendido LotusGrill es inocuo con lo que su uso no afecta al sabor de [&#8230;]\n","protected":false},"featured_media":25532,"template":"","meta":[],"product_brand":[],"product_cat":[240,199,203,223,237],"product_tag":[],"class_list":{"0":"post-25531","1":"product","2":"type-product","3":"status-publish","4":"has-post-thumbnail","6":"product_cat-ofertas","7":"product_cat-lotusgrill-l-hasta-4-comensales","8":"product_cat-accesorios","9":"product_cat-lotusgrill-complementos","10":"product_cat-carbon","12":"first","13":"instock","14":"sale","15":"taxable","16":"shipping-taxable","17":"purchasable","18":"product-type-simple"},"yoast_head":"<!-- This site is optimized with the Yoast SEO plugin v26.8 - https:\/\/yoast.com\/product\/yoast-seo-wordpress\/ -->\n<title>PACK BAMB\u00da - lotusgrill-online.es<\/title>\n<meta name=\"robots\" content=\"index, follow, max-snippet:-1, max-image-preview:large, max-video-preview:-1\" \/>\n<link rel=\"canonical\" href=\"https:\/\/lotusgrill-online.es\/pt\/product\/pack-oferta-bambu\/\" \/>\n<meta property=\"og:locale\" content=\"pt_PT\" \/>\n<meta property=\"og:type\" content=\"article\" \/>\n<meta property=\"og:title\" content=\"PACK BAMB\u00da - lotusgrill-online.es\" \/>\n<meta property=\"og:description\" content=\"El pack esta compuesto por: Lotus Grill L, barbacoa de carb\u00f3n casi sin humos, cargador USB, para hasta 4 comensales, cuerpo de inox. Bolsa de transporte, color Rojo Briquetas de categor\u00eda superior, 3Kg. Gel Bioetanol de encendido LotusGrill. El gel de encendido LotusGrill es inocuo con lo que su uso no afecta al sabor de [...]\" \/>\n<meta property=\"og:url\" content=\"https:\/\/lotusgrill-online.es\/pt\/product\/pack-oferta-bambu\/\" \/>\n<meta property=\"og:site_name\" content=\"lotusgrill-online.es\" \/>\n<meta property=\"article:modified_time\" content=\"2025-02-14T10:53:21+00:00\" \/>\n<meta property=\"og:image\" content=\"https:\/\/lotusgrill-online.es\/wp-content\/uploads\/2025\/02\/Pack-Bambu.jpg\" \/>\n\t<meta property=\"og:image:width\" content=\"800\" \/>\n\t<meta property=\"og:image:height\" content=\"800\" \/>\n\t<meta property=\"og:image:type\" content=\"image\/jpeg\" \/>\n<meta name=\"twitter:card\" content=\"summary_large_image\" \/>\n<meta name=\"twitter:label1\" content=\"Tempo estimado de leitura\" \/>\n\t<meta name=\"twitter:data1\" content=\"1 minuto\" \/>\n<script type=\"application\/ld+json\" class=\"yoast-schema-graph\">{\"@context\":\"https:\/\/schema.org\",\"@graph\":[{\"@type\":\"WebPage\",\"@id\":\"https:\/\/lotusgrill-online.es\/product\/pack-oferta-bambu\/\",\"url\":\"https:\/\/lotusgrill-online.es\/product\/pack-oferta-bambu\/\",\"name\":\"PACK BAMB\u00da - lotusgrill-online.es\",\"isPartOf\":{\"@id\":\"https:\/\/lotusgrill-online.es\/#website\"},\"primaryImageOfPage\":{\"@id\":\"https:\/\/lotusgrill-online.es\/product\/pack-oferta-bambu\/#primaryimage\"},\"image\":{\"@id\":\"https:\/\/lotusgrill-online.es\/product\/pack-oferta-bambu\/#primaryimage\"},\"thumbnailUrl\":\"https:\/\/lotusgrill-online.es\/wp-content\/uploads\/2025\/02\/Pack-Bambu.jpg\",\"datePublished\":\"2025-02-13T17:38:41+00:00\",\"dateModified\":\"2025-02-14T10:53:21+00:00\",\"breadcrumb\":{\"@id\":\"https:\/\/lotusgrill-online.es\/product\/pack-oferta-bambu\/#breadcrumb\"},\"inLanguage\":\"pt-PT\",\"potentialAction\":[{\"@type\":\"ReadAction\",\"target\":[\"https:\/\/lotusgrill-online.es\/product\/pack-oferta-bambu\/\"]}]},{\"@type\":\"ImageObject\",\"inLanguage\":\"pt-PT\",\"@id\":\"https:\/\/lotusgrill-online.es\/product\/pack-oferta-bambu\/#primaryimage\",\"url\":\"https:\/\/lotusgrill-online.es\/wp-content\/uploads\/2025\/02\/Pack-Bambu.jpg\",\"contentUrl\":\"https:\/\/lotusgrill-online.es\/wp-content\/uploads\/2025\/02\/Pack-Bambu.jpg\",\"width\":800,\"height\":800,\"caption\":\"Pack Oferta Lotusgrill\"},{\"@type\":\"BreadcrumbList\",\"@id\":\"https:\/\/lotusgrill-online.es\/product\/pack-oferta-bambu\/#breadcrumb\",\"itemListElement\":[{\"@type\":\"ListItem\",\"position\":1,\"name\":\"Portada\",\"item\":\"https:\/\/lotusgrill-online.es\/\"},{\"@type\":\"ListItem\",\"position\":2,\"name\":\"Shop\",\"item\":\"https:\/\/lotusgrill-online.es\/shop-tienda-oficial-lotusgrill\/\"},{\"@type\":\"ListItem\",\"position\":3,\"name\":\"PACK BAMB\u00da\"}]},{\"@type\":\"WebSite\",\"@id\":\"https:\/\/lotusgrill-online.es\/#website\",\"url\":\"https:\/\/lotusgrill-online.es\/\",\"name\":\"Lotusgrill-online\",\"description\":\"lotusgrill-online.es\",\"potentialAction\":[{\"@type\":\"SearchAction\",\"target\":{\"@type\":\"EntryPoint\",\"urlTemplate\":\"https:\/\/lotusgrill-online.es\/?s={search_term_string}\"},\"query-input\":{\"@type\":\"PropertyValueSpecification\",\"valueRequired\":true,\"valueName\":\"search_term_string\"}}],\"inLanguage\":\"pt-PT\"}]}<\/script>\n<!-- \/ Yoast SEO plugin. -->","yoast_head_json":{"title":"PACOTE BAMBU - lotusgrill-online.es","robots":{"index":"index","follow":"follow","max-snippet":"max-snippet:-1","max-image-preview":"max-image-preview:large","max-video-preview":"max-video-preview:-1"},"canonical":"https:\/\/lotusgrill-online.es\/pt\/product\/pack-oferta-bambu\/","og_locale":"pt_PT","og_type":"article","og_title":"PACK BAMB\u00da - lotusgrill-online.es","og_description":"El pack esta compuesto por: Lotus Grill L, barbacoa de carb\u00f3n casi sin humos, cargador USB, para hasta 4 comensales, cuerpo de inox. Bolsa de transporte, color Rojo Briquetas de categor\u00eda superior, 3Kg. Gel Bioetanol de encendido LotusGrill. El gel de encendido LotusGrill es inocuo con lo que su uso no afecta al sabor de [...]","og_url":"https:\/\/lotusgrill-online.es\/pt\/product\/pack-oferta-bambu\/","og_site_name":"lotusgrill-online.es","article_modified_time":"2025-02-14T10:53:21+00:00","og_image":[{"width":800,"height":800,"url":"https:\/\/lotusgrill-online.es\/wp-content\/uploads\/2025\/02\/Pack-Bambu.jpg","type":"image\/jpeg"}],"twitter_card":"summary_large_image","twitter_misc":{"Tempo estimado de leitura":"1 minuto"},"schema":{"@context":"https:\/\/schema.org","@graph":[{"@type":"WebPage","@id":"https:\/\/lotusgrill-online.es\/product\/pack-oferta-bambu\/","url":"https:\/\/lotusgrill-online.es\/product\/pack-oferta-bambu\/","name":"PACOTE BAMBU - lotusgrill-online.es","isPartOf":{"@id":"https:\/\/lotusgrill-online.es\/#website"},"primaryImageOfPage":{"@id":"https:\/\/lotusgrill-online.es\/product\/pack-oferta-bambu\/#primaryimage"},"image":{"@id":"https:\/\/lotusgrill-online.es\/product\/pack-oferta-bambu\/#primaryimage"},"thumbnailUrl":"https:\/\/lotusgrill-online.es\/wp-content\/uploads\/2025\/02\/Pack-Bambu.jpg","datePublished":"2025-02-13T17:38:41+00:00","dateModified":"2025-02-14T10:53:21+00:00","breadcrumb":{"@id":"https:\/\/lotusgrill-online.es\/product\/pack-oferta-bambu\/#breadcrumb"},"inLanguage":"pt-PT","potentialAction":[{"@type":"ReadAction","target":["https:\/\/lotusgrill-online.es\/product\/pack-oferta-bambu\/"]}]},{"@type":"ImageObject","inLanguage":"pt-PT","@id":"https:\/\/lotusgrill-online.es\/product\/pack-oferta-bambu\/#primaryimage","url":"https:\/\/lotusgrill-online.es\/wp-content\/uploads\/2025\/02\/Pack-Bambu.jpg","contentUrl":"https:\/\/lotusgrill-online.es\/wp-content\/uploads\/2025\/02\/Pack-Bambu.jpg","width":800,"height":800,"caption":"Pack Oferta Lotusgrill"},{"@type":"BreadcrumbList","@id":"https:\/\/lotusgrill-online.es\/product\/pack-oferta-bambu\/#breadcrumb","itemListElement":[{"@type":"ListItem","position":1,"name":"Portada","item":"https:\/\/lotusgrill-online.es\/"},{"@type":"ListItem","position":2,"name":"Shop","item":"https:\/\/lotusgrill-online.es\/shop-tienda-oficial-lotusgrill\/"},{"@type":"ListItem","position":3,"name":"PACK BAMB\u00da"}]},{"@type":"WebSite","@id":"https:\/\/lotusgrill-online.es\/#website","url":"https:\/\/lotusgrill-online.es\/","name":"Lotusgrill-online","description":"lotusgrill-online.co.uk","potentialAction":[{"@type":"SearchAction","target":{"@type":"EntryPoint","urlTemplate":"https:\/\/lotusgrill-online.es\/?s={search_term_string}"},"query-input":{"@type":"PropertyValueSpecification","valueRequired":true,"valueName":"search_term_string"}}],"inLanguage":"pt-PT"}]}},"_links":{"self":[{"href":"https:\/\/lotusgrill-online.es\/pt\/wp-json\/wp\/v2\/product\/25531","targetHints":{"allow":["GET"]}}],"collection":[{"href":"https:\/\/lotusgrill-online.es\/pt\/wp-json\/wp\/v2\/product"}],"about":[{"href":"https:\/\/lotusgrill-online.es\/pt\/wp-json\/wp\/v2\/types\/product"}],"wp:featuredmedia":[{"embeddable":true,"href":"https:\/\/lotusgrill-online.es\/pt\/wp-json\/wp\/v2\/media\/25532"}],"wp:attachment":[{"href":"https:\/\/lotusgrill-online.es\/pt\/wp-json\/wp\/v2\/media?parent=25531"}],"wp:term":[{"taxonomy":"product_brand","embeddable":true,"href":"https:\/\/lotusgrill-online.es\/pt\/wp-json\/wp\/v2\/product_brand?post=25531"},{"taxonomy":"product_cat","embeddable":true,"href":"https:\/\/lotusgrill-online.es\/pt\/wp-json\/wp\/v2\/product_cat?post=25531"},{"taxonomy":"product_tag","embeddable":true,"href":"https:\/\/lotusgrill-online.es\/pt\/wp-json\/wp\/v2\/product_tag?post=25531"}],"curies":[{"name":"wp","href":"https:\/\/api.w.org\/{rel}","templated":true}]}}