{"id":25552,"date":"2025-02-14T10:08:11","date_gmt":"2025-02-14T10:08:11","guid":{"rendered":"https:\/\/lotusgrill-online.es\/?post_type=product&#038;p=25552"},"modified":"2025-02-14T10:55:03","modified_gmt":"2025-02-14T10:55:03","slug":"pack-camping","status":"publish","type":"product","link":"https:\/\/lotusgrill-online.es\/pt\/product\/pack-camping\/","title":{"rendered":"PACOTE DE CAMPISMO"},"content":{"rendered":"<ul>\n<li>Churrasqueira Lotusgrill Compact S cor vermelha. Churrasqueira a carv\u00e3o quase sem fumo, carregador USB, corpo em a\u00e7o inoxid\u00e1vel. At\u00e9 2 pessoas.<\/li>\n<li>Saco de transporte<\/li>\n<li>Trip\u00e9 Inox Lotus Grill. Adequado para todos os grelhadores Lotusgrill,<\/li>\n<li>Briquetes superiores, 3Kg.<\/li>\n<li>Gel de bioetanol para acender LotusGrill. O gel para acender LotusGrill \u00e9 inofensivo, pelo que a sua utiliza\u00e7\u00e3o n\u00e3o afeta o sabor dos alimentos.<\/li>\n<\/ul>\n<p><strong>Poupan\u00e7a total: 25,5 \u20ac<\/strong><\/p>\n<p>&nbsp;<\/p>","protected":false},"excerpt":{"rendered":"<p>Barbacoa Lotusgrill Compact S color Rojo. Barbacoa de carb\u00f3n casi sin humos, cargador USB, cuerpo de inox. hasta 2 comensales. Bolsa de transporte Tr\u00edpode Inox Lotus Grill. Apto para todas las barbacoas Lotusgrill, Briquetas de categor\u00eda superior, 3Kg. Gel Bioetanol de encendido LotusGrill. El gel de encendido LotusGrill es inocuo con lo que su uso [&#8230;]\n","protected":false},"featured_media":25543,"template":"","meta":[],"product_brand":[],"product_cat":[240,202,203,233],"product_tag":[],"class_list":{"0":"post-25552","1":"product","2":"type-product","3":"status-publish","4":"has-post-thumbnail","6":"product_cat-ofertas","7":"product_cat-lotusgrill-mini-hasta-2-comensales","8":"product_cat-accesorios","9":"product_cat-funda-lotusgrill","11":"first","12":"instock","13":"sale","14":"taxable","15":"shipping-taxable","16":"purchasable","17":"product-type-simple"},"yoast_head":"<!-- This site is optimized with the Yoast SEO plugin v26.8 - https:\/\/yoast.com\/product\/yoast-seo-wordpress\/ -->\n<title>PACK CAMPING - lotusgrill-online.es<\/title>\n<meta name=\"robots\" content=\"index, follow, max-snippet:-1, max-image-preview:large, max-video-preview:-1\" \/>\n<link rel=\"canonical\" href=\"https:\/\/lotusgrill-online.es\/pt\/product\/pack-camping\/\" \/>\n<meta property=\"og:locale\" content=\"pt_PT\" \/>\n<meta property=\"og:type\" content=\"article\" \/>\n<meta property=\"og:title\" content=\"PACK CAMPING - lotusgrill-online.es\" \/>\n<meta property=\"og:description\" content=\"Barbacoa Lotusgrill Compact S color Rojo. Barbacoa de carb\u00f3n casi sin humos, cargador USB, cuerpo de inox. hasta 2 comensales. Bolsa de transporte Tr\u00edpode Inox Lotus Grill. Apto para todas las barbacoas Lotusgrill, Briquetas de categor\u00eda superior, 3Kg. Gel Bioetanol de encendido LotusGrill. El gel de encendido LotusGrill es inocuo con lo que su uso [...]\" \/>\n<meta property=\"og:url\" content=\"https:\/\/lotusgrill-online.es\/pt\/product\/pack-camping\/\" \/>\n<meta property=\"og:site_name\" content=\"lotusgrill-online.es\" \/>\n<meta property=\"article:modified_time\" content=\"2025-02-14T10:55:03+00:00\" \/>\n<meta property=\"og:image\" content=\"https:\/\/lotusgrill-online.es\/wp-content\/uploads\/2025\/02\/Pack-Camping-Bambu-Trip.jpg\" \/>\n\t<meta property=\"og:image:width\" content=\"800\" \/>\n\t<meta property=\"og:image:height\" content=\"800\" \/>\n\t<meta property=\"og:image:type\" content=\"image\/jpeg\" \/>\n<meta name=\"twitter:card\" content=\"summary_large_image\" \/>\n<meta name=\"twitter:label1\" content=\"Tempo estimado de leitura\" \/>\n\t<meta name=\"twitter:data1\" content=\"1 minuto\" \/>\n<script type=\"application\/ld+json\" class=\"yoast-schema-graph\">{\"@context\":\"https:\/\/schema.org\",\"@graph\":[{\"@type\":\"WebPage\",\"@id\":\"https:\/\/lotusgrill-online.es\/product\/pack-camping\/\",\"url\":\"https:\/\/lotusgrill-online.es\/product\/pack-camping\/\",\"name\":\"PACK CAMPING - lotusgrill-online.es\",\"isPartOf\":{\"@id\":\"https:\/\/lotusgrill-online.es\/#website\"},\"primaryImageOfPage\":{\"@id\":\"https:\/\/lotusgrill-online.es\/product\/pack-camping\/#primaryimage\"},\"image\":{\"@id\":\"https:\/\/lotusgrill-online.es\/product\/pack-camping\/#primaryimage\"},\"thumbnailUrl\":\"https:\/\/lotusgrill-online.es\/wp-content\/uploads\/2025\/02\/Pack-Camping-Bambu-Trip.jpg\",\"datePublished\":\"2025-02-14T10:08:11+00:00\",\"dateModified\":\"2025-02-14T10:55:03+00:00\",\"breadcrumb\":{\"@id\":\"https:\/\/lotusgrill-online.es\/product\/pack-camping\/#breadcrumb\"},\"inLanguage\":\"pt-PT\",\"potentialAction\":[{\"@type\":\"ReadAction\",\"target\":[\"https:\/\/lotusgrill-online.es\/product\/pack-camping\/\"]}]},{\"@type\":\"ImageObject\",\"inLanguage\":\"pt-PT\",\"@id\":\"https:\/\/lotusgrill-online.es\/product\/pack-camping\/#primaryimage\",\"url\":\"https:\/\/lotusgrill-online.es\/wp-content\/uploads\/2025\/02\/Pack-Camping-Bambu-Trip.jpg\",\"contentUrl\":\"https:\/\/lotusgrill-online.es\/wp-content\/uploads\/2025\/02\/Pack-Camping-Bambu-Trip.jpg\",\"width\":800,\"height\":800},{\"@type\":\"BreadcrumbList\",\"@id\":\"https:\/\/lotusgrill-online.es\/product\/pack-camping\/#breadcrumb\",\"itemListElement\":[{\"@type\":\"ListItem\",\"position\":1,\"name\":\"Portada\",\"item\":\"https:\/\/lotusgrill-online.es\/\"},{\"@type\":\"ListItem\",\"position\":2,\"name\":\"Shop\",\"item\":\"https:\/\/lotusgrill-online.es\/shop-tienda-oficial-lotusgrill\/\"},{\"@type\":\"ListItem\",\"position\":3,\"name\":\"PACK CAMPING\"}]},{\"@type\":\"WebSite\",\"@id\":\"https:\/\/lotusgrill-online.es\/#website\",\"url\":\"https:\/\/lotusgrill-online.es\/\",\"name\":\"Lotusgrill-online\",\"description\":\"lotusgrill-online.es\",\"potentialAction\":[{\"@type\":\"SearchAction\",\"target\":{\"@type\":\"EntryPoint\",\"urlTemplate\":\"https:\/\/lotusgrill-online.es\/?s={search_term_string}\"},\"query-input\":{\"@type\":\"PropertyValueSpecification\",\"valueRequired\":true,\"valueName\":\"search_term_string\"}}],\"inLanguage\":\"pt-PT\"}]}<\/script>\n<!-- \/ Yoast SEO plugin. -->","yoast_head_json":{"title":"PACK CAMPING - lotusgrill-online.es","robots":{"index":"index","follow":"follow","max-snippet":"max-snippet:-1","max-image-preview":"max-image-preview:large","max-video-preview":"max-video-preview:-1"},"canonical":"https:\/\/lotusgrill-online.es\/pt\/product\/pack-camping\/","og_locale":"pt_PT","og_type":"article","og_title":"PACK CAMPING - lotusgrill-online.es","og_description":"Barbacoa Lotusgrill Compact S color Rojo. Barbacoa de carb\u00f3n casi sin humos, cargador USB, cuerpo de inox. hasta 2 comensales. Bolsa de transporte Tr\u00edpode Inox Lotus Grill. Apto para todas las barbacoas Lotusgrill, Briquetas de categor\u00eda superior, 3Kg. Gel Bioetanol de encendido LotusGrill. El gel de encendido LotusGrill es inocuo con lo que su uso [...]","og_url":"https:\/\/lotusgrill-online.es\/pt\/product\/pack-camping\/","og_site_name":"lotusgrill-online.es","article_modified_time":"2025-02-14T10:55:03+00:00","og_image":[{"width":800,"height":800,"url":"https:\/\/lotusgrill-online.es\/wp-content\/uploads\/2025\/02\/Pack-Camping-Bambu-Trip.jpg","type":"image\/jpeg"}],"twitter_card":"summary_large_image","twitter_misc":{"Tempo estimado de leitura":"1 minuto"},"schema":{"@context":"https:\/\/schema.org","@graph":[{"@type":"WebPage","@id":"https:\/\/lotusgrill-online.es\/product\/pack-camping\/","url":"https:\/\/lotusgrill-online.es\/product\/pack-camping\/","name":"PACK CAMPING - lotusgrill-online.es","isPartOf":{"@id":"https:\/\/lotusgrill-online.es\/#website"},"primaryImageOfPage":{"@id":"https:\/\/lotusgrill-online.es\/product\/pack-camping\/#primaryimage"},"image":{"@id":"https:\/\/lotusgrill-online.es\/product\/pack-camping\/#primaryimage"},"thumbnailUrl":"https:\/\/lotusgrill-online.es\/wp-content\/uploads\/2025\/02\/Pack-Camping-Bambu-Trip.jpg","datePublished":"2025-02-14T10:08:11+00:00","dateModified":"2025-02-14T10:55:03+00:00","breadcrumb":{"@id":"https:\/\/lotusgrill-online.es\/product\/pack-camping\/#breadcrumb"},"inLanguage":"pt-PT","potentialAction":[{"@type":"ReadAction","target":["https:\/\/lotusgrill-online.es\/product\/pack-camping\/"]}]},{"@type":"ImageObject","inLanguage":"pt-PT","@id":"https:\/\/lotusgrill-online.es\/product\/pack-camping\/#primaryimage","url":"https:\/\/lotusgrill-online.es\/wp-content\/uploads\/2025\/02\/Pack-Camping-Bambu-Trip.jpg","contentUrl":"https:\/\/lotusgrill-online.es\/wp-content\/uploads\/2025\/02\/Pack-Camping-Bambu-Trip.jpg","width":800,"height":800},{"@type":"BreadcrumbList","@id":"https:\/\/lotusgrill-online.es\/product\/pack-camping\/#breadcrumb","itemListElement":[{"@type":"ListItem","position":1,"name":"Portada","item":"https:\/\/lotusgrill-online.es\/"},{"@type":"ListItem","position":2,"name":"Shop","item":"https:\/\/lotusgrill-online.es\/shop-tienda-oficial-lotusgrill\/"},{"@type":"ListItem","position":3,"name":"PACK CAMPING"}]},{"@type":"WebSite","@id":"https:\/\/lotusgrill-online.es\/#website","url":"https:\/\/lotusgrill-online.es\/","name":"Lotusgrill-online","description":"lotusgrill-online.co.uk","potentialAction":[{"@type":"SearchAction","target":{"@type":"EntryPoint","urlTemplate":"https:\/\/lotusgrill-online.es\/?s={search_term_string}"},"query-input":{"@type":"PropertyValueSpecification","valueRequired":true,"valueName":"search_term_string"}}],"inLanguage":"pt-PT"}]}},"_links":{"self":[{"href":"https:\/\/lotusgrill-online.es\/pt\/wp-json\/wp\/v2\/product\/25552","targetHints":{"allow":["GET"]}}],"collection":[{"href":"https:\/\/lotusgrill-online.es\/pt\/wp-json\/wp\/v2\/product"}],"about":[{"href":"https:\/\/lotusgrill-online.es\/pt\/wp-json\/wp\/v2\/types\/product"}],"wp:featuredmedia":[{"embeddable":true,"href":"https:\/\/lotusgrill-online.es\/pt\/wp-json\/wp\/v2\/media\/25543"}],"wp:attachment":[{"href":"https:\/\/lotusgrill-online.es\/pt\/wp-json\/wp\/v2\/media?parent=25552"}],"wp:term":[{"taxonomy":"product_brand","embeddable":true,"href":"https:\/\/lotusgrill-online.es\/pt\/wp-json\/wp\/v2\/product_brand?post=25552"},{"taxonomy":"product_cat","embeddable":true,"href":"https:\/\/lotusgrill-online.es\/pt\/wp-json\/wp\/v2\/product_cat?post=25552"},{"taxonomy":"product_tag","embeddable":true,"href":"https:\/\/lotusgrill-online.es\/pt\/wp-json\/wp\/v2\/product_tag?post=25552"}],"curies":[{"name":"wp","href":"https:\/\/api.w.org\/{rel}","templated":true}]}}