{"id":25556,"date":"2025-02-14T10:48:47","date_gmt":"2025-02-14T10:48:47","guid":{"rendered":"https:\/\/lotusgrill-online.es\/?post_type=product&#038;p=25556"},"modified":"2025-02-14T11:41:05","modified_gmt":"2025-02-14T11:41:05","slug":"pack-paella","status":"publish","type":"product","link":"https:\/\/lotusgrill-online.es\/pt\/product\/pack-paella\/","title":{"rendered":"PACOTE PAINHA"},"content":{"rendered":"<ul>\n<li>Churrasqueira Lotusgrill  L USB \u2013 H\u00edbrida \u2013 Cor Antracite, churrasqueira a carv\u00e3o quase sem fumo, carregador USB e adequada para g\u00e1s. At\u00e9 4 pessoas, corpo em a\u00e7o inoxid\u00e1vel.<\/li>\n<li>Saco de transporte<\/li>\n<li>Trip\u00e9 em a\u00e7o inoxid\u00e1vel Lotus Grill. Adequado para todos os grelhadores Lotusgrill.<\/li>\n<li>Paella em a\u00e7o inoxid\u00e1vel, 1\u00aa qualidade, com tamanho ajustado \u00e0 churrasqueira.<\/li>\n<li>Frigideira para castanhas em a\u00e7o inoxid\u00e1vel de primeira qualidade, com tamanho adequado para churrasqueira.<\/li>\n<li>Briquetes superiores, 3Kg.<\/li>\n<li>Gel de bioetanol para acender LotusGrill. O gel para acender LotusGrill \u00e9 inofensivo, pelo que a sua utiliza\u00e7\u00e3o n\u00e3o afeta o sabor dos alimentos.<\/li>\n<li>Cr\u00e9dito de 12 \u20ac para que possa comprar a mini botija de g\u00e1s<\/li>\n<\/ul>\n<p><strong>Poupan\u00e7a total: 26,9 \u20ac<\/strong><\/p>\n<p>&nbsp;<\/p>","protected":false},"excerpt":{"rendered":"<p>Barbacoa Lotusgrill \u00a0L USB \u2013 Hybrid \u2013 Color Antracita, barbacoa de carb\u00f3n casi sin humos, cargador USB, y apta para gas. Hasta 4 comensales, cuerpo de inox Bolsa de transporte Tr\u00edpode Inox Lotus Grill. Apto para todas las barbacoas Lotusgrill. Paella en Inox, 1\u00aa calidad, a tama\u00f1o ajustado a la barbacoa. Sart\u00e9n casta\u00f1era en Inox [&#8230;]\n","protected":false},"featured_media":25541,"template":"","meta":[],"product_brand":[],"product_cat":[240,236,203,237],"product_tag":[],"class_list":{"0":"post-25556","1":"product","2":"type-product","3":"status-publish","4":"has-post-thumbnail","6":"product_cat-ofertas","7":"product_cat-hybrid","8":"product_cat-accesorios","9":"product_cat-carbon","11":"first","12":"instock","13":"sale","14":"taxable","15":"shipping-taxable","16":"purchasable","17":"product-type-simple"},"yoast_head":"<!-- This site is optimized with the Yoast SEO plugin v26.8 - https:\/\/yoast.com\/product\/yoast-seo-wordpress\/ -->\n<title>PACK PAELLA - lotusgrill-online.es<\/title>\n<meta name=\"robots\" content=\"index, follow, max-snippet:-1, max-image-preview:large, max-video-preview:-1\" \/>\n<link rel=\"canonical\" href=\"https:\/\/lotusgrill-online.es\/pt\/product\/pack-paella\/\" \/>\n<meta property=\"og:locale\" content=\"pt_PT\" \/>\n<meta property=\"og:type\" content=\"article\" \/>\n<meta property=\"og:title\" content=\"PACK PAELLA - lotusgrill-online.es\" \/>\n<meta property=\"og:description\" content=\"Barbacoa Lotusgrill \u00a0L USB \u2013 Hybrid \u2013 Color Antracita, barbacoa de carb\u00f3n casi sin humos, cargador USB, y apta para gas. Hasta 4 comensales, cuerpo de inox Bolsa de transporte Tr\u00edpode Inox Lotus Grill. Apto para todas las barbacoas Lotusgrill. Paella en Inox, 1\u00aa calidad, a tama\u00f1o ajustado a la barbacoa. Sart\u00e9n casta\u00f1era en Inox [...]\" \/>\n<meta property=\"og:url\" content=\"https:\/\/lotusgrill-online.es\/pt\/product\/pack-paella\/\" \/>\n<meta property=\"og:site_name\" content=\"lotusgrill-online.es\" \/>\n<meta property=\"article:modified_time\" content=\"2025-02-14T11:41:05+00:00\" \/>\n<meta property=\"og:image\" content=\"https:\/\/lotusgrill-online.es\/wp-content\/uploads\/2025\/02\/Pack-Paella.jpg\" \/>\n\t<meta property=\"og:image:width\" content=\"800\" \/>\n\t<meta property=\"og:image:height\" content=\"800\" \/>\n\t<meta property=\"og:image:type\" content=\"image\/jpeg\" \/>\n<meta name=\"twitter:card\" content=\"summary_large_image\" \/>\n<meta name=\"twitter:label1\" content=\"Tempo estimado de leitura\" \/>\n\t<meta name=\"twitter:data1\" content=\"1 minuto\" \/>\n<script type=\"application\/ld+json\" class=\"yoast-schema-graph\">{\"@context\":\"https:\/\/schema.org\",\"@graph\":[{\"@type\":\"WebPage\",\"@id\":\"https:\/\/lotusgrill-online.es\/product\/pack-paella\/\",\"url\":\"https:\/\/lotusgrill-online.es\/product\/pack-paella\/\",\"name\":\"PACK PAELLA - lotusgrill-online.es\",\"isPartOf\":{\"@id\":\"https:\/\/lotusgrill-online.es\/#website\"},\"primaryImageOfPage\":{\"@id\":\"https:\/\/lotusgrill-online.es\/product\/pack-paella\/#primaryimage\"},\"image\":{\"@id\":\"https:\/\/lotusgrill-online.es\/product\/pack-paella\/#primaryimage\"},\"thumbnailUrl\":\"https:\/\/lotusgrill-online.es\/wp-content\/uploads\/2025\/02\/Pack-Paella.jpg\",\"datePublished\":\"2025-02-14T10:48:47+00:00\",\"dateModified\":\"2025-02-14T11:41:05+00:00\",\"breadcrumb\":{\"@id\":\"https:\/\/lotusgrill-online.es\/product\/pack-paella\/#breadcrumb\"},\"inLanguage\":\"pt-PT\",\"potentialAction\":[{\"@type\":\"ReadAction\",\"target\":[\"https:\/\/lotusgrill-online.es\/product\/pack-paella\/\"]}]},{\"@type\":\"ImageObject\",\"inLanguage\":\"pt-PT\",\"@id\":\"https:\/\/lotusgrill-online.es\/product\/pack-paella\/#primaryimage\",\"url\":\"https:\/\/lotusgrill-online.es\/wp-content\/uploads\/2025\/02\/Pack-Paella.jpg\",\"contentUrl\":\"https:\/\/lotusgrill-online.es\/wp-content\/uploads\/2025\/02\/Pack-Paella.jpg\",\"width\":800,\"height\":800},{\"@type\":\"BreadcrumbList\",\"@id\":\"https:\/\/lotusgrill-online.es\/product\/pack-paella\/#breadcrumb\",\"itemListElement\":[{\"@type\":\"ListItem\",\"position\":1,\"name\":\"Portada\",\"item\":\"https:\/\/lotusgrill-online.es\/\"},{\"@type\":\"ListItem\",\"position\":2,\"name\":\"Shop\",\"item\":\"https:\/\/lotusgrill-online.es\/shop-tienda-oficial-lotusgrill\/\"},{\"@type\":\"ListItem\",\"position\":3,\"name\":\"PACK PAELLA\"}]},{\"@type\":\"WebSite\",\"@id\":\"https:\/\/lotusgrill-online.es\/#website\",\"url\":\"https:\/\/lotusgrill-online.es\/\",\"name\":\"Lotusgrill-online\",\"description\":\"lotusgrill-online.es\",\"potentialAction\":[{\"@type\":\"SearchAction\",\"target\":{\"@type\":\"EntryPoint\",\"urlTemplate\":\"https:\/\/lotusgrill-online.es\/?s={search_term_string}\"},\"query-input\":{\"@type\":\"PropertyValueSpecification\",\"valueRequired\":true,\"valueName\":\"search_term_string\"}}],\"inLanguage\":\"pt-PT\"}]}<\/script>\n<!-- \/ Yoast SEO plugin. -->","yoast_head_json":{"title":"PACOTE PAELLA - lotusgrill-online.es","robots":{"index":"index","follow":"follow","max-snippet":"max-snippet:-1","max-image-preview":"max-image-preview:large","max-video-preview":"max-video-preview:-1"},"canonical":"https:\/\/lotusgrill-online.es\/pt\/product\/pack-paella\/","og_locale":"pt_PT","og_type":"article","og_title":"PACK PAELLA - lotusgrill-online.es","og_description":"Barbacoa Lotusgrill \u00a0L USB \u2013 Hybrid \u2013 Color Antracita, barbacoa de carb\u00f3n casi sin humos, cargador USB, y apta para gas. Hasta 4 comensales, cuerpo de inox Bolsa de transporte Tr\u00edpode Inox Lotus Grill. Apto para todas las barbacoas Lotusgrill. Paella en Inox, 1\u00aa calidad, a tama\u00f1o ajustado a la barbacoa. Sart\u00e9n casta\u00f1era en Inox [...]","og_url":"https:\/\/lotusgrill-online.es\/pt\/product\/pack-paella\/","og_site_name":"lotusgrill-online.es","article_modified_time":"2025-02-14T11:41:05+00:00","og_image":[{"width":800,"height":800,"url":"https:\/\/lotusgrill-online.es\/wp-content\/uploads\/2025\/02\/Pack-Paella.jpg","type":"image\/jpeg"}],"twitter_card":"summary_large_image","twitter_misc":{"Tempo estimado de leitura":"1 minuto"},"schema":{"@context":"https:\/\/schema.org","@graph":[{"@type":"WebPage","@id":"https:\/\/lotusgrill-online.es\/product\/pack-paella\/","url":"https:\/\/lotusgrill-online.es\/product\/pack-paella\/","name":"PACOTE PAELLA - lotusgrill-online.es","isPartOf":{"@id":"https:\/\/lotusgrill-online.es\/#website"},"primaryImageOfPage":{"@id":"https:\/\/lotusgrill-online.es\/product\/pack-paella\/#primaryimage"},"image":{"@id":"https:\/\/lotusgrill-online.es\/product\/pack-paella\/#primaryimage"},"thumbnailUrl":"https:\/\/lotusgrill-online.es\/wp-content\/uploads\/2025\/02\/Pack-Paella.jpg","datePublished":"2025-02-14T10:48:47+00:00","dateModified":"2025-02-14T11:41:05+00:00","breadcrumb":{"@id":"https:\/\/lotusgrill-online.es\/product\/pack-paella\/#breadcrumb"},"inLanguage":"pt-PT","potentialAction":[{"@type":"ReadAction","target":["https:\/\/lotusgrill-online.es\/product\/pack-paella\/"]}]},{"@type":"ImageObject","inLanguage":"pt-PT","@id":"https:\/\/lotusgrill-online.es\/product\/pack-paella\/#primaryimage","url":"https:\/\/lotusgrill-online.es\/wp-content\/uploads\/2025\/02\/Pack-Paella.jpg","contentUrl":"https:\/\/lotusgrill-online.es\/wp-content\/uploads\/2025\/02\/Pack-Paella.jpg","width":800,"height":800},{"@type":"BreadcrumbList","@id":"https:\/\/lotusgrill-online.es\/product\/pack-paella\/#breadcrumb","itemListElement":[{"@type":"ListItem","position":1,"name":"Portada","item":"https:\/\/lotusgrill-online.es\/"},{"@type":"ListItem","position":2,"name":"Shop","item":"https:\/\/lotusgrill-online.es\/shop-tienda-oficial-lotusgrill\/"},{"@type":"ListItem","position":3,"name":"PACK PAELLA"}]},{"@type":"WebSite","@id":"https:\/\/lotusgrill-online.es\/#website","url":"https:\/\/lotusgrill-online.es\/","name":"Lotusgrill-online","description":"lotusgrill-online.co.uk","potentialAction":[{"@type":"SearchAction","target":{"@type":"EntryPoint","urlTemplate":"https:\/\/lotusgrill-online.es\/?s={search_term_string}"},"query-input":{"@type":"PropertyValueSpecification","valueRequired":true,"valueName":"search_term_string"}}],"inLanguage":"pt-PT"}]}},"_links":{"self":[{"href":"https:\/\/lotusgrill-online.es\/pt\/wp-json\/wp\/v2\/product\/25556","targetHints":{"allow":["GET"]}}],"collection":[{"href":"https:\/\/lotusgrill-online.es\/pt\/wp-json\/wp\/v2\/product"}],"about":[{"href":"https:\/\/lotusgrill-online.es\/pt\/wp-json\/wp\/v2\/types\/product"}],"wp:featuredmedia":[{"embeddable":true,"href":"https:\/\/lotusgrill-online.es\/pt\/wp-json\/wp\/v2\/media\/25541"}],"wp:attachment":[{"href":"https:\/\/lotusgrill-online.es\/pt\/wp-json\/wp\/v2\/media?parent=25556"}],"wp:term":[{"taxonomy":"product_brand","embeddable":true,"href":"https:\/\/lotusgrill-online.es\/pt\/wp-json\/wp\/v2\/product_brand?post=25556"},{"taxonomy":"product_cat","embeddable":true,"href":"https:\/\/lotusgrill-online.es\/pt\/wp-json\/wp\/v2\/product_cat?post=25556"},{"taxonomy":"product_tag","embeddable":true,"href":"https:\/\/lotusgrill-online.es\/pt\/wp-json\/wp\/v2\/product_tag?post=25556"}],"curies":[{"name":"wp","href":"https:\/\/api.w.org\/{rel}","templated":true}]}}