{"id":25867,"date":"2025-10-20T09:58:23","date_gmt":"2025-10-20T09:58:23","guid":{"rendered":"https:\/\/lotusgrill-online.es\/?post_type=product&#038;p=25867"},"modified":"2025-10-20T10:02:25","modified_gmt":"2025-10-20T10:02:25","slug":"pack-halloween","status":"publish","type":"product","link":"https:\/\/lotusgrill-online.es\/pt\/product\/pack-halloween\/","title":{"rendered":"PACOTE DE HALLOWEEN"},"content":{"rendered":"<p><strong>O pacote \u00e9 composto por:<\/strong><\/p>\n<ul>\n<li>Lotus Grill L, barbacoa de carb\u00f3n casi sin humos, cargador USB, para hasta 4 comensales, cuerpo de inox. Color naranja.<\/li>\n<li>Saco de transporte<\/li>\n<li>Briquetes superiores, 3Kg.<\/li>\n<li>Gel de bioetanol para acender LotusGrill. O gel para acender LotusGrill \u00e9 inofensivo, pelo que a sua utiliza\u00e7\u00e3o n\u00e3o afeta o sabor dos alimentos.<\/li>\n<li>Paella casta\u00f1era para la Lotusgrill L<\/li>\n<\/ul>\n<p>&nbsp;<\/p>","protected":false},"excerpt":{"rendered":"<p>Pack halloween<\/p>","protected":false},"featured_media":25868,"template":"","meta":[],"product_brand":[],"product_cat":[240,199,203,223,237],"product_tag":[],"class_list":{"0":"post-25867","1":"product","2":"type-product","3":"status-publish","4":"has-post-thumbnail","6":"product_cat-ofertas","7":"product_cat-lotusgrill-l-hasta-4-comensales","8":"product_cat-accesorios","9":"product_cat-lotusgrill-complementos","10":"product_cat-carbon","12":"first","13":"instock","14":"taxable","15":"shipping-taxable","16":"purchasable","17":"product-type-simple"},"yoast_head":"<!-- This site is optimized with the Yoast SEO plugin v26.8 - https:\/\/yoast.com\/product\/yoast-seo-wordpress\/ -->\n<title>PACK HALLOWEEN - lotusgrill-online.es<\/title>\n<meta name=\"robots\" content=\"index, follow, max-snippet:-1, max-image-preview:large, max-video-preview:-1\" \/>\n<link rel=\"canonical\" href=\"https:\/\/lotusgrill-online.es\/pt\/product\/pack-halloween\/\" \/>\n<meta property=\"og:locale\" content=\"pt_PT\" \/>\n<meta property=\"og:type\" content=\"article\" \/>\n<meta property=\"og:title\" content=\"PACK HALLOWEEN - lotusgrill-online.es\" \/>\n<meta property=\"og:description\" content=\"Pack halloween\" \/>\n<meta property=\"og:url\" content=\"https:\/\/lotusgrill-online.es\/pt\/product\/pack-halloween\/\" \/>\n<meta property=\"og:site_name\" content=\"lotusgrill-online.es\" \/>\n<meta property=\"article:modified_time\" content=\"2025-10-20T10:02:25+00:00\" \/>\n<meta property=\"og:image\" content=\"https:\/\/lotusgrill-online.es\/wp-content\/uploads\/2025\/10\/OFERTA-CASTA.jpg\" \/>\n\t<meta property=\"og:image:width\" content=\"1333\" \/>\n\t<meta property=\"og:image:height\" content=\"1333\" \/>\n\t<meta property=\"og:image:type\" content=\"image\/jpeg\" \/>\n<meta name=\"twitter:card\" content=\"summary_large_image\" \/>\n<meta name=\"twitter:label1\" content=\"Tempo estimado de leitura\" \/>\n\t<meta name=\"twitter:data1\" content=\"1 minuto\" \/>\n<script type=\"application\/ld+json\" class=\"yoast-schema-graph\">{\"@context\":\"https:\/\/schema.org\",\"@graph\":[{\"@type\":\"WebPage\",\"@id\":\"https:\/\/lotusgrill-online.es\/product\/pack-halloween\/\",\"url\":\"https:\/\/lotusgrill-online.es\/product\/pack-halloween\/\",\"name\":\"PACK HALLOWEEN - lotusgrill-online.es\",\"isPartOf\":{\"@id\":\"https:\/\/lotusgrill-online.es\/#website\"},\"primaryImageOfPage\":{\"@id\":\"https:\/\/lotusgrill-online.es\/product\/pack-halloween\/#primaryimage\"},\"image\":{\"@id\":\"https:\/\/lotusgrill-online.es\/product\/pack-halloween\/#primaryimage\"},\"thumbnailUrl\":\"https:\/\/lotusgrill-online.es\/wp-content\/uploads\/2025\/10\/OFERTA-CASTA.jpg\",\"datePublished\":\"2025-10-20T09:58:23+00:00\",\"dateModified\":\"2025-10-20T10:02:25+00:00\",\"breadcrumb\":{\"@id\":\"https:\/\/lotusgrill-online.es\/product\/pack-halloween\/#breadcrumb\"},\"inLanguage\":\"pt-PT\",\"potentialAction\":[{\"@type\":\"ReadAction\",\"target\":[\"https:\/\/lotusgrill-online.es\/product\/pack-halloween\/\"]}]},{\"@type\":\"ImageObject\",\"inLanguage\":\"pt-PT\",\"@id\":\"https:\/\/lotusgrill-online.es\/product\/pack-halloween\/#primaryimage\",\"url\":\"https:\/\/lotusgrill-online.es\/wp-content\/uploads\/2025\/10\/OFERTA-CASTA.jpg\",\"contentUrl\":\"https:\/\/lotusgrill-online.es\/wp-content\/uploads\/2025\/10\/OFERTA-CASTA.jpg\",\"width\":1333,\"height\":1333,\"caption\":\"OFERTA HALLOWEEN LOTUSGRILL\"},{\"@type\":\"BreadcrumbList\",\"@id\":\"https:\/\/lotusgrill-online.es\/product\/pack-halloween\/#breadcrumb\",\"itemListElement\":[{\"@type\":\"ListItem\",\"position\":1,\"name\":\"Portada\",\"item\":\"https:\/\/lotusgrill-online.es\/\"},{\"@type\":\"ListItem\",\"position\":2,\"name\":\"Shop\",\"item\":\"https:\/\/lotusgrill-online.es\/shop-tienda-oficial-lotusgrill\/\"},{\"@type\":\"ListItem\",\"position\":3,\"name\":\"PACK HALLOWEEN\"}]},{\"@type\":\"WebSite\",\"@id\":\"https:\/\/lotusgrill-online.es\/#website\",\"url\":\"https:\/\/lotusgrill-online.es\/\",\"name\":\"Lotusgrill-online\",\"description\":\"lotusgrill-online.es\",\"potentialAction\":[{\"@type\":\"SearchAction\",\"target\":{\"@type\":\"EntryPoint\",\"urlTemplate\":\"https:\/\/lotusgrill-online.es\/?s={search_term_string}\"},\"query-input\":{\"@type\":\"PropertyValueSpecification\",\"valueRequired\":true,\"valueName\":\"search_term_string\"}}],\"inLanguage\":\"pt-PT\"}]}<\/script>\n<!-- \/ Yoast SEO plugin. -->","yoast_head_json":{"title":"PACK HALLOWEEN - lotusgrill-online.es","robots":{"index":"index","follow":"follow","max-snippet":"max-snippet:-1","max-image-preview":"max-image-preview:large","max-video-preview":"max-video-preview:-1"},"canonical":"https:\/\/lotusgrill-online.es\/pt\/product\/pack-halloween\/","og_locale":"pt_PT","og_type":"article","og_title":"PACK HALLOWEEN - lotusgrill-online.es","og_description":"Pack halloween","og_url":"https:\/\/lotusgrill-online.es\/pt\/product\/pack-halloween\/","og_site_name":"lotusgrill-online.es","article_modified_time":"2025-10-20T10:02:25+00:00","og_image":[{"width":1333,"height":1333,"url":"https:\/\/lotusgrill-online.es\/wp-content\/uploads\/2025\/10\/OFERTA-CASTA.jpg","type":"image\/jpeg"}],"twitter_card":"summary_large_image","twitter_misc":{"Tempo estimado de leitura":"1 minuto"},"schema":{"@context":"https:\/\/schema.org","@graph":[{"@type":"WebPage","@id":"https:\/\/lotusgrill-online.es\/product\/pack-halloween\/","url":"https:\/\/lotusgrill-online.es\/product\/pack-halloween\/","name":"PACK HALLOWEEN - lotusgrill-online.es","isPartOf":{"@id":"https:\/\/lotusgrill-online.es\/#website"},"primaryImageOfPage":{"@id":"https:\/\/lotusgrill-online.es\/product\/pack-halloween\/#primaryimage"},"image":{"@id":"https:\/\/lotusgrill-online.es\/product\/pack-halloween\/#primaryimage"},"thumbnailUrl":"https:\/\/lotusgrill-online.es\/wp-content\/uploads\/2025\/10\/OFERTA-CASTA.jpg","datePublished":"2025-10-20T09:58:23+00:00","dateModified":"2025-10-20T10:02:25+00:00","breadcrumb":{"@id":"https:\/\/lotusgrill-online.es\/product\/pack-halloween\/#breadcrumb"},"inLanguage":"pt-PT","potentialAction":[{"@type":"ReadAction","target":["https:\/\/lotusgrill-online.es\/product\/pack-halloween\/"]}]},{"@type":"ImageObject","inLanguage":"pt-PT","@id":"https:\/\/lotusgrill-online.es\/product\/pack-halloween\/#primaryimage","url":"https:\/\/lotusgrill-online.es\/wp-content\/uploads\/2025\/10\/OFERTA-CASTA.jpg","contentUrl":"https:\/\/lotusgrill-online.es\/wp-content\/uploads\/2025\/10\/OFERTA-CASTA.jpg","width":1333,"height":1333,"caption":"OFERTA HALLOWEEN LOTUSGRILL"},{"@type":"BreadcrumbList","@id":"https:\/\/lotusgrill-online.es\/product\/pack-halloween\/#breadcrumb","itemListElement":[{"@type":"ListItem","position":1,"name":"Portada","item":"https:\/\/lotusgrill-online.es\/"},{"@type":"ListItem","position":2,"name":"Shop","item":"https:\/\/lotusgrill-online.es\/shop-tienda-oficial-lotusgrill\/"},{"@type":"ListItem","position":3,"name":"PACK HALLOWEEN"}]},{"@type":"WebSite","@id":"https:\/\/lotusgrill-online.es\/#website","url":"https:\/\/lotusgrill-online.es\/","name":"Lotusgrill-online","description":"lotusgrill-online.co.uk","potentialAction":[{"@type":"SearchAction","target":{"@type":"EntryPoint","urlTemplate":"https:\/\/lotusgrill-online.es\/?s={search_term_string}"},"query-input":{"@type":"PropertyValueSpecification","valueRequired":true,"valueName":"search_term_string"}}],"inLanguage":"pt-PT"}]}},"_links":{"self":[{"href":"https:\/\/lotusgrill-online.es\/pt\/wp-json\/wp\/v2\/product\/25867","targetHints":{"allow":["GET"]}}],"collection":[{"href":"https:\/\/lotusgrill-online.es\/pt\/wp-json\/wp\/v2\/product"}],"about":[{"href":"https:\/\/lotusgrill-online.es\/pt\/wp-json\/wp\/v2\/types\/product"}],"wp:featuredmedia":[{"embeddable":true,"href":"https:\/\/lotusgrill-online.es\/pt\/wp-json\/wp\/v2\/media\/25868"}],"wp:attachment":[{"href":"https:\/\/lotusgrill-online.es\/pt\/wp-json\/wp\/v2\/media?parent=25867"}],"wp:term":[{"taxonomy":"product_brand","embeddable":true,"href":"https:\/\/lotusgrill-online.es\/pt\/wp-json\/wp\/v2\/product_brand?post=25867"},{"taxonomy":"product_cat","embeddable":true,"href":"https:\/\/lotusgrill-online.es\/pt\/wp-json\/wp\/v2\/product_cat?post=25867"},{"taxonomy":"product_tag","embeddable":true,"href":"https:\/\/lotusgrill-online.es\/pt\/wp-json\/wp\/v2\/product_tag?post=25867"}],"curies":[{"name":"wp","href":"https:\/\/api.w.org\/{rel}","templated":true}]}}