{"id":25875,"date":"2025-10-21T14:20:33","date_gmt":"2025-10-21T14:20:33","guid":{"rendered":"https:\/\/lotusgrill-online.es\/?post_type=product&#038;p=25875"},"modified":"2025-10-21T14:23:24","modified_gmt":"2025-10-21T14:23:24","slug":"lotusgrill-xl-garden-set","status":"publish","type":"product","link":"https:\/\/lotusgrill-online.es\/pt\/product\/lotusgrill-xl-garden-set\/","title":{"rendered":"Conjunto LotusGrill XL Garden"},"content":{"rendered":"<p>El conjunto Lotusgrill Garden Set, consta de una Lotusgrill XL montada en un carro de barbacoa con una campana de barbacoa XL de acero inoxidable. Dos generosas asas de acero inoxidable facilitan la maniobrabilidad del conjunto en su jard\u00edn o terraza y el manejo de la elegante campana de la barbacoa con cristal de visualizaci\u00f3n y term\u00f3metro integrado. La s\u00f3lida bisagra de aluminio garantiza el ajuste perfecto de la campana.<\/p>\n<table class=\"technische_details\">\n<tbody>\n<tr>\n<td><strong>Peso<\/strong><\/td>\n<td width=\"30\"><\/td>\n<td>Aprox. 17,3 kg<\/td>\n<\/tr>\n<tr>\n<td><strong>Dimensiones<\/strong><\/td>\n<td width=\"\"><\/td>\n<td>Anchura superior aprox. 454 mm,<br \/>\nAnchura inferior aprox. 576 mm,,<br \/>\nProfundidad aprox. 567 mm,<br \/>\nAltura 1040 mm,<br \/>\nDi\u00e1metro de la rejilla 405 mm<\/td>\n<\/tr>\n<tr>\n<td><strong>Material<\/strong><\/td>\n<td width=\"\"><\/td>\n<td>Acero con recubrimiento de polvo,<br \/>\nplacas resistentes a los golpes,<br \/>\nRejilla de la parrilla,<br \/>\nrecipiente interior,<br \/>\nrecipiente para el carb\u00f3n,<br \/>\nplaca de encendido,<br \/>\ncierres,<br \/>\ncampana de la parrilla y term\u00f3metro de acero inoxidable,<br \/>\ncristal templado,<br \/>\nbisagra de aluminio con recubrimiento de polvo,<\/td>\n<\/tr>\n<tr>\n<td><strong>Incluye<\/strong><\/td>\n<td width=\"\"><\/td>\n<td>LotusGrill XL con asa,<br \/>\nCampana de parrilla LotusGrill XL de acero inoxidable con asa,<br \/>\nTerm\u00f3metro,<br \/>\nCarro de parrilla,<br \/>\n4 pilas AA,<br \/>\nCable de alimentaci\u00f3n USB,<br \/>\nManual<\/td>\n<\/tr>\n<\/tbody>\n<\/table>\n<p><a href=\"https:\/\/lotusgrill-online.es\/LG_Manual_Garten-Set_V03.pdf\">MANUAL DE INSTRUCCIONES<\/a><\/p>\n<p><a href=\"https:\/\/lotusgrill-online.es\/ASSEMBLY_XL_GartenGrill_Haube-Hood_v02.pdf\">INSTRUCCIONES DE MONTAJE<\/a><\/p>\n<p><a href=\"https:\/\/lotusgrill-online.es\/Montage_GrillwagenXL_A3_V01.pdf\">MONTAJE CARRO<\/a><\/p>","protected":false},"excerpt":{"rendered":"<p>LotusGrill XL Garden Set, color Antracita<\/p>","protected":false},"featured_media":25876,"template":"","meta":[],"product_brand":[],"product_cat":[200],"product_tag":[],"class_list":{"0":"post-25875","1":"product","2":"type-product","3":"status-publish","4":"has-post-thumbnail","6":"product_cat-lotusgrill-xl-hasta-8-comensales","8":"first","9":"instock","10":"taxable","11":"shipping-taxable","12":"purchasable","13":"product-type-simple"},"yoast_head":"<!-- This site is optimized with the Yoast SEO plugin v26.8 - https:\/\/yoast.com\/product\/yoast-seo-wordpress\/ -->\n<title>Lotusgrill Garden Set - lotusgrill-online.es<\/title>\n<meta name=\"description\" content=\"El conjunto Lotusgrill Garden Set consta de una Lotusgrill XL montada en un carro de barbacoa con una campana de barbacoa XL de acero inoxidable\" \/>\n<meta name=\"robots\" content=\"index, follow, max-snippet:-1, max-image-preview:large, max-video-preview:-1\" \/>\n<link rel=\"canonical\" href=\"https:\/\/lotusgrill-online.es\/pt\/product\/lotusgrill-xl-garden-set\/\" \/>\n<meta property=\"og:locale\" content=\"pt_PT\" \/>\n<meta property=\"og:type\" content=\"article\" \/>\n<meta property=\"og:title\" content=\"Lotusgrill Garden Set - lotusgrill-online.es\" \/>\n<meta property=\"og:description\" content=\"El conjunto Lotusgrill Garden Set consta de una Lotusgrill XL montada en un carro de barbacoa con una campana de barbacoa XL de acero inoxidable\" \/>\n<meta property=\"og:url\" content=\"https:\/\/lotusgrill-online.es\/pt\/product\/lotusgrill-xl-garden-set\/\" \/>\n<meta property=\"og:site_name\" content=\"lotusgrill-online.es\" \/>\n<meta property=\"article:modified_time\" content=\"2025-10-21T14:23:24+00:00\" \/>\n<meta property=\"og:image\" content=\"https:\/\/lotusgrill-online.es\/wp-content\/uploads\/2025\/10\/LotusGrill_XL_GartenSet_grau.jpg\" \/>\n\t<meta property=\"og:image:width\" content=\"830\" \/>\n\t<meta property=\"og:image:height\" content=\"830\" \/>\n\t<meta property=\"og:image:type\" content=\"image\/jpeg\" \/>\n<meta name=\"twitter:card\" content=\"summary_large_image\" \/>\n<meta name=\"twitter:label1\" content=\"Tempo estimado de leitura\" \/>\n\t<meta name=\"twitter:data1\" content=\"2 minutos\" \/>\n<script type=\"application\/ld+json\" class=\"yoast-schema-graph\">{\"@context\":\"https:\/\/schema.org\",\"@graph\":[{\"@type\":\"WebPage\",\"@id\":\"https:\/\/lotusgrill-online.es\/product\/lotusgrill-xl-garden-set\/\",\"url\":\"https:\/\/lotusgrill-online.es\/product\/lotusgrill-xl-garden-set\/\",\"name\":\"Lotusgrill Garden Set - lotusgrill-online.es\",\"isPartOf\":{\"@id\":\"https:\/\/lotusgrill-online.es\/#website\"},\"primaryImageOfPage\":{\"@id\":\"https:\/\/lotusgrill-online.es\/product\/lotusgrill-xl-garden-set\/#primaryimage\"},\"image\":{\"@id\":\"https:\/\/lotusgrill-online.es\/product\/lotusgrill-xl-garden-set\/#primaryimage\"},\"thumbnailUrl\":\"https:\/\/lotusgrill-online.es\/wp-content\/uploads\/2025\/10\/LotusGrill_XL_GartenSet_grau.jpg\",\"datePublished\":\"2025-10-21T14:20:33+00:00\",\"dateModified\":\"2025-10-21T14:23:24+00:00\",\"description\":\"El conjunto Lotusgrill Garden Set consta de una Lotusgrill XL montada en un carro de barbacoa con una campana de barbacoa XL de acero inoxidable\",\"breadcrumb\":{\"@id\":\"https:\/\/lotusgrill-online.es\/product\/lotusgrill-xl-garden-set\/#breadcrumb\"},\"inLanguage\":\"pt-PT\",\"potentialAction\":[{\"@type\":\"ReadAction\",\"target\":[\"https:\/\/lotusgrill-online.es\/product\/lotusgrill-xl-garden-set\/\"]}]},{\"@type\":\"ImageObject\",\"inLanguage\":\"pt-PT\",\"@id\":\"https:\/\/lotusgrill-online.es\/product\/lotusgrill-xl-garden-set\/#primaryimage\",\"url\":\"https:\/\/lotusgrill-online.es\/wp-content\/uploads\/2025\/10\/LotusGrill_XL_GartenSet_grau.jpg\",\"contentUrl\":\"https:\/\/lotusgrill-online.es\/wp-content\/uploads\/2025\/10\/LotusGrill_XL_GartenSet_grau.jpg\",\"width\":830,\"height\":830,\"caption\":\"Lotusgrill XL Garden Set G-AN-XLG\"},{\"@type\":\"BreadcrumbList\",\"@id\":\"https:\/\/lotusgrill-online.es\/product\/lotusgrill-xl-garden-set\/#breadcrumb\",\"itemListElement\":[{\"@type\":\"ListItem\",\"position\":1,\"name\":\"Portada\",\"item\":\"https:\/\/lotusgrill-online.es\/\"},{\"@type\":\"ListItem\",\"position\":2,\"name\":\"Shop\",\"item\":\"https:\/\/lotusgrill-online.es\/shop-tienda-oficial-lotusgrill\/\"},{\"@type\":\"ListItem\",\"position\":3,\"name\":\"LotusGrill XL Garden Set\"}]},{\"@type\":\"WebSite\",\"@id\":\"https:\/\/lotusgrill-online.es\/#website\",\"url\":\"https:\/\/lotusgrill-online.es\/\",\"name\":\"Lotusgrill-online\",\"description\":\"lotusgrill-online.es\",\"potentialAction\":[{\"@type\":\"SearchAction\",\"target\":{\"@type\":\"EntryPoint\",\"urlTemplate\":\"https:\/\/lotusgrill-online.es\/?s={search_term_string}\"},\"query-input\":{\"@type\":\"PropertyValueSpecification\",\"valueRequired\":true,\"valueName\":\"search_term_string\"}}],\"inLanguage\":\"pt-PT\"}]}<\/script>\n<!-- \/ Yoast SEO plugin. -->","yoast_head_json":{"title":"Lotusgrill Garden Set - lotusgrill-online.es","description":"El conjunto Lotusgrill Garden Set consta de una Lotusgrill XL montada en un carro de barbacoa con una campana de barbacoa XL de acero inoxidable","robots":{"index":"index","follow":"follow","max-snippet":"max-snippet:-1","max-image-preview":"max-image-preview:large","max-video-preview":"max-video-preview:-1"},"canonical":"https:\/\/lotusgrill-online.es\/pt\/product\/lotusgrill-xl-garden-set\/","og_locale":"pt_PT","og_type":"article","og_title":"Lotusgrill Garden Set - lotusgrill-online.es","og_description":"El conjunto Lotusgrill Garden Set consta de una Lotusgrill XL montada en un carro de barbacoa con una campana de barbacoa XL de acero inoxidable","og_url":"https:\/\/lotusgrill-online.es\/pt\/product\/lotusgrill-xl-garden-set\/","og_site_name":"lotusgrill-online.es","article_modified_time":"2025-10-21T14:23:24+00:00","og_image":[{"width":830,"height":830,"url":"https:\/\/lotusgrill-online.es\/wp-content\/uploads\/2025\/10\/LotusGrill_XL_GartenSet_grau.jpg","type":"image\/jpeg"}],"twitter_card":"summary_large_image","twitter_misc":{"Tempo estimado de leitura":"2 minutos"},"schema":{"@context":"https:\/\/schema.org","@graph":[{"@type":"WebPage","@id":"https:\/\/lotusgrill-online.es\/product\/lotusgrill-xl-garden-set\/","url":"https:\/\/lotusgrill-online.es\/product\/lotusgrill-xl-garden-set\/","name":"Lotusgrill Garden Set - lotusgrill-online.es","isPartOf":{"@id":"https:\/\/lotusgrill-online.es\/#website"},"primaryImageOfPage":{"@id":"https:\/\/lotusgrill-online.es\/product\/lotusgrill-xl-garden-set\/#primaryimage"},"image":{"@id":"https:\/\/lotusgrill-online.es\/product\/lotusgrill-xl-garden-set\/#primaryimage"},"thumbnailUrl":"https:\/\/lotusgrill-online.es\/wp-content\/uploads\/2025\/10\/LotusGrill_XL_GartenSet_grau.jpg","datePublished":"2025-10-21T14:20:33+00:00","dateModified":"2025-10-21T14:23:24+00:00","description":"El conjunto Lotusgrill Garden Set consta de una Lotusgrill XL montada en un carro de barbacoa con una campana de barbacoa XL de acero inoxidable","breadcrumb":{"@id":"https:\/\/lotusgrill-online.es\/product\/lotusgrill-xl-garden-set\/#breadcrumb"},"inLanguage":"pt-PT","potentialAction":[{"@type":"ReadAction","target":["https:\/\/lotusgrill-online.es\/product\/lotusgrill-xl-garden-set\/"]}]},{"@type":"ImageObject","inLanguage":"pt-PT","@id":"https:\/\/lotusgrill-online.es\/product\/lotusgrill-xl-garden-set\/#primaryimage","url":"https:\/\/lotusgrill-online.es\/wp-content\/uploads\/2025\/10\/LotusGrill_XL_GartenSet_grau.jpg","contentUrl":"https:\/\/lotusgrill-online.es\/wp-content\/uploads\/2025\/10\/LotusGrill_XL_GartenSet_grau.jpg","width":830,"height":830,"caption":"Lotusgrill XL Garden Set G-AN-XLG"},{"@type":"BreadcrumbList","@id":"https:\/\/lotusgrill-online.es\/product\/lotusgrill-xl-garden-set\/#breadcrumb","itemListElement":[{"@type":"ListItem","position":1,"name":"Portada","item":"https:\/\/lotusgrill-online.es\/"},{"@type":"ListItem","position":2,"name":"Shop","item":"https:\/\/lotusgrill-online.es\/shop-tienda-oficial-lotusgrill\/"},{"@type":"ListItem","position":3,"name":"LotusGrill XL Garden Set"}]},{"@type":"WebSite","@id":"https:\/\/lotusgrill-online.es\/#website","url":"https:\/\/lotusgrill-online.es\/","name":"Lotusgrill-online","description":"lotusgrill-online.co.uk","potentialAction":[{"@type":"SearchAction","target":{"@type":"EntryPoint","urlTemplate":"https:\/\/lotusgrill-online.es\/?s={search_term_string}"},"query-input":{"@type":"PropertyValueSpecification","valueRequired":true,"valueName":"search_term_string"}}],"inLanguage":"pt-PT"}]}},"_links":{"self":[{"href":"https:\/\/lotusgrill-online.es\/pt\/wp-json\/wp\/v2\/product\/25875","targetHints":{"allow":["GET"]}}],"collection":[{"href":"https:\/\/lotusgrill-online.es\/pt\/wp-json\/wp\/v2\/product"}],"about":[{"href":"https:\/\/lotusgrill-online.es\/pt\/wp-json\/wp\/v2\/types\/product"}],"wp:featuredmedia":[{"embeddable":true,"href":"https:\/\/lotusgrill-online.es\/pt\/wp-json\/wp\/v2\/media\/25876"}],"wp:attachment":[{"href":"https:\/\/lotusgrill-online.es\/pt\/wp-json\/wp\/v2\/media?parent=25875"}],"wp:term":[{"taxonomy":"product_brand","embeddable":true,"href":"https:\/\/lotusgrill-online.es\/pt\/wp-json\/wp\/v2\/product_brand?post=25875"},{"taxonomy":"product_cat","embeddable":true,"href":"https:\/\/lotusgrill-online.es\/pt\/wp-json\/wp\/v2\/product_cat?post=25875"},{"taxonomy":"product_tag","embeddable":true,"href":"https:\/\/lotusgrill-online.es\/pt\/wp-json\/wp\/v2\/product_tag?post=25875"}],"curies":[{"name":"wp","href":"https:\/\/api.w.org\/{rel}","templated":true}]}}