{"id":5109,"date":"2020-02-20T18:30:30","date_gmt":"2020-02-20T18:30:30","guid":{"rendered":"https:\/\/lotusgrill-online.es\/?post_type=product&#038;p=5109"},"modified":"2025-07-07T13:49:34","modified_gmt":"2025-07-07T13:49:34","slug":"barbacoa-a-carbon-lotusgrill-xl-usb-hasta-8-comensales","status":"publish","type":"product","link":"https:\/\/lotusgrill-online.es\/pt\/product\/barbacoa-a-carbon-lotusgrill-xl-usb-hasta-8-comensales\/","title":{"rendered":"LotusGrill XL USB, at\u00e9 8 pessoas"},"content":{"rendered":"<p>CARACTERISTICAS<\/p>\n<ul>\n<li>Carregador USB<\/li>\n<li>Desenho de linhas curvas<\/li>\n<li>Menos de 4 kg<\/li>\n<li>Com uma bolsa de transporte de nylon marcada na mesma cor<\/li>\n<li>Grelhador de 40,5cm<\/li>\n<li>Para ate 8 pessoas<\/li>\n<li>Churrasqueira e ta\u00e7a interna em a\u00e7o inox para m\u00e1quina de lavar<\/li>\n<li>Ventilador alimentado por 4 pilhas<\/li>\n<li>Recipiente de carv\u00e3o, com capacidade m\u00e1xima de 400 gr<\/li>\n<li>Entre 60 e 135 minutos de combust\u00e3o, dependendo da quantidade de carv\u00e3o utilizada. Pode ser preenchido com carv\u00e3o a qualquer momento.<\/li>\n<li>Corpo externo de a\u00e7o revestido com tinta spray<\/li>\n<li>SEGURAN\u00c7A M\u00c1XIMA: Fechos laterais no corpo externo unem a grade, o recipiente de carv\u00e3o e a ta\u00e7a interna, tornando-a numa \u00fanica unidade mais segura<\/li>\n<\/ul>\n<p>DADOS T\u00c9CNICOS<\/p>\n<ul>\n<li>Peso aproximado:<\/li>\n<li>6,5 kg<\/li>\n<li>Medidas:<br \/>\n\u00d8 aproximado parte superior 435mm\nAltura aproximada 257mm<br \/>\nBase de \u00d8 aproximada 350mm<br \/>\nAltura aproximada de 257 mm<br \/>\n\u00d8 aproximado da grelha 405mm<\/li>\n<li>Material:<br \/>\nA\u00e7o e pl\u00e1sticos resistentes ao choque<br \/>\nGrelha, Ta\u00e7a interna, recipiente de carv\u00e3o e tampas: A\u00e7o inoxid\u00e1vel<\/li>\n<li>Inclu\u00eddo na entrega:<br \/>\nChurrasqueira pronta a usar<br \/>\nSaco de transporte<br \/>\nCarregador USB<br \/>\nManual de usu\u00e1rio<\/li>\n<\/ul>\n<p><iframe loading=\"lazy\" title=\"Lotusgrill SPA HD\" width=\"1020\" height=\"574\" src=\"https:\/\/www.youtube.com\/embed\/4Hr-EcmHcMw?feature=oembed&#038;enablejsapi=1&#038;origin=https:\/\/lotusgrill-online.es\" frameborder=\"0\" allow=\"accelerometer; autoplay; clipboard-write; encrypted-media; gyroscope; picture-in-picture; web-share\" referrerpolicy=\"strict-origin-when-cross-origin\" allowfullscreen><\/iframe><\/p>\n<p>&nbsp;<\/p>","protected":false},"excerpt":{"rendered":"<p><strong>Lotus Grill L, churrasqueira a carv\u00e3o quase livre de fuma\u00e7a, carregador USB, para at\u00e9 8 pessoas, corpo em a\u00e7o inoxid\u00e1vel, com bolsa de transporte.<\/strong><\/p>","protected":false},"featured_media":25205,"template":"","meta":[],"product_brand":[],"product_cat":[200],"product_tag":[193,191,192],"class_list":{"0":"post-5109","1":"product","2":"type-product","3":"status-publish","4":"has-post-thumbnail","6":"product_cat-lotusgrill-xl-hasta-8-comensales","7":"product_tag-barbacoa-electrica","8":"product_tag-lotusgrill","9":"product_tag-usb","11":"first","12":"instock","13":"taxable","14":"shipping-taxable","15":"purchasable","16":"product-type-variable","17":"has-default-attributes","18":"rtwpvg-product"},"yoast_head":"<!-- This site is optimized with the Yoast SEO plugin v26.8 - https:\/\/yoast.com\/product\/yoast-seo-wordpress\/ -->\n<title>Barbacoa a carb\u00f3n LotusGrill XL USB Hasta 8 comensales - lotusgrill-online.es<\/title>\n<meta name=\"description\" content=\"Barbacoa a carb\u00f3n LotusGrill XL USB Hasta 8 comensales, barbacoa disponible en la tienda oficial Lotusgrill, c\u00f3mprala con total garant\u00eda y seguridad\" \/>\n<meta name=\"robots\" content=\"index, follow, max-snippet:-1, max-image-preview:large, max-video-preview:-1\" \/>\n<link rel=\"canonical\" href=\"https:\/\/lotusgrill-online.es\/pt\/product\/barbacoa-a-carbon-lotusgrill-xl-usb-hasta-8-comensales\/\" \/>\n<meta property=\"og:locale\" content=\"pt_PT\" \/>\n<meta property=\"og:type\" content=\"article\" \/>\n<meta property=\"og:title\" content=\"Barbacoa a carb\u00f3n LotusGrill XL USB Hasta 8 comensales - lotusgrill-online.es\" \/>\n<meta property=\"og:description\" content=\"Barbacoa a carb\u00f3n LotusGrill XL USB Hasta 8 comensales, barbacoa disponible en la tienda oficial Lotusgrill, c\u00f3mprala con total garant\u00eda y seguridad\" \/>\n<meta property=\"og:url\" content=\"https:\/\/lotusgrill-online.es\/pt\/product\/barbacoa-a-carbon-lotusgrill-xl-usb-hasta-8-comensales\/\" \/>\n<meta property=\"og:site_name\" content=\"lotusgrill-online.es\" \/>\n<meta property=\"article:modified_time\" content=\"2025-07-07T13:49:34+00:00\" \/>\n<meta property=\"og:image\" content=\"https:\/\/lotusgrill-online.es\/wp-content\/uploads\/2024\/04\/G-AN-435P_2017_Front_01.png\" \/>\n\t<meta property=\"og:image:width\" content=\"800\" \/>\n\t<meta property=\"og:image:height\" content=\"800\" \/>\n\t<meta property=\"og:image:type\" content=\"image\/png\" \/>\n<meta name=\"twitter:card\" content=\"summary_large_image\" \/>\n<meta name=\"twitter:label1\" content=\"Tempo estimado de leitura\" \/>\n\t<meta name=\"twitter:data1\" content=\"1 minuto\" \/>\n<script type=\"application\/ld+json\" class=\"yoast-schema-graph\">{\"@context\":\"https:\/\/schema.org\",\"@graph\":[{\"@type\":\"WebPage\",\"@id\":\"https:\/\/lotusgrill-online.es\/product\/barbacoa-a-carbon-lotusgrill-xl-usb-hasta-8-comensales\/\",\"url\":\"https:\/\/lotusgrill-online.es\/product\/barbacoa-a-carbon-lotusgrill-xl-usb-hasta-8-comensales\/\",\"name\":\"Barbacoa a carb\u00f3n LotusGrill XL USB Hasta 8 comensales - lotusgrill-online.es\",\"isPartOf\":{\"@id\":\"https:\/\/lotusgrill-online.es\/#website\"},\"primaryImageOfPage\":{\"@id\":\"https:\/\/lotusgrill-online.es\/product\/barbacoa-a-carbon-lotusgrill-xl-usb-hasta-8-comensales\/#primaryimage\"},\"image\":{\"@id\":\"https:\/\/lotusgrill-online.es\/product\/barbacoa-a-carbon-lotusgrill-xl-usb-hasta-8-comensales\/#primaryimage\"},\"thumbnailUrl\":\"https:\/\/lotusgrill-online.es\/wp-content\/uploads\/2024\/04\/G-AN-435P_2017_Front_01.png\",\"datePublished\":\"2020-02-20T18:30:30+00:00\",\"dateModified\":\"2025-07-07T13:49:34+00:00\",\"description\":\"Barbacoa a carb\u00f3n LotusGrill XL USB Hasta 8 comensales, barbacoa disponible en la tienda oficial Lotusgrill, c\u00f3mprala con total garant\u00eda y seguridad\",\"breadcrumb\":{\"@id\":\"https:\/\/lotusgrill-online.es\/product\/barbacoa-a-carbon-lotusgrill-xl-usb-hasta-8-comensales\/#breadcrumb\"},\"inLanguage\":\"pt-PT\",\"potentialAction\":[{\"@type\":\"ReadAction\",\"target\":[\"https:\/\/lotusgrill-online.es\/product\/barbacoa-a-carbon-lotusgrill-xl-usb-hasta-8-comensales\/\"]}]},{\"@type\":\"ImageObject\",\"inLanguage\":\"pt-PT\",\"@id\":\"https:\/\/lotusgrill-online.es\/product\/barbacoa-a-carbon-lotusgrill-xl-usb-hasta-8-comensales\/#primaryimage\",\"url\":\"https:\/\/lotusgrill-online.es\/wp-content\/uploads\/2024\/04\/G-AN-435P_2017_Front_01.png\",\"contentUrl\":\"https:\/\/lotusgrill-online.es\/wp-content\/uploads\/2024\/04\/G-AN-435P_2017_Front_01.png\",\"width\":800,\"height\":800,\"caption\":\"Barbacoa carb\u00f3n sin humos Lotusgrill XL color antracita\"},{\"@type\":\"BreadcrumbList\",\"@id\":\"https:\/\/lotusgrill-online.es\/product\/barbacoa-a-carbon-lotusgrill-xl-usb-hasta-8-comensales\/#breadcrumb\",\"itemListElement\":[{\"@type\":\"ListItem\",\"position\":1,\"name\":\"Portada\",\"item\":\"https:\/\/lotusgrill-online.es\/\"},{\"@type\":\"ListItem\",\"position\":2,\"name\":\"Shop\",\"item\":\"https:\/\/lotusgrill-online.es\/shop-tienda-oficial-lotusgrill\/\"},{\"@type\":\"ListItem\",\"position\":3,\"name\":\"LotusGrill XL USB, Hasta 8 comensales\"}]},{\"@type\":\"WebSite\",\"@id\":\"https:\/\/lotusgrill-online.es\/#website\",\"url\":\"https:\/\/lotusgrill-online.es\/\",\"name\":\"Lotusgrill-online\",\"description\":\"lotusgrill-online.es\",\"potentialAction\":[{\"@type\":\"SearchAction\",\"target\":{\"@type\":\"EntryPoint\",\"urlTemplate\":\"https:\/\/lotusgrill-online.es\/?s={search_term_string}\"},\"query-input\":{\"@type\":\"PropertyValueSpecification\",\"valueRequired\":true,\"valueName\":\"search_term_string\"}}],\"inLanguage\":\"pt-PT\"}]}<\/script>\n<!-- \/ Yoast SEO plugin. -->","yoast_head_json":{"title":"Churrasqueira a carv\u00e3o LotusGrill XL USB At\u00e9 8 pessoas - lotusgrill-online.es","description":"Churrasqueira a carv\u00e3o LotusGrill XL USB Para at\u00e9 8 pessoas, churrasqueira dispon\u00edvel na loja oficial Lotusgrill, compre com total garantia e seguran\u00e7a","robots":{"index":"index","follow":"follow","max-snippet":"max-snippet:-1","max-image-preview":"max-image-preview:large","max-video-preview":"max-video-preview:-1"},"canonical":"https:\/\/lotusgrill-online.es\/pt\/product\/barbacoa-a-carbon-lotusgrill-xl-usb-hasta-8-comensales\/","og_locale":"pt_PT","og_type":"article","og_title":"Barbacoa a carb\u00f3n LotusGrill XL USB Hasta 8 comensales - lotusgrill-online.es","og_description":"Barbacoa a carb\u00f3n LotusGrill XL USB Hasta 8 comensales, barbacoa disponible en la tienda oficial Lotusgrill, c\u00f3mprala con total garant\u00eda y seguridad","og_url":"https:\/\/lotusgrill-online.es\/pt\/product\/barbacoa-a-carbon-lotusgrill-xl-usb-hasta-8-comensales\/","og_site_name":"lotusgrill-online.es","article_modified_time":"2025-07-07T13:49:34+00:00","og_image":[{"width":800,"height":800,"url":"https:\/\/lotusgrill-online.es\/wp-content\/uploads\/2024\/04\/G-AN-435P_2017_Front_01.png","type":"image\/png"}],"twitter_card":"summary_large_image","twitter_misc":{"Tempo estimado de leitura":"1 minuto"},"schema":{"@context":"https:\/\/schema.org","@graph":[{"@type":"WebPage","@id":"https:\/\/lotusgrill-online.es\/product\/barbacoa-a-carbon-lotusgrill-xl-usb-hasta-8-comensales\/","url":"https:\/\/lotusgrill-online.es\/product\/barbacoa-a-carbon-lotusgrill-xl-usb-hasta-8-comensales\/","name":"Churrasqueira a carv\u00e3o LotusGrill XL USB At\u00e9 8 pessoas - lotusgrill-online.es","isPartOf":{"@id":"https:\/\/lotusgrill-online.es\/#website"},"primaryImageOfPage":{"@id":"https:\/\/lotusgrill-online.es\/product\/barbacoa-a-carbon-lotusgrill-xl-usb-hasta-8-comensales\/#primaryimage"},"image":{"@id":"https:\/\/lotusgrill-online.es\/product\/barbacoa-a-carbon-lotusgrill-xl-usb-hasta-8-comensales\/#primaryimage"},"thumbnailUrl":"https:\/\/lotusgrill-online.es\/wp-content\/uploads\/2024\/04\/G-AN-435P_2017_Front_01.png","datePublished":"2020-02-20T18:30:30+00:00","dateModified":"2025-07-07T13:49:34+00:00","description":"Churrasqueira a carv\u00e3o LotusGrill XL USB Para at\u00e9 8 pessoas, churrasqueira dispon\u00edvel na loja oficial Lotusgrill, compre com total garantia e seguran\u00e7a","breadcrumb":{"@id":"https:\/\/lotusgrill-online.es\/product\/barbacoa-a-carbon-lotusgrill-xl-usb-hasta-8-comensales\/#breadcrumb"},"inLanguage":"pt-PT","potentialAction":[{"@type":"ReadAction","target":["https:\/\/lotusgrill-online.es\/product\/barbacoa-a-carbon-lotusgrill-xl-usb-hasta-8-comensales\/"]}]},{"@type":"ImageObject","inLanguage":"pt-PT","@id":"https:\/\/lotusgrill-online.es\/product\/barbacoa-a-carbon-lotusgrill-xl-usb-hasta-8-comensales\/#primaryimage","url":"https:\/\/lotusgrill-online.es\/wp-content\/uploads\/2024\/04\/G-AN-435P_2017_Front_01.png","contentUrl":"https:\/\/lotusgrill-online.es\/wp-content\/uploads\/2024\/04\/G-AN-435P_2017_Front_01.png","width":800,"height":800,"caption":"Barbacoa carb\u00f3n sin humos Lotusgrill XL color antracita"},{"@type":"BreadcrumbList","@id":"https:\/\/lotusgrill-online.es\/product\/barbacoa-a-carbon-lotusgrill-xl-usb-hasta-8-comensales\/#breadcrumb","itemListElement":[{"@type":"ListItem","position":1,"name":"Portada","item":"https:\/\/lotusgrill-online.es\/"},{"@type":"ListItem","position":2,"name":"Shop","item":"https:\/\/lotusgrill-online.es\/shop-tienda-oficial-lotusgrill\/"},{"@type":"ListItem","position":3,"name":"LotusGrill XL USB, Hasta 8 comensales"}]},{"@type":"WebSite","@id":"https:\/\/lotusgrill-online.es\/#website","url":"https:\/\/lotusgrill-online.es\/","name":"Lotusgrill-online","description":"lotusgrill-online.co.uk","potentialAction":[{"@type":"SearchAction","target":{"@type":"EntryPoint","urlTemplate":"https:\/\/lotusgrill-online.es\/?s={search_term_string}"},"query-input":{"@type":"PropertyValueSpecification","valueRequired":true,"valueName":"search_term_string"}}],"inLanguage":"pt-PT"}]}},"_links":{"self":[{"href":"https:\/\/lotusgrill-online.es\/pt\/wp-json\/wp\/v2\/product\/5109","targetHints":{"allow":["GET"]}}],"collection":[{"href":"https:\/\/lotusgrill-online.es\/pt\/wp-json\/wp\/v2\/product"}],"about":[{"href":"https:\/\/lotusgrill-online.es\/pt\/wp-json\/wp\/v2\/types\/product"}],"wp:featuredmedia":[{"embeddable":true,"href":"https:\/\/lotusgrill-online.es\/pt\/wp-json\/wp\/v2\/media\/25205"}],"wp:attachment":[{"href":"https:\/\/lotusgrill-online.es\/pt\/wp-json\/wp\/v2\/media?parent=5109"}],"wp:term":[{"taxonomy":"product_brand","embeddable":true,"href":"https:\/\/lotusgrill-online.es\/pt\/wp-json\/wp\/v2\/product_brand?post=5109"},{"taxonomy":"product_cat","embeddable":true,"href":"https:\/\/lotusgrill-online.es\/pt\/wp-json\/wp\/v2\/product_cat?post=5109"},{"taxonomy":"product_tag","embeddable":true,"href":"https:\/\/lotusgrill-online.es\/pt\/wp-json\/wp\/v2\/product_tag?post=5109"}],"curies":[{"name":"wp","href":"https:\/\/api.w.org\/{rel}","templated":true}]}}