{"id":5181,"date":"2020-02-24T16:43:06","date_gmt":"2020-02-24T16:43:06","guid":{"rendered":"https:\/\/lotusgrill-online.es\/?post_type=product&#038;p=5181"},"modified":"2025-10-13T07:12:16","modified_gmt":"2025-10-13T07:12:16","slug":"lotusgrill-xxl-garden-grill-usb","status":"publish","type":"product","link":"https:\/\/lotusgrill-online.es\/pt\/product\/lotusgrill-xxl-garden-grill-usb\/","title":{"rendered":"LotusGrill  XXL \u2013 Grade para jardim USB \u2013 At\u00e9 12 pessoas"},"content":{"rendered":"<p>CARACTERISTICAS<\/p>\n<ul>\n<li>Carregador USB<\/li>\n<li>\u00d3timo para 10 \u2013 12 pessoas<\/li>\n<li>Ventilador duplo e deposito de carv\u00e3o duplo. eles podem funcionar de forma independente<\/li>\n<li>Desenho de linhas curvas<\/li>\n<li>21,8 Kgs.<\/li>\n<li>Grelha de aproximadamente \u00d8 488 mm<\/li>\n<li>Churrasqueira e ta\u00e7a interna em a\u00e7o inox para m\u00e1quina de lavar<\/li>\n<li>Ventilador alimentado por 4 pilhas<\/li>\n<li>Recipiente de carv\u00e3o, com capacidade m\u00e1xima de 400 gr<\/li>\n<li>Entre 60 e 135 minutos de combust\u00e3o, dependendo da quantidade de carv\u00e3o utilizada. Pode ser preenchido com carv\u00e3o a qualquer momento.<\/li>\n<li>Corpo externo de a\u00e7o revestido com tinta spray<\/li>\n<li>SEGURAN\u00c7A M\u00c1XIMA: Fechos laterais no corpo externo unem a grade, o recipiente de carv\u00e3o e a ta\u00e7a interna, tornando-a numa \u00fanica unidade mais segura<\/li>\n<\/ul>\n<p>DADOS T\u00c9CNICOS<\/p>\n<ul>\n<li>Peso aproximado:<\/li>\n<li>22,1 kg<\/li>\n<li>Medidas:<br \/>\n\u00d8 Aproximado da parte superior 600mm<br \/>\n\u00d8 aproximado 488mm<br \/>\nAltura aproximada de 284 mm<br \/>\n\u00d8 aproximado da grelha 576mm<\/li>\n<li>Material:<br \/>\nA\u00e7o e pl\u00e1sticos resistentes ao choque<br \/>\nGrelha, Ta\u00e7a interna, recipiente de carv\u00e3o e tampas: A\u00e7o inoxid\u00e1vel<\/li>\n<li>Inclu\u00eddo na entrega:<br \/>\nChurrasqueira pronta a usar<br \/>\nEstrutura e pernas de apoio. Pernas com rodas e nivelador.<br \/>\nCarregador USB<\/li>\n<\/ul>\n<p><iframe loading=\"lazy\" title=\"Lotusgrill SPA HD\" width=\"1020\" height=\"574\" src=\"https:\/\/www.youtube.com\/embed\/4Hr-EcmHcMw?feature=oembed&#038;enablejsapi=1&#038;origin=https:\/\/lotusgrill-online.es\" frameborder=\"0\" allow=\"accelerometer; autoplay; clipboard-write; encrypted-media; gyroscope; picture-in-picture; web-share\" referrerpolicy=\"strict-origin-when-cross-origin\" allowfullscreen><\/iframe><\/p>\n<p>&nbsp;<\/p>","protected":false},"excerpt":{"rendered":"<p><strong>Lotusgrill XXL<\/strong><\/p>\n<p><strong>Lotus Grill L, churrasqueira a carv\u00e3o quase livre de fuma\u00e7a,  para at\u00e9 12 pessoas<\/strong><br \/>\n<strong>Ideal para acampar, terra\u00e7os e jardins, f\u00e1cil de guardar e limpar.<\/strong><\/p>\n<p><strong>Inclui suporte com p\u00e9s com rodas e sistema de estabiliza\u00e7\u00e3o<\/strong><\/p>","protected":false},"featured_media":25244,"template":"","meta":[],"product_brand":[],"product_cat":[201],"product_tag":[193,191,192],"class_list":{"0":"post-5181","1":"product","2":"type-product","3":"status-publish","4":"has-post-thumbnail","6":"product_cat-lotusgrill-xxl-hasta-12-comensales","7":"product_tag-barbacoa-electrica","8":"product_tag-lotusgrill","9":"product_tag-usb","11":"first","12":"instock","13":"taxable","14":"shipping-taxable","15":"purchasable","16":"product-type-variable","17":"has-default-attributes","18":"rtwpvg-product"},"yoast_head":"<!-- This site is optimized with the Yoast SEO plugin v26.8 - https:\/\/yoast.com\/product\/yoast-seo-wordpress\/ -->\n<title>Barbacoa a carb\u00f3n LotusGrill XXL Hasta 12 comensales - lotusgrill-online.es<\/title>\n<meta name=\"description\" content=\"Barbacoa a carb\u00f3n LotusGrill XXL Hasta 12 comensales, barbacoa disponible en la tienda oficial Lotusgrill, c\u00f3mprala con total garant\u00eda y seguridad\" \/>\n<meta name=\"robots\" content=\"index, follow, max-snippet:-1, max-image-preview:large, max-video-preview:-1\" \/>\n<link rel=\"canonical\" href=\"https:\/\/lotusgrill-online.es\/pt\/product\/lotusgrill-xxl-garden-grill-usb\/\" \/>\n<meta property=\"og:locale\" content=\"pt_PT\" \/>\n<meta property=\"og:type\" content=\"article\" \/>\n<meta property=\"og:title\" content=\"Barbacoa a carb\u00f3n LotusGrill XXL Hasta 12 comensales - lotusgrill-online.es\" \/>\n<meta property=\"og:description\" content=\"Barbacoa a carb\u00f3n LotusGrill XXL Hasta 12 comensales, barbacoa disponible en la tienda oficial Lotusgrill, c\u00f3mprala con total garant\u00eda y seguridad\" \/>\n<meta property=\"og:url\" content=\"https:\/\/lotusgrill-online.es\/pt\/product\/lotusgrill-xxl-garden-grill-usb\/\" \/>\n<meta property=\"og:site_name\" content=\"lotusgrill-online.es\" \/>\n<meta property=\"article:modified_time\" content=\"2025-10-13T07:12:16+00:00\" \/>\n<meta property=\"og:image\" content=\"https:\/\/lotusgrill-online.es\/wp-content\/uploads\/2024\/04\/G-TB-600_2017_Perspective_01.png\" \/>\n\t<meta property=\"og:image:width\" content=\"600\" \/>\n\t<meta property=\"og:image:height\" content=\"600\" \/>\n\t<meta property=\"og:image:type\" content=\"image\/png\" \/>\n<meta name=\"twitter:card\" content=\"summary_large_image\" \/>\n<meta name=\"twitter:label1\" content=\"Tempo estimado de leitura\" \/>\n\t<meta name=\"twitter:data1\" content=\"2 minutos\" \/>\n<script type=\"application\/ld+json\" class=\"yoast-schema-graph\">{\"@context\":\"https:\/\/schema.org\",\"@graph\":[{\"@type\":\"WebPage\",\"@id\":\"https:\/\/lotusgrill-online.es\/product\/lotusgrill-xxl-garden-grill-usb\/\",\"url\":\"https:\/\/lotusgrill-online.es\/product\/lotusgrill-xxl-garden-grill-usb\/\",\"name\":\"Barbacoa a carb\u00f3n LotusGrill XXL Hasta 12 comensales - lotusgrill-online.es\",\"isPartOf\":{\"@id\":\"https:\/\/lotusgrill-online.es\/#website\"},\"primaryImageOfPage\":{\"@id\":\"https:\/\/lotusgrill-online.es\/product\/lotusgrill-xxl-garden-grill-usb\/#primaryimage\"},\"image\":{\"@id\":\"https:\/\/lotusgrill-online.es\/product\/lotusgrill-xxl-garden-grill-usb\/#primaryimage\"},\"thumbnailUrl\":\"https:\/\/lotusgrill-online.es\/wp-content\/uploads\/2024\/04\/G-TB-600_2017_Perspective_01.png\",\"datePublished\":\"2020-02-24T16:43:06+00:00\",\"dateModified\":\"2025-10-13T07:12:16+00:00\",\"description\":\"Barbacoa a carb\u00f3n LotusGrill XXL Hasta 12 comensales, barbacoa disponible en la tienda oficial Lotusgrill, c\u00f3mprala con total garant\u00eda y seguridad\",\"breadcrumb\":{\"@id\":\"https:\/\/lotusgrill-online.es\/product\/lotusgrill-xxl-garden-grill-usb\/#breadcrumb\"},\"inLanguage\":\"pt-PT\",\"potentialAction\":[{\"@type\":\"ReadAction\",\"target\":[\"https:\/\/lotusgrill-online.es\/product\/lotusgrill-xxl-garden-grill-usb\/\"]}]},{\"@type\":\"ImageObject\",\"inLanguage\":\"pt-PT\",\"@id\":\"https:\/\/lotusgrill-online.es\/product\/lotusgrill-xxl-garden-grill-usb\/#primaryimage\",\"url\":\"https:\/\/lotusgrill-online.es\/wp-content\/uploads\/2024\/04\/G-TB-600_2017_Perspective_01.png\",\"contentUrl\":\"https:\/\/lotusgrill-online.es\/wp-content\/uploads\/2024\/04\/G-TB-600_2017_Perspective_01.png\",\"width\":600,\"height\":600,\"caption\":\"Barbacoa carb\u00f3n sin humos Lotusgrill XXL color azul\"},{\"@type\":\"BreadcrumbList\",\"@id\":\"https:\/\/lotusgrill-online.es\/product\/lotusgrill-xxl-garden-grill-usb\/#breadcrumb\",\"itemListElement\":[{\"@type\":\"ListItem\",\"position\":1,\"name\":\"Portada\",\"item\":\"https:\/\/lotusgrill-online.es\/\"},{\"@type\":\"ListItem\",\"position\":2,\"name\":\"Shop\",\"item\":\"https:\/\/lotusgrill-online.es\/shop-tienda-oficial-lotusgrill\/\"},{\"@type\":\"ListItem\",\"position\":3,\"name\":\"LotusGrill XXL &#8211; Garden Grill USB &#8211; Hasta 12 comensales\"}]},{\"@type\":\"WebSite\",\"@id\":\"https:\/\/lotusgrill-online.es\/#website\",\"url\":\"https:\/\/lotusgrill-online.es\/\",\"name\":\"Lotusgrill-online\",\"description\":\"lotusgrill-online.es\",\"potentialAction\":[{\"@type\":\"SearchAction\",\"target\":{\"@type\":\"EntryPoint\",\"urlTemplate\":\"https:\/\/lotusgrill-online.es\/?s={search_term_string}\"},\"query-input\":{\"@type\":\"PropertyValueSpecification\",\"valueRequired\":true,\"valueName\":\"search_term_string\"}}],\"inLanguage\":\"pt-PT\"}]}<\/script>\n<!-- \/ Yoast SEO plugin. -->","yoast_head_json":{"title":"Barbacoa a carb\u00f3n LotusGrill XXL Hasta 12 comensales - lotusgrill-online.es","description":"Barbacoa a carb\u00f3n LotusGrill XXL Hasta 12 comensales, barbacoa disponible en la tienda oficial Lotusgrill, c\u00f3mprala con total garant\u00eda y seguridad","robots":{"index":"index","follow":"follow","max-snippet":"max-snippet:-1","max-image-preview":"max-image-preview:large","max-video-preview":"max-video-preview:-1"},"canonical":"https:\/\/lotusgrill-online.es\/pt\/product\/lotusgrill-xxl-garden-grill-usb\/","og_locale":"pt_PT","og_type":"article","og_title":"Barbacoa a carb\u00f3n LotusGrill XXL Hasta 12 comensales - lotusgrill-online.es","og_description":"Barbacoa a carb\u00f3n LotusGrill XXL Hasta 12 comensales, barbacoa disponible en la tienda oficial Lotusgrill, c\u00f3mprala con total garant\u00eda y seguridad","og_url":"https:\/\/lotusgrill-online.es\/pt\/product\/lotusgrill-xxl-garden-grill-usb\/","og_site_name":"lotusgrill-online.es","article_modified_time":"2025-10-13T07:12:16+00:00","og_image":[{"width":600,"height":600,"url":"https:\/\/lotusgrill-online.es\/wp-content\/uploads\/2024\/04\/G-TB-600_2017_Perspective_01.png","type":"image\/png"}],"twitter_card":"summary_large_image","twitter_misc":{"Tempo estimado de leitura":"2 minutos"},"schema":{"@context":"https:\/\/schema.org","@graph":[{"@type":"WebPage","@id":"https:\/\/lotusgrill-online.es\/product\/lotusgrill-xxl-garden-grill-usb\/","url":"https:\/\/lotusgrill-online.es\/product\/lotusgrill-xxl-garden-grill-usb\/","name":"Barbacoa a carb\u00f3n LotusGrill XXL Hasta 12 comensales - lotusgrill-online.es","isPartOf":{"@id":"https:\/\/lotusgrill-online.es\/#website"},"primaryImageOfPage":{"@id":"https:\/\/lotusgrill-online.es\/product\/lotusgrill-xxl-garden-grill-usb\/#primaryimage"},"image":{"@id":"https:\/\/lotusgrill-online.es\/product\/lotusgrill-xxl-garden-grill-usb\/#primaryimage"},"thumbnailUrl":"https:\/\/lotusgrill-online.es\/wp-content\/uploads\/2024\/04\/G-TB-600_2017_Perspective_01.png","datePublished":"2020-02-24T16:43:06+00:00","dateModified":"2025-10-13T07:12:16+00:00","description":"Barbacoa a carb\u00f3n LotusGrill XXL Hasta 12 comensales, barbacoa disponible en la tienda oficial Lotusgrill, c\u00f3mprala con total garant\u00eda y seguridad","breadcrumb":{"@id":"https:\/\/lotusgrill-online.es\/product\/lotusgrill-xxl-garden-grill-usb\/#breadcrumb"},"inLanguage":"pt-PT","potentialAction":[{"@type":"ReadAction","target":["https:\/\/lotusgrill-online.es\/product\/lotusgrill-xxl-garden-grill-usb\/"]}]},{"@type":"ImageObject","inLanguage":"pt-PT","@id":"https:\/\/lotusgrill-online.es\/product\/lotusgrill-xxl-garden-grill-usb\/#primaryimage","url":"https:\/\/lotusgrill-online.es\/wp-content\/uploads\/2024\/04\/G-TB-600_2017_Perspective_01.png","contentUrl":"https:\/\/lotusgrill-online.es\/wp-content\/uploads\/2024\/04\/G-TB-600_2017_Perspective_01.png","width":600,"height":600,"caption":"Barbacoa carb\u00f3n sin humos Lotusgrill XXL color azul"},{"@type":"BreadcrumbList","@id":"https:\/\/lotusgrill-online.es\/product\/lotusgrill-xxl-garden-grill-usb\/#breadcrumb","itemListElement":[{"@type":"ListItem","position":1,"name":"Portada","item":"https:\/\/lotusgrill-online.es\/"},{"@type":"ListItem","position":2,"name":"Shop","item":"https:\/\/lotusgrill-online.es\/shop-tienda-oficial-lotusgrill\/"},{"@type":"ListItem","position":3,"name":"LotusGrill XXL &#8211; Garden Grill USB &#8211; Hasta 12 comensales"}]},{"@type":"WebSite","@id":"https:\/\/lotusgrill-online.es\/#website","url":"https:\/\/lotusgrill-online.es\/","name":"Lotusgrill-online","description":"lotusgrill-online.co.uk","potentialAction":[{"@type":"SearchAction","target":{"@type":"EntryPoint","urlTemplate":"https:\/\/lotusgrill-online.es\/?s={search_term_string}"},"query-input":{"@type":"PropertyValueSpecification","valueRequired":true,"valueName":"search_term_string"}}],"inLanguage":"pt-PT"}]}},"_links":{"self":[{"href":"https:\/\/lotusgrill-online.es\/pt\/wp-json\/wp\/v2\/product\/5181","targetHints":{"allow":["GET"]}}],"collection":[{"href":"https:\/\/lotusgrill-online.es\/pt\/wp-json\/wp\/v2\/product"}],"about":[{"href":"https:\/\/lotusgrill-online.es\/pt\/wp-json\/wp\/v2\/types\/product"}],"wp:featuredmedia":[{"embeddable":true,"href":"https:\/\/lotusgrill-online.es\/pt\/wp-json\/wp\/v2\/media\/25244"}],"wp:attachment":[{"href":"https:\/\/lotusgrill-online.es\/pt\/wp-json\/wp\/v2\/media?parent=5181"}],"wp:term":[{"taxonomy":"product_brand","embeddable":true,"href":"https:\/\/lotusgrill-online.es\/pt\/wp-json\/wp\/v2\/product_brand?post=5181"},{"taxonomy":"product_cat","embeddable":true,"href":"https:\/\/lotusgrill-online.es\/pt\/wp-json\/wp\/v2\/product_cat?post=5181"},{"taxonomy":"product_tag","embeddable":true,"href":"https:\/\/lotusgrill-online.es\/pt\/wp-json\/wp\/v2\/product_tag?post=5181"}],"curies":[{"name":"wp","href":"https:\/\/api.w.org\/{rel}","templated":true}]}}