{"id":5188,"date":"2020-02-24T17:06:25","date_gmt":"2020-02-24T17:06:25","guid":{"rendered":"https:\/\/lotusgrill-online.es\/?post_type=product&#038;p=5188"},"modified":"2024-08-06T17:44:38","modified_gmt":"2024-08-06T17:44:38","slug":"barbacoa-a-carbon-lotusgrill-usb-hasta-2-comensales","status":"publish","type":"product","link":"https:\/\/lotusgrill-online.es\/pt\/product\/barbacoa-a-carbon-lotusgrill-usb-hasta-2-comensales\/","title":{"rendered":"LotusGrill - USB Minigrill - at\u00e9 2 pessoas"},"content":{"rendered":"<p>O LotusGrill Mini foi projetado especialmente para atividades em que o espa\u00e7o e o peso s\u00e3o importantes, como no barco, acampar, fazer caminhadas. Lotusgrill - USB Minigrill \u00e9 especialmente compacto e pr\u00e1tico e o menor modelo da fam\u00edlia.<\/p>\n<p>CARACTERISTICAS TECNICAS:<\/p>\n<ul>\n<li>Peso aproximado: 2,8 kg<\/li>\n<li>At\u00e9 2 pessoas<\/li>\n<li>Medidas<br \/>\n\u00d8 superior aprox. 292 mm<br \/>\n\u00d8 profundidade aprox. 220 mm,<br \/>\naltura aprox. 210mm<br \/>\n\u00d8 Grelha aprox. 258 mm<\/li>\n<li>Material<br \/>\nDe a\u00e7o<br \/>\nGrelha, recipiente interno, recipiente de carv\u00e3o e fechos: a\u00e7o inoxid\u00e1vel<\/li>\n<li>Inclu\u00eddo na entrega:<br \/>\nChurrasqueira  (pronta para uso)<br \/>\nbolsa de transporte<br \/>\n4 pilhas AA<br \/>\nmanuais<br \/>\nCabo de alimenta\u00e7\u00e3o USB<\/li>\n<\/ul>\n<p><iframe loading=\"lazy\" title=\"Lotusgrill SPA HD\" width=\"1020\" height=\"574\" src=\"https:\/\/www.youtube.com\/embed\/4Hr-EcmHcMw?feature=oembed&#038;enablejsapi=1&#038;origin=https:\/\/lotusgrill-online.es\" frameborder=\"0\" allow=\"accelerometer; autoplay; clipboard-write; encrypted-media; gyroscope; picture-in-picture; web-share\" referrerpolicy=\"strict-origin-when-cross-origin\" allowfullscreen><\/iframe><\/p>","protected":false},"excerpt":{"rendered":"<p><strong>Lotus Grill Mini, churrasqueira a carv\u00e3o quase livre de fuma\u00e7a, carregador USB, para at\u00e9 2 pessoas, corpo em a\u00e7o inoxid\u00e1vel, com bolsa de transporte.<\/strong><\/p>","protected":false},"featured_media":25223,"template":"","meta":[],"product_brand":[],"product_cat":[202],"product_tag":[193,191,192],"class_list":{"0":"post-5188","1":"product","2":"type-product","3":"status-publish","4":"has-post-thumbnail","6":"product_cat-lotusgrill-mini-hasta-2-comensales","7":"product_tag-barbacoa-electrica","8":"product_tag-lotusgrill","9":"product_tag-usb","11":"first","12":"instock","13":"taxable","14":"shipping-taxable","15":"purchasable","16":"product-type-variable","17":"has-default-attributes","18":"rtwpvg-product"},"yoast_head":"<!-- This site is optimized with the Yoast SEO plugin v26.8 - https:\/\/yoast.com\/product\/yoast-seo-wordpress\/ -->\n<title>Barbacoa a carb\u00f3n sin humo LotusGrill USB Hasta 2 comensales - lotusgrill-online.es<\/title>\n<meta name=\"description\" content=\"Barbacoa a carb\u00f3n sin humo LotusGrill USB Hasta 2 comensales, disponible en la tienda oficial Lotusgrill, c\u00f3mprala con total garant\u00eda y seguridad\" \/>\n<meta name=\"robots\" content=\"index, follow, max-snippet:-1, max-image-preview:large, max-video-preview:-1\" \/>\n<link rel=\"canonical\" href=\"https:\/\/lotusgrill-online.es\/pt\/product\/barbacoa-a-carbon-lotusgrill-usb-hasta-2-comensales\/\" \/>\n<meta property=\"og:locale\" content=\"pt_PT\" \/>\n<meta property=\"og:type\" content=\"article\" \/>\n<meta property=\"og:title\" content=\"Barbacoa a carb\u00f3n sin humo LotusGrill USB Hasta 2 comensales - lotusgrill-online.es\" \/>\n<meta property=\"og:description\" content=\"Barbacoa a carb\u00f3n sin humo LotusGrill USB Hasta 2 comensales, disponible en la tienda oficial Lotusgrill, c\u00f3mprala con total garant\u00eda y seguridad\" \/>\n<meta property=\"og:url\" content=\"https:\/\/lotusgrill-online.es\/pt\/product\/barbacoa-a-carbon-lotusgrill-usb-hasta-2-comensales\/\" \/>\n<meta property=\"og:site_name\" content=\"lotusgrill-online.es\" \/>\n<meta property=\"article:modified_time\" content=\"2024-08-06T17:44:38+00:00\" \/>\n<meta property=\"og:image\" content=\"https:\/\/lotusgrill-online.es\/wp-content\/uploads\/2024\/04\/G-GR-280_2018_Front_01.png\" \/>\n\t<meta property=\"og:image:width\" content=\"800\" \/>\n\t<meta property=\"og:image:height\" content=\"800\" \/>\n\t<meta property=\"og:image:type\" content=\"image\/png\" \/>\n<meta name=\"twitter:card\" content=\"summary_large_image\" \/>\n<meta name=\"twitter:label1\" content=\"Tempo estimado de leitura\" \/>\n\t<meta name=\"twitter:data1\" content=\"1 minuto\" \/>\n<script type=\"application\/ld+json\" class=\"yoast-schema-graph\">{\"@context\":\"https:\/\/schema.org\",\"@graph\":[{\"@type\":\"WebPage\",\"@id\":\"https:\/\/lotusgrill-online.es\/product\/barbacoa-a-carbon-lotusgrill-usb-hasta-2-comensales\/\",\"url\":\"https:\/\/lotusgrill-online.es\/product\/barbacoa-a-carbon-lotusgrill-usb-hasta-2-comensales\/\",\"name\":\"Barbacoa a carb\u00f3n sin humo LotusGrill USB Hasta 2 comensales - lotusgrill-online.es\",\"isPartOf\":{\"@id\":\"https:\/\/lotusgrill-online.es\/#website\"},\"primaryImageOfPage\":{\"@id\":\"https:\/\/lotusgrill-online.es\/product\/barbacoa-a-carbon-lotusgrill-usb-hasta-2-comensales\/#primaryimage\"},\"image\":{\"@id\":\"https:\/\/lotusgrill-online.es\/product\/barbacoa-a-carbon-lotusgrill-usb-hasta-2-comensales\/#primaryimage\"},\"thumbnailUrl\":\"https:\/\/lotusgrill-online.es\/wp-content\/uploads\/2024\/04\/G-GR-280_2018_Front_01.png\",\"datePublished\":\"2020-02-24T17:06:25+00:00\",\"dateModified\":\"2024-08-06T17:44:38+00:00\",\"description\":\"Barbacoa a carb\u00f3n sin humo LotusGrill USB Hasta 2 comensales, disponible en la tienda oficial Lotusgrill, c\u00f3mprala con total garant\u00eda y seguridad\",\"breadcrumb\":{\"@id\":\"https:\/\/lotusgrill-online.es\/product\/barbacoa-a-carbon-lotusgrill-usb-hasta-2-comensales\/#breadcrumb\"},\"inLanguage\":\"pt-PT\",\"potentialAction\":[{\"@type\":\"ReadAction\",\"target\":[\"https:\/\/lotusgrill-online.es\/product\/barbacoa-a-carbon-lotusgrill-usb-hasta-2-comensales\/\"]}]},{\"@type\":\"ImageObject\",\"inLanguage\":\"pt-PT\",\"@id\":\"https:\/\/lotusgrill-online.es\/product\/barbacoa-a-carbon-lotusgrill-usb-hasta-2-comensales\/#primaryimage\",\"url\":\"https:\/\/lotusgrill-online.es\/wp-content\/uploads\/2024\/04\/G-GR-280_2018_Front_01.png\",\"contentUrl\":\"https:\/\/lotusgrill-online.es\/wp-content\/uploads\/2024\/04\/G-GR-280_2018_Front_01.png\",\"width\":800,\"height\":800,\"caption\":\"Barbacoa carb\u00f3n sin humos Lotusgrill S color verde\"},{\"@type\":\"BreadcrumbList\",\"@id\":\"https:\/\/lotusgrill-online.es\/product\/barbacoa-a-carbon-lotusgrill-usb-hasta-2-comensales\/#breadcrumb\",\"itemListElement\":[{\"@type\":\"ListItem\",\"position\":1,\"name\":\"Portada\",\"item\":\"https:\/\/lotusgrill-online.es\/\"},{\"@type\":\"ListItem\",\"position\":2,\"name\":\"Shop\",\"item\":\"https:\/\/lotusgrill-online.es\/shop-tienda-oficial-lotusgrill\/\"},{\"@type\":\"ListItem\",\"position\":3,\"name\":\"LotusGrill &#8211; Minigrill USB &#8211; Hasta 2 comensales\"}]},{\"@type\":\"WebSite\",\"@id\":\"https:\/\/lotusgrill-online.es\/#website\",\"url\":\"https:\/\/lotusgrill-online.es\/\",\"name\":\"Lotusgrill-online\",\"description\":\"lotusgrill-online.es\",\"potentialAction\":[{\"@type\":\"SearchAction\",\"target\":{\"@type\":\"EntryPoint\",\"urlTemplate\":\"https:\/\/lotusgrill-online.es\/?s={search_term_string}\"},\"query-input\":{\"@type\":\"PropertyValueSpecification\",\"valueRequired\":true,\"valueName\":\"search_term_string\"}}],\"inLanguage\":\"pt-PT\"}]}<\/script>\n<!-- \/ Yoast SEO plugin. -->","yoast_head_json":{"title":"Churrasqueira a carv\u00e3o sem fumo LotusGrill USB At\u00e9 2 pessoas - lotusgrill-online.es","description":"Churrasqueira a carv\u00e3o sem fumo LotusGrill USB Para at\u00e9 2 pessoas, dispon\u00edvel na loja oficial Lotusgrill, compre com total garantia e seguran\u00e7a.","robots":{"index":"index","follow":"follow","max-snippet":"max-snippet:-1","max-image-preview":"max-image-preview:large","max-video-preview":"max-video-preview:-1"},"canonical":"https:\/\/lotusgrill-online.es\/pt\/product\/barbacoa-a-carbon-lotusgrill-usb-hasta-2-comensales\/","og_locale":"pt_PT","og_type":"article","og_title":"Barbacoa a carb\u00f3n sin humo LotusGrill USB Hasta 2 comensales - lotusgrill-online.es","og_description":"Barbacoa a carb\u00f3n sin humo LotusGrill USB Hasta 2 comensales, disponible en la tienda oficial Lotusgrill, c\u00f3mprala con total garant\u00eda y seguridad","og_url":"https:\/\/lotusgrill-online.es\/pt\/product\/barbacoa-a-carbon-lotusgrill-usb-hasta-2-comensales\/","og_site_name":"lotusgrill-online.es","article_modified_time":"2024-08-06T17:44:38+00:00","og_image":[{"width":800,"height":800,"url":"https:\/\/lotusgrill-online.es\/wp-content\/uploads\/2024\/04\/G-GR-280_2018_Front_01.png","type":"image\/png"}],"twitter_card":"summary_large_image","twitter_misc":{"Tempo estimado de leitura":"1 minuto"},"schema":{"@context":"https:\/\/schema.org","@graph":[{"@type":"WebPage","@id":"https:\/\/lotusgrill-online.es\/product\/barbacoa-a-carbon-lotusgrill-usb-hasta-2-comensales\/","url":"https:\/\/lotusgrill-online.es\/product\/barbacoa-a-carbon-lotusgrill-usb-hasta-2-comensales\/","name":"Churrasqueira a carv\u00e3o sem fumo LotusGrill USB At\u00e9 2 pessoas - lotusgrill-online.es","isPartOf":{"@id":"https:\/\/lotusgrill-online.es\/#website"},"primaryImageOfPage":{"@id":"https:\/\/lotusgrill-online.es\/product\/barbacoa-a-carbon-lotusgrill-usb-hasta-2-comensales\/#primaryimage"},"image":{"@id":"https:\/\/lotusgrill-online.es\/product\/barbacoa-a-carbon-lotusgrill-usb-hasta-2-comensales\/#primaryimage"},"thumbnailUrl":"https:\/\/lotusgrill-online.es\/wp-content\/uploads\/2024\/04\/G-GR-280_2018_Front_01.png","datePublished":"2020-02-24T17:06:25+00:00","dateModified":"2024-08-06T17:44:38+00:00","description":"Churrasqueira a carv\u00e3o sem fumo LotusGrill USB Para at\u00e9 2 pessoas, dispon\u00edvel na loja oficial Lotusgrill, compre com total garantia e seguran\u00e7a.","breadcrumb":{"@id":"https:\/\/lotusgrill-online.es\/product\/barbacoa-a-carbon-lotusgrill-usb-hasta-2-comensales\/#breadcrumb"},"inLanguage":"pt-PT","potentialAction":[{"@type":"ReadAction","target":["https:\/\/lotusgrill-online.es\/product\/barbacoa-a-carbon-lotusgrill-usb-hasta-2-comensales\/"]}]},{"@type":"ImageObject","inLanguage":"pt-PT","@id":"https:\/\/lotusgrill-online.es\/product\/barbacoa-a-carbon-lotusgrill-usb-hasta-2-comensales\/#primaryimage","url":"https:\/\/lotusgrill-online.es\/wp-content\/uploads\/2024\/04\/G-GR-280_2018_Front_01.png","contentUrl":"https:\/\/lotusgrill-online.es\/wp-content\/uploads\/2024\/04\/G-GR-280_2018_Front_01.png","width":800,"height":800,"caption":"Barbacoa carb\u00f3n sin humos Lotusgrill S color verde"},{"@type":"BreadcrumbList","@id":"https:\/\/lotusgrill-online.es\/product\/barbacoa-a-carbon-lotusgrill-usb-hasta-2-comensales\/#breadcrumb","itemListElement":[{"@type":"ListItem","position":1,"name":"Portada","item":"https:\/\/lotusgrill-online.es\/"},{"@type":"ListItem","position":2,"name":"Shop","item":"https:\/\/lotusgrill-online.es\/shop-tienda-oficial-lotusgrill\/"},{"@type":"ListItem","position":3,"name":"LotusGrill &#8211; Minigrill USB &#8211; Hasta 2 comensales"}]},{"@type":"WebSite","@id":"https:\/\/lotusgrill-online.es\/#website","url":"https:\/\/lotusgrill-online.es\/","name":"Lotusgrill-online","description":"lotusgrill-online.co.uk","potentialAction":[{"@type":"SearchAction","target":{"@type":"EntryPoint","urlTemplate":"https:\/\/lotusgrill-online.es\/?s={search_term_string}"},"query-input":{"@type":"PropertyValueSpecification","valueRequired":true,"valueName":"search_term_string"}}],"inLanguage":"pt-PT"}]}},"_links":{"self":[{"href":"https:\/\/lotusgrill-online.es\/pt\/wp-json\/wp\/v2\/product\/5188","targetHints":{"allow":["GET"]}}],"collection":[{"href":"https:\/\/lotusgrill-online.es\/pt\/wp-json\/wp\/v2\/product"}],"about":[{"href":"https:\/\/lotusgrill-online.es\/pt\/wp-json\/wp\/v2\/types\/product"}],"wp:featuredmedia":[{"embeddable":true,"href":"https:\/\/lotusgrill-online.es\/pt\/wp-json\/wp\/v2\/media\/25223"}],"wp:attachment":[{"href":"https:\/\/lotusgrill-online.es\/pt\/wp-json\/wp\/v2\/media?parent=5188"}],"wp:term":[{"taxonomy":"product_brand","embeddable":true,"href":"https:\/\/lotusgrill-online.es\/pt\/wp-json\/wp\/v2\/product_brand?post=5188"},{"taxonomy":"product_cat","embeddable":true,"href":"https:\/\/lotusgrill-online.es\/pt\/wp-json\/wp\/v2\/product_cat?post=5188"},{"taxonomy":"product_tag","embeddable":true,"href":"https:\/\/lotusgrill-online.es\/pt\/wp-json\/wp\/v2\/product_tag?post=5188"}],"curies":[{"name":"wp","href":"https:\/\/api.w.org\/{rel}","templated":true}]}}