{"id":5575,"date":"2020-03-24T12:14:16","date_gmt":"2020-03-24T12:14:16","guid":{"rendered":"https:\/\/lotusgrill-online.es\/?post_type=product&#038;p=5575"},"modified":"2022-08-05T09:02:55","modified_gmt":"2022-08-05T09:02:55","slug":"teppanyaki","status":"publish","type":"product","link":"https:\/\/lotusgrill-online.es\/pt\/product\/teppanyaki\/","title":{"rendered":"TEPPANYAKI"},"content":{"rendered":"<p class=\"p1\">A placa de teppanyaki de dupla face foi projetada para se encaixar perfeitamente na grelha do LotusGrill. Tamb\u00e9m pode ser usado com ou sem o cap\u00f4 LotusGrill.<\/p>\n<p class=\"p1\">Ap\u00f3s o uso, \u00e9 muito mais f\u00e1cil limpar, gra\u00e7as ao revestimento antiaderente LOTAN\u00ae. O conjunto consiste em uma placa de churrasco-teppanyaki feita de liga especial.<\/p>\n<p class=\"p2\">A placa de churrasco teppanyaki \u00e9 o acess\u00f3rio perfeito para o seu LotusGrill.<\/p>","protected":false},"excerpt":{"rendered":"<p class=\"p1\">Placa de teppanyaki de dupla face LotusGrill.<\/p>\n<p class=\"p1\">Recubrimiento antiadherente LOTAN\u00ae<\/p>","protected":false},"featured_media":5576,"template":"","meta":[],"product_brand":[],"product_cat":[203],"product_tag":[193,207,191,206],"class_list":{"0":"post-5575","1":"product","2":"type-product","3":"status-publish","4":"has-post-thumbnail","6":"product_cat-accesorios","7":"product_tag-barbacoa-electrica","8":"product_tag-grill","9":"product_tag-lotusgrill","10":"product_tag-teppanyaki","12":"first","13":"instock","14":"taxable","15":"shipping-taxable","16":"purchasable","17":"product-type-variable","18":"rtwpvg-product"},"yoast_head":"<!-- This site is optimized with the Yoast SEO plugin v26.8 - https:\/\/yoast.com\/product\/yoast-seo-wordpress\/ -->\n<title>TEPPANYAKI - lotusgrill-online.es<\/title>\n<meta name=\"description\" content=\"La placa teppanyaki de doble cara ha sido dise\u00f1ada para encajar perfectamente sobre la parrilla de la LotusGrill. Tambi\u00e9n puede ser usada con o sin la campana LotusGrill.Tras su uso no puede ser m\u00e1s f\u00e1cil de limpiar gracias a su recubrimiento antiadherente de LOTAN\u00ae. El set consiste de una placa barbacoa-teppanyaki fabricada de aleaci\u00f3n especial.La placa barbacoa teppanyaki es el accesorio perfecto para su LotusGrill.\" \/>\n<meta name=\"robots\" content=\"index, follow, max-snippet:-1, max-image-preview:large, max-video-preview:-1\" \/>\n<link rel=\"canonical\" href=\"https:\/\/lotusgrill-online.es\/pt\/product\/teppanyaki\/\" \/>\n<meta property=\"og:locale\" content=\"pt_PT\" \/>\n<meta property=\"og:type\" content=\"article\" \/>\n<meta property=\"og:title\" content=\"TEPPANYAKI - lotusgrill-online.es\" \/>\n<meta property=\"og:description\" content=\"La placa teppanyaki de doble cara ha sido dise\u00f1ada para encajar perfectamente sobre la parrilla de la LotusGrill. Tambi\u00e9n puede ser usada con o sin la campana LotusGrill.Tras su uso no puede ser m\u00e1s f\u00e1cil de limpiar gracias a su recubrimiento antiadherente de LOTAN\u00ae. El set consiste de una placa barbacoa-teppanyaki fabricada de aleaci\u00f3n especial.La placa barbacoa teppanyaki es el accesorio perfecto para su LotusGrill.\" \/>\n<meta property=\"og:url\" content=\"https:\/\/lotusgrill-online.es\/pt\/product\/teppanyaki\/\" \/>\n<meta property=\"og:site_name\" content=\"lotusgrill-online.es\" \/>\n<meta property=\"article:modified_time\" content=\"2022-08-05T09:02:55+00:00\" \/>\n<meta property=\"og:image\" content=\"https:\/\/lotusgrill-online.es\/wp-content\/uploads\/2020\/03\/TEPPANYAKIPLATTE_2.jpg\" \/>\n\t<meta property=\"og:image:width\" content=\"960\" \/>\n\t<meta property=\"og:image:height\" content=\"960\" \/>\n\t<meta property=\"og:image:type\" content=\"image\/jpeg\" \/>\n<meta name=\"twitter:card\" content=\"summary_large_image\" \/>\n<script type=\"application\/ld+json\" class=\"yoast-schema-graph\">{\"@context\":\"https:\/\/schema.org\",\"@graph\":[{\"@type\":\"WebPage\",\"@id\":\"https:\/\/lotusgrill-online.es\/product\/teppanyaki\/\",\"url\":\"https:\/\/lotusgrill-online.es\/product\/teppanyaki\/\",\"name\":\"TEPPANYAKI - lotusgrill-online.es\",\"isPartOf\":{\"@id\":\"https:\/\/lotusgrill-online.es\/#website\"},\"primaryImageOfPage\":{\"@id\":\"https:\/\/lotusgrill-online.es\/product\/teppanyaki\/#primaryimage\"},\"image\":{\"@id\":\"https:\/\/lotusgrill-online.es\/product\/teppanyaki\/#primaryimage\"},\"thumbnailUrl\":\"https:\/\/lotusgrill-online.es\/wp-content\/uploads\/2020\/03\/TEPPANYAKIPLATTE_2.jpg\",\"datePublished\":\"2020-03-24T12:14:16+00:00\",\"dateModified\":\"2022-08-05T09:02:55+00:00\",\"description\":\"La placa teppanyaki de doble cara ha sido dise\u00f1ada para encajar perfectamente sobre la parrilla de la LotusGrill. Tambi\u00e9n puede ser usada con o sin la campana LotusGrill.Tras su uso no puede ser m\u00e1s f\u00e1cil de limpiar gracias a su recubrimiento antiadherente de LOTAN\u00ae. El set consiste de una placa barbacoa-teppanyaki fabricada de aleaci\u00f3n especial.La placa barbacoa teppanyaki es el accesorio perfecto para su LotusGrill.\",\"breadcrumb\":{\"@id\":\"https:\/\/lotusgrill-online.es\/product\/teppanyaki\/#breadcrumb\"},\"inLanguage\":\"pt-PT\",\"potentialAction\":[{\"@type\":\"ReadAction\",\"target\":[\"https:\/\/lotusgrill-online.es\/product\/teppanyaki\/\"]}]},{\"@type\":\"ImageObject\",\"inLanguage\":\"pt-PT\",\"@id\":\"https:\/\/lotusgrill-online.es\/product\/teppanyaki\/#primaryimage\",\"url\":\"https:\/\/lotusgrill-online.es\/wp-content\/uploads\/2020\/03\/TEPPANYAKIPLATTE_2.jpg\",\"contentUrl\":\"https:\/\/lotusgrill-online.es\/wp-content\/uploads\/2020\/03\/TEPPANYAKIPLATTE_2.jpg\",\"width\":960,\"height\":960,\"caption\":\"placa teppanyaki de doble cara LOTUSGRILL\"},{\"@type\":\"BreadcrumbList\",\"@id\":\"https:\/\/lotusgrill-online.es\/product\/teppanyaki\/#breadcrumb\",\"itemListElement\":[{\"@type\":\"ListItem\",\"position\":1,\"name\":\"Portada\",\"item\":\"https:\/\/lotusgrill-online.es\/\"},{\"@type\":\"ListItem\",\"position\":2,\"name\":\"Shop\",\"item\":\"https:\/\/lotusgrill-online.es\/shop-tienda-oficial-lotusgrill\/\"},{\"@type\":\"ListItem\",\"position\":3,\"name\":\"TEPPANYAKI\"}]},{\"@type\":\"WebSite\",\"@id\":\"https:\/\/lotusgrill-online.es\/#website\",\"url\":\"https:\/\/lotusgrill-online.es\/\",\"name\":\"Lotusgrill-online\",\"description\":\"lotusgrill-online.es\",\"potentialAction\":[{\"@type\":\"SearchAction\",\"target\":{\"@type\":\"EntryPoint\",\"urlTemplate\":\"https:\/\/lotusgrill-online.es\/?s={search_term_string}\"},\"query-input\":{\"@type\":\"PropertyValueSpecification\",\"valueRequired\":true,\"valueName\":\"search_term_string\"}}],\"inLanguage\":\"pt-PT\"}]}<\/script>\n<!-- \/ Yoast SEO plugin. -->","yoast_head_json":{"title":"TEPPANYAKI - lotusgrill-online.es","description":"A placa teppanyaki dupla face foi concebida para encaixar perfeitamente na grelha do LotusGrill. Tamb\u00e9m pode ser utilizada com ou sem a camp\u00e2nula LotusGrill. Ap\u00f3s a utiliza\u00e7\u00e3o, n\u00e3o poderia ser mais f\u00e1cil de limpar gra\u00e7as ao seu revestimento antiaderente LOTAN\u00ae. O conjunto \u00e9 composto por uma placa para churrasco-teppanyaki fabricada em liga especial. A placa para churrasco teppanyaki \u00e9 o acess\u00f3rio perfeito para o seu LotusGrill.","robots":{"index":"index","follow":"follow","max-snippet":"max-snippet:-1","max-image-preview":"max-image-preview:large","max-video-preview":"max-video-preview:-1"},"canonical":"https:\/\/lotusgrill-online.es\/pt\/product\/teppanyaki\/","og_locale":"pt_PT","og_type":"article","og_title":"TEPPANYAKI - lotusgrill-online.es","og_description":"La placa teppanyaki de doble cara ha sido dise\u00f1ada para encajar perfectamente sobre la parrilla de la LotusGrill. Tambi\u00e9n puede ser usada con o sin la campana LotusGrill.Tras su uso no puede ser m\u00e1s f\u00e1cil de limpiar gracias a su recubrimiento antiadherente de LOTAN\u00ae. El set consiste de una placa barbacoa-teppanyaki fabricada de aleaci\u00f3n especial.La placa barbacoa teppanyaki es el accesorio perfecto para su LotusGrill.","og_url":"https:\/\/lotusgrill-online.es\/pt\/product\/teppanyaki\/","og_site_name":"lotusgrill-online.es","article_modified_time":"2022-08-05T09:02:55+00:00","og_image":[{"width":960,"height":960,"url":"https:\/\/lotusgrill-online.es\/wp-content\/uploads\/2020\/03\/TEPPANYAKIPLATTE_2.jpg","type":"image\/jpeg"}],"twitter_card":"summary_large_image","schema":{"@context":"https:\/\/schema.org","@graph":[{"@type":"WebPage","@id":"https:\/\/lotusgrill-online.es\/product\/teppanyaki\/","url":"https:\/\/lotusgrill-online.es\/product\/teppanyaki\/","name":"TEPPANYAKI - lotusgrill-online.es","isPartOf":{"@id":"https:\/\/lotusgrill-online.es\/#website"},"primaryImageOfPage":{"@id":"https:\/\/lotusgrill-online.es\/product\/teppanyaki\/#primaryimage"},"image":{"@id":"https:\/\/lotusgrill-online.es\/product\/teppanyaki\/#primaryimage"},"thumbnailUrl":"https:\/\/lotusgrill-online.es\/wp-content\/uploads\/2020\/03\/TEPPANYAKIPLATTE_2.jpg","datePublished":"2020-03-24T12:14:16+00:00","dateModified":"2022-08-05T09:02:55+00:00","description":"A placa teppanyaki dupla face foi concebida para encaixar perfeitamente na grelha do LotusGrill. Tamb\u00e9m pode ser utilizada com ou sem a camp\u00e2nula LotusGrill. Ap\u00f3s a utiliza\u00e7\u00e3o, n\u00e3o poderia ser mais f\u00e1cil de limpar gra\u00e7as ao seu revestimento antiaderente LOTAN\u00ae. O conjunto \u00e9 composto por uma placa para churrasco-teppanyaki fabricada em liga especial. A placa para churrasco teppanyaki \u00e9 o acess\u00f3rio perfeito para o seu LotusGrill.","breadcrumb":{"@id":"https:\/\/lotusgrill-online.es\/product\/teppanyaki\/#breadcrumb"},"inLanguage":"pt-PT","potentialAction":[{"@type":"ReadAction","target":["https:\/\/lotusgrill-online.es\/product\/teppanyaki\/"]}]},{"@type":"ImageObject","inLanguage":"pt-PT","@id":"https:\/\/lotusgrill-online.es\/product\/teppanyaki\/#primaryimage","url":"https:\/\/lotusgrill-online.es\/wp-content\/uploads\/2020\/03\/TEPPANYAKIPLATTE_2.jpg","contentUrl":"https:\/\/lotusgrill-online.es\/wp-content\/uploads\/2020\/03\/TEPPANYAKIPLATTE_2.jpg","width":960,"height":960,"caption":"placa teppanyaki de doble cara LOTUSGRILL"},{"@type":"BreadcrumbList","@id":"https:\/\/lotusgrill-online.es\/product\/teppanyaki\/#breadcrumb","itemListElement":[{"@type":"ListItem","position":1,"name":"Portada","item":"https:\/\/lotusgrill-online.es\/"},{"@type":"ListItem","position":2,"name":"Shop","item":"https:\/\/lotusgrill-online.es\/shop-tienda-oficial-lotusgrill\/"},{"@type":"ListItem","position":3,"name":"TEPPANYAKI"}]},{"@type":"WebSite","@id":"https:\/\/lotusgrill-online.es\/#website","url":"https:\/\/lotusgrill-online.es\/","name":"Lotusgrill-online","description":"lotusgrill-online.co.uk","potentialAction":[{"@type":"SearchAction","target":{"@type":"EntryPoint","urlTemplate":"https:\/\/lotusgrill-online.es\/?s={search_term_string}"},"query-input":{"@type":"PropertyValueSpecification","valueRequired":true,"valueName":"search_term_string"}}],"inLanguage":"pt-PT"}]}},"_links":{"self":[{"href":"https:\/\/lotusgrill-online.es\/pt\/wp-json\/wp\/v2\/product\/5575","targetHints":{"allow":["GET"]}}],"collection":[{"href":"https:\/\/lotusgrill-online.es\/pt\/wp-json\/wp\/v2\/product"}],"about":[{"href":"https:\/\/lotusgrill-online.es\/pt\/wp-json\/wp\/v2\/types\/product"}],"wp:featuredmedia":[{"embeddable":true,"href":"https:\/\/lotusgrill-online.es\/pt\/wp-json\/wp\/v2\/media\/5576"}],"wp:attachment":[{"href":"https:\/\/lotusgrill-online.es\/pt\/wp-json\/wp\/v2\/media?parent=5575"}],"wp:term":[{"taxonomy":"product_brand","embeddable":true,"href":"https:\/\/lotusgrill-online.es\/pt\/wp-json\/wp\/v2\/product_brand?post=5575"},{"taxonomy":"product_cat","embeddable":true,"href":"https:\/\/lotusgrill-online.es\/pt\/wp-json\/wp\/v2\/product_cat?post=5575"},{"taxonomy":"product_tag","embeddable":true,"href":"https:\/\/lotusgrill-online.es\/pt\/wp-json\/wp\/v2\/product_tag?post=5575"}],"curies":[{"name":"wp","href":"https:\/\/api.w.org\/{rel}","templated":true}]}}