{"id":5578,"date":"2020-03-24T12:21:04","date_gmt":"2020-03-24T12:21:04","guid":{"rendered":"https:\/\/lotusgrill-online.es\/?post_type=product&#038;p=5578"},"modified":"2026-03-12T18:04:59","modified_gmt":"2026-03-12T18:04:59","slug":"set-piedra-pizza","status":"publish","type":"product","link":"https:\/\/lotusgrill-online.es\/pt\/product\/set-piedra-pizza\/","title":{"rendered":"CONJUNTO DE PEDRA DE PIZZA"},"content":{"rendered":"<p class=\"p1\">A pedra combina perfeitamente para caber no seu churrasco LotusGrill.<\/p>\n<p class=\"p1\">Com ele podemos cozinhar desde pizza, peixe, carne, hamb\u00fargueres, vegetais e p\u00e3o entre outros.<\/p>\n<p class=\"p1\">O conjunto cont\u00e9m uma base de pedra <i>Cordierita<\/i>, material com alta resist\u00eancia ao choque t\u00e9rmico e estrutura em a\u00e7o inox com grande estabilidade.<\/p>\n<p class=\"p1\">F\u00e1cil de limpar gra\u00e7as ao revestimento antiaderente especial<\/p>\n<p>&nbsp;<\/p>\n<p class=\"p2\"><strong>Para LotusGrill L e XL e LotusGrill L USB e LotusGrill XL USB<\/strong><\/p>","protected":false},"excerpt":{"rendered":"<p class=\"p1\"><strong>Recubrimiento antiadherente LOTAN\u00ae<\/strong><\/p>\n<p><strong>Para LotusGrill L e XL e LotusGrill L USB e LotusGrill XL USB<\/strong><\/p>","protected":false},"featured_media":5579,"template":"","meta":[],"product_brand":[],"product_cat":[203],"product_tag":[193,191,205],"class_list":{"0":"post-5578","1":"product","2":"type-product","3":"status-publish","4":"has-post-thumbnail","6":"product_cat-accesorios","7":"product_tag-barbacoa-electrica","8":"product_tag-lotusgrill","9":"product_tag-pizza","11":"first","12":"instock","13":"taxable","14":"shipping-taxable","15":"purchasable","16":"product-type-variable","17":"rtwpvg-product"},"yoast_head":"<!-- This site is optimized with the Yoast SEO plugin v26.8 - https:\/\/yoast.com\/product\/yoast-seo-wordpress\/ -->\n<title>SET PIEDRA PIZZA - lotusgrill-online.es<\/title>\n<meta name=\"description\" content=\"La piedra est\u00e1 perfectamente adaptada para que se ajuste a su barbacoa LotusGrill. Con ella podremos cocinar desde pizza, pescado, carne, hamburguesas, hortalizas y pan entre otros. El set contiene una base de piedra Cordierita, material de alta resistencia al choque t\u00e9rmico y estructura en acero inoxidable con gran estabilidad. F\u00e1cil de limpiar.Disponible en ambos tama\u00f1os.\" \/>\n<meta name=\"robots\" content=\"index, follow, max-snippet:-1, max-image-preview:large, max-video-preview:-1\" \/>\n<link rel=\"canonical\" href=\"https:\/\/lotusgrill-online.es\/pt\/product\/set-piedra-pizza\/\" \/>\n<meta property=\"og:locale\" content=\"pt_PT\" \/>\n<meta property=\"og:type\" content=\"article\" \/>\n<meta property=\"og:title\" content=\"SET PIEDRA PIZZA - lotusgrill-online.es\" \/>\n<meta property=\"og:description\" content=\"La piedra est\u00e1 perfectamente adaptada para que se ajuste a su barbacoa LotusGrill. Con ella podremos cocinar desde pizza, pescado, carne, hamburguesas, hortalizas y pan entre otros. El set contiene una base de piedra Cordierita, material de alta resistencia al choque t\u00e9rmico y estructura en acero inoxidable con gran estabilidad. F\u00e1cil de limpiar.Disponible en ambos tama\u00f1os.\" \/>\n<meta property=\"og:url\" content=\"https:\/\/lotusgrill-online.es\/pt\/product\/set-piedra-pizza\/\" \/>\n<meta property=\"og:site_name\" content=\"lotusgrill-online.es\" \/>\n<meta property=\"article:modified_time\" content=\"2026-03-12T18:04:59+00:00\" \/>\n<meta property=\"og:image\" content=\"https:\/\/lotusgrill-online.es\/wp-content\/uploads\/2020\/03\/Pizzastein-Set-XL_01.jpg\" \/>\n\t<meta property=\"og:image:width\" content=\"960\" \/>\n\t<meta property=\"og:image:height\" content=\"960\" \/>\n\t<meta property=\"og:image:type\" content=\"image\/jpeg\" \/>\n<meta name=\"twitter:card\" content=\"summary_large_image\" \/>\n<meta name=\"twitter:label1\" content=\"Tempo estimado de leitura\" \/>\n\t<meta name=\"twitter:data1\" content=\"1 minuto\" \/>\n<script type=\"application\/ld+json\" class=\"yoast-schema-graph\">{\"@context\":\"https:\/\/schema.org\",\"@graph\":[{\"@type\":\"WebPage\",\"@id\":\"https:\/\/lotusgrill-online.es\/product\/set-piedra-pizza\/\",\"url\":\"https:\/\/lotusgrill-online.es\/product\/set-piedra-pizza\/\",\"name\":\"SET PIEDRA PIZZA - lotusgrill-online.es\",\"isPartOf\":{\"@id\":\"https:\/\/lotusgrill-online.es\/#website\"},\"primaryImageOfPage\":{\"@id\":\"https:\/\/lotusgrill-online.es\/product\/set-piedra-pizza\/#primaryimage\"},\"image\":{\"@id\":\"https:\/\/lotusgrill-online.es\/product\/set-piedra-pizza\/#primaryimage\"},\"thumbnailUrl\":\"https:\/\/lotusgrill-online.es\/wp-content\/uploads\/2020\/03\/Pizzastein-Set-XL_01.jpg\",\"datePublished\":\"2020-03-24T12:21:04+00:00\",\"dateModified\":\"2026-03-12T18:04:59+00:00\",\"description\":\"La piedra est\u00e1 perfectamente adaptada para que se ajuste a su barbacoa LotusGrill. Con ella podremos cocinar desde pizza, pescado, carne, hamburguesas, hortalizas y pan entre otros. El set contiene una base de piedra Cordierita, material de alta resistencia al choque t\u00e9rmico y estructura en acero inoxidable con gran estabilidad. F\u00e1cil de limpiar.Disponible en ambos tama\u00f1os.\",\"breadcrumb\":{\"@id\":\"https:\/\/lotusgrill-online.es\/product\/set-piedra-pizza\/#breadcrumb\"},\"inLanguage\":\"pt-PT\",\"potentialAction\":[{\"@type\":\"ReadAction\",\"target\":[\"https:\/\/lotusgrill-online.es\/product\/set-piedra-pizza\/\"]}]},{\"@type\":\"ImageObject\",\"inLanguage\":\"pt-PT\",\"@id\":\"https:\/\/lotusgrill-online.es\/product\/set-piedra-pizza\/#primaryimage\",\"url\":\"https:\/\/lotusgrill-online.es\/wp-content\/uploads\/2020\/03\/Pizzastein-Set-XL_01.jpg\",\"contentUrl\":\"https:\/\/lotusgrill-online.es\/wp-content\/uploads\/2020\/03\/Pizzastein-Set-XL_01.jpg\",\"width\":960,\"height\":960,\"caption\":\"Base pizza LotusGrill\"},{\"@type\":\"BreadcrumbList\",\"@id\":\"https:\/\/lotusgrill-online.es\/product\/set-piedra-pizza\/#breadcrumb\",\"itemListElement\":[{\"@type\":\"ListItem\",\"position\":1,\"name\":\"Portada\",\"item\":\"https:\/\/lotusgrill-online.es\/\"},{\"@type\":\"ListItem\",\"position\":2,\"name\":\"Shop\",\"item\":\"https:\/\/lotusgrill-online.es\/shop-tienda-oficial-lotusgrill\/\"},{\"@type\":\"ListItem\",\"position\":3,\"name\":\"SET PIEDRA PIZZA\"}]},{\"@type\":\"WebSite\",\"@id\":\"https:\/\/lotusgrill-online.es\/#website\",\"url\":\"https:\/\/lotusgrill-online.es\/\",\"name\":\"Lotusgrill-online\",\"description\":\"lotusgrill-online.es\",\"potentialAction\":[{\"@type\":\"SearchAction\",\"target\":{\"@type\":\"EntryPoint\",\"urlTemplate\":\"https:\/\/lotusgrill-online.es\/?s={search_term_string}\"},\"query-input\":{\"@type\":\"PropertyValueSpecification\",\"valueRequired\":true,\"valueName\":\"search_term_string\"}}],\"inLanguage\":\"pt-PT\"}]}<\/script>\n<!-- \/ Yoast SEO plugin. -->","yoast_head_json":{"title":"CONJUNTO PEDRA PARA PIZZA - lotusgrill-online.es","description":"A pedra est\u00e1 perfeitamente adaptada para se ajustar ao seu LotusGrill. Com ela, podemos cozinhar pizza, peixe, carne, hamb\u00fargueres, legumes e p\u00e3o, entre outros. O conjunto cont\u00e9m uma base de pedra Cordierita, material altamente resistente ao choque t\u00e9rmico, e estrutura em a\u00e7o inoxid\u00e1vel com grande estabilidade. F\u00e1cil de limpar. Dispon\u00edvel em ambos os tamanhos.","robots":{"index":"index","follow":"follow","max-snippet":"max-snippet:-1","max-image-preview":"max-image-preview:large","max-video-preview":"max-video-preview:-1"},"canonical":"https:\/\/lotusgrill-online.es\/pt\/product\/set-piedra-pizza\/","og_locale":"pt_PT","og_type":"article","og_title":"SET PIEDRA PIZZA - lotusgrill-online.es","og_description":"La piedra est\u00e1 perfectamente adaptada para que se ajuste a su barbacoa LotusGrill. Con ella podremos cocinar desde pizza, pescado, carne, hamburguesas, hortalizas y pan entre otros. El set contiene una base de piedra Cordierita, material de alta resistencia al choque t\u00e9rmico y estructura en acero inoxidable con gran estabilidad. F\u00e1cil de limpiar.Disponible en ambos tama\u00f1os.","og_url":"https:\/\/lotusgrill-online.es\/pt\/product\/set-piedra-pizza\/","og_site_name":"lotusgrill-online.es","article_modified_time":"2026-03-12T18:04:59+00:00","og_image":[{"width":960,"height":960,"url":"https:\/\/lotusgrill-online.es\/wp-content\/uploads\/2020\/03\/Pizzastein-Set-XL_01.jpg","type":"image\/jpeg"}],"twitter_card":"summary_large_image","twitter_misc":{"Tempo estimado de leitura":"1 minuto"},"schema":{"@context":"https:\/\/schema.org","@graph":[{"@type":"WebPage","@id":"https:\/\/lotusgrill-online.es\/product\/set-piedra-pizza\/","url":"https:\/\/lotusgrill-online.es\/product\/set-piedra-pizza\/","name":"CONJUNTO PEDRA PARA PIZZA - lotusgrill-online.es","isPartOf":{"@id":"https:\/\/lotusgrill-online.es\/#website"},"primaryImageOfPage":{"@id":"https:\/\/lotusgrill-online.es\/product\/set-piedra-pizza\/#primaryimage"},"image":{"@id":"https:\/\/lotusgrill-online.es\/product\/set-piedra-pizza\/#primaryimage"},"thumbnailUrl":"https:\/\/lotusgrill-online.es\/wp-content\/uploads\/2020\/03\/Pizzastein-Set-XL_01.jpg","datePublished":"2020-03-24T12:21:04+00:00","dateModified":"2026-03-12T18:04:59+00:00","description":"A pedra est\u00e1 perfeitamente adaptada para se ajustar ao seu LotusGrill. Com ela, podemos cozinhar pizza, peixe, carne, hamb\u00fargueres, legumes e p\u00e3o, entre outros. O conjunto cont\u00e9m uma base de pedra Cordierita, material altamente resistente ao choque t\u00e9rmico, e estrutura em a\u00e7o inoxid\u00e1vel com grande estabilidade. F\u00e1cil de limpar. Dispon\u00edvel em ambos os tamanhos.","breadcrumb":{"@id":"https:\/\/lotusgrill-online.es\/product\/set-piedra-pizza\/#breadcrumb"},"inLanguage":"pt-PT","potentialAction":[{"@type":"ReadAction","target":["https:\/\/lotusgrill-online.es\/product\/set-piedra-pizza\/"]}]},{"@type":"ImageObject","inLanguage":"pt-PT","@id":"https:\/\/lotusgrill-online.es\/product\/set-piedra-pizza\/#primaryimage","url":"https:\/\/lotusgrill-online.es\/wp-content\/uploads\/2020\/03\/Pizzastein-Set-XL_01.jpg","contentUrl":"https:\/\/lotusgrill-online.es\/wp-content\/uploads\/2020\/03\/Pizzastein-Set-XL_01.jpg","width":960,"height":960,"caption":"Base pizza LotusGrill"},{"@type":"BreadcrumbList","@id":"https:\/\/lotusgrill-online.es\/product\/set-piedra-pizza\/#breadcrumb","itemListElement":[{"@type":"ListItem","position":1,"name":"Portada","item":"https:\/\/lotusgrill-online.es\/"},{"@type":"ListItem","position":2,"name":"Shop","item":"https:\/\/lotusgrill-online.es\/shop-tienda-oficial-lotusgrill\/"},{"@type":"ListItem","position":3,"name":"SET PIEDRA PIZZA"}]},{"@type":"WebSite","@id":"https:\/\/lotusgrill-online.es\/#website","url":"https:\/\/lotusgrill-online.es\/","name":"Lotusgrill-online","description":"lotusgrill-online.co.uk","potentialAction":[{"@type":"SearchAction","target":{"@type":"EntryPoint","urlTemplate":"https:\/\/lotusgrill-online.es\/?s={search_term_string}"},"query-input":{"@type":"PropertyValueSpecification","valueRequired":true,"valueName":"search_term_string"}}],"inLanguage":"pt-PT"}]}},"_links":{"self":[{"href":"https:\/\/lotusgrill-online.es\/pt\/wp-json\/wp\/v2\/product\/5578","targetHints":{"allow":["GET"]}}],"collection":[{"href":"https:\/\/lotusgrill-online.es\/pt\/wp-json\/wp\/v2\/product"}],"about":[{"href":"https:\/\/lotusgrill-online.es\/pt\/wp-json\/wp\/v2\/types\/product"}],"wp:featuredmedia":[{"embeddable":true,"href":"https:\/\/lotusgrill-online.es\/pt\/wp-json\/wp\/v2\/media\/5579"}],"wp:attachment":[{"href":"https:\/\/lotusgrill-online.es\/pt\/wp-json\/wp\/v2\/media?parent=5578"}],"wp:term":[{"taxonomy":"product_brand","embeddable":true,"href":"https:\/\/lotusgrill-online.es\/pt\/wp-json\/wp\/v2\/product_brand?post=5578"},{"taxonomy":"product_cat","embeddable":true,"href":"https:\/\/lotusgrill-online.es\/pt\/wp-json\/wp\/v2\/product_cat?post=5578"},{"taxonomy":"product_tag","embeddable":true,"href":"https:\/\/lotusgrill-online.es\/pt\/wp-json\/wp\/v2\/product_tag?post=5578"}],"curies":[{"name":"wp","href":"https:\/\/api.w.org\/{rel}","templated":true}]}}