{"id":5583,"date":"2020-03-24T15:20:43","date_gmt":"2020-03-24T15:20:43","guid":{"rendered":"https:\/\/lotusgrill-online.es\/?post_type=product&#038;p=5583"},"modified":"2026-04-20T06:46:07","modified_gmt":"2026-04-20T06:46:07","slug":"tapa-cristal","status":"publish","type":"product","link":"https:\/\/lotusgrill-online.es\/pt\/product\/tapa-cristal\/","title":{"rendered":"TAMPA DE VIDRO"},"content":{"rendered":"<p class=\"p1\">A tampa especialmente desenvolvida com vidro de seguran\u00e7a transforma o LotusGrill em um verdadeiro churrasco multifuncional.<\/p>\n<p class=\"p1\">O bot\u00e3o incorpora um <strong>term\u00f4metro integrado<\/strong> para uma leitura f\u00e1cil e precisa da temperatura interior.<\/p>\n<p class=\"p1\">A regula\u00e7\u00e3o ideal da temperatura \u00e9 controlada diretamente no LotusGrill usando o bot\u00e3o do ventilador ajust\u00e1vel.<\/p>\n<p class=\"p1\">Atrav\u00e9s do vidro, voc\u00ea pode observar confortavelmente o cozimento dos alimentos sem precisar levant\u00e1-lo.<\/p>\n<p class=\"p2\">Com este acess\u00f3rio, podemos assar, assar, cozinhar em alta ou baixa temperatura ou simplesmente manter os alimentos quentes. Ap\u00f3s o uso, pode ser lavado na m\u00e1quina de lavar lou\u00e7a.<\/p>\n<p><strong>Para churrasco LotusGrill L e L USB<\/strong><\/p>\n<p class=\"p2\">","protected":false},"excerpt":{"rendered":"<p class=\"p1\"><strong>A tampa especialmente desenvolvida com vidro de seguran\u00e7a transforma o LotusGrill em um verdadeiro churrasco multifuncional para assar, assar, cozinhar em temperaturas altas ou baixas ou apenas para manter os alimentos quentes.<\/strong><\/p>\n<p><strong>Para churrasco LotusGrill L e L USB<\/strong><\/p>","protected":false},"featured_media":5584,"template":"","meta":[],"product_brand":[],"product_cat":[203],"product_tag":[193,191,208,205],"class_list":{"0":"post-5583","1":"product","2":"type-product","3":"status-publish","4":"has-post-thumbnail","6":"product_cat-accesorios","7":"product_tag-barbacoa-electrica","8":"product_tag-lotusgrill","9":"product_tag-lotusgrill-l","10":"product_tag-pizza","12":"first","13":"instock","14":"taxable","15":"shipping-taxable","16":"purchasable","17":"product-type-variable","18":"rtwpvg-product"},"yoast_head":"<!-- This site is optimized with the Yoast SEO plugin v26.8 - https:\/\/yoast.com\/product\/yoast-seo-wordpress\/ -->\n<title>TAPA CRISTAL - lotusgrill-online.es<\/title>\n<meta name=\"description\" content=\"La tapa especialmente desarrollada con vidrio de seguridad convierte la LotusGrill en una verdadera barbacoa multifunci\u00f3n para hornear, asar y cocer.\" \/>\n<meta name=\"robots\" content=\"index, follow, max-snippet:-1, max-image-preview:large, max-video-preview:-1\" \/>\n<link rel=\"canonical\" href=\"https:\/\/lotusgrill-online.es\/pt\/product\/tapa-cristal\/\" \/>\n<meta property=\"og:locale\" content=\"pt_PT\" \/>\n<meta property=\"og:type\" content=\"article\" \/>\n<meta property=\"og:title\" content=\"TAPA CRISTAL - lotusgrill-online.es\" \/>\n<meta property=\"og:description\" content=\"La tapa especialmente desarrollada con vidrio de seguridad convierte la LotusGrill en una verdadera barbacoa multifunci\u00f3n para hornear, asar y cocer.\" \/>\n<meta property=\"og:url\" content=\"https:\/\/lotusgrill-online.es\/pt\/product\/tapa-cristal\/\" \/>\n<meta property=\"og:site_name\" content=\"lotusgrill-online.es\" \/>\n<meta property=\"article:modified_time\" content=\"2026-04-20T06:46:07+00:00\" \/>\n<meta property=\"og:image\" content=\"https:\/\/lotusgrill-online.es\/wp-content\/uploads\/2020\/03\/Grillhaube_1.jpg\" \/>\n\t<meta property=\"og:image:width\" content=\"960\" \/>\n\t<meta property=\"og:image:height\" content=\"960\" \/>\n\t<meta property=\"og:image:type\" content=\"image\/jpeg\" \/>\n<meta name=\"twitter:card\" content=\"summary_large_image\" \/>\n<meta name=\"twitter:label1\" content=\"Tempo estimado de leitura\" \/>\n\t<meta name=\"twitter:data1\" content=\"1 minuto\" \/>\n<script type=\"application\/ld+json\" class=\"yoast-schema-graph\">{\"@context\":\"https:\/\/schema.org\",\"@graph\":[{\"@type\":\"WebPage\",\"@id\":\"https:\/\/lotusgrill-online.es\/product\/tapa-cristal\/\",\"url\":\"https:\/\/lotusgrill-online.es\/product\/tapa-cristal\/\",\"name\":\"TAPA CRISTAL - lotusgrill-online.es\",\"isPartOf\":{\"@id\":\"https:\/\/lotusgrill-online.es\/#website\"},\"primaryImageOfPage\":{\"@id\":\"https:\/\/lotusgrill-online.es\/product\/tapa-cristal\/#primaryimage\"},\"image\":{\"@id\":\"https:\/\/lotusgrill-online.es\/product\/tapa-cristal\/#primaryimage\"},\"thumbnailUrl\":\"https:\/\/lotusgrill-online.es\/wp-content\/uploads\/2020\/03\/Grillhaube_1.jpg\",\"datePublished\":\"2020-03-24T15:20:43+00:00\",\"dateModified\":\"2026-04-20T06:46:07+00:00\",\"description\":\"La tapa especialmente desarrollada con vidrio de seguridad convierte la LotusGrill en una verdadera barbacoa multifunci\u00f3n para hornear, asar y cocer.\",\"breadcrumb\":{\"@id\":\"https:\/\/lotusgrill-online.es\/product\/tapa-cristal\/#breadcrumb\"},\"inLanguage\":\"pt-PT\",\"potentialAction\":[{\"@type\":\"ReadAction\",\"target\":[\"https:\/\/lotusgrill-online.es\/product\/tapa-cristal\/\"]}]},{\"@type\":\"ImageObject\",\"inLanguage\":\"pt-PT\",\"@id\":\"https:\/\/lotusgrill-online.es\/product\/tapa-cristal\/#primaryimage\",\"url\":\"https:\/\/lotusgrill-online.es\/wp-content\/uploads\/2020\/03\/Grillhaube_1.jpg\",\"contentUrl\":\"https:\/\/lotusgrill-online.es\/wp-content\/uploads\/2020\/03\/Grillhaube_1.jpg\",\"width\":960,\"height\":960,\"caption\":\"Tapa LotusGRill\"},{\"@type\":\"BreadcrumbList\",\"@id\":\"https:\/\/lotusgrill-online.es\/product\/tapa-cristal\/#breadcrumb\",\"itemListElement\":[{\"@type\":\"ListItem\",\"position\":1,\"name\":\"Portada\",\"item\":\"https:\/\/lotusgrill-online.es\/\"},{\"@type\":\"ListItem\",\"position\":2,\"name\":\"Shop\",\"item\":\"https:\/\/lotusgrill-online.es\/shop-tienda-oficial-lotusgrill\/\"},{\"@type\":\"ListItem\",\"position\":3,\"name\":\"TAPA CRISTAL\"}]},{\"@type\":\"WebSite\",\"@id\":\"https:\/\/lotusgrill-online.es\/#website\",\"url\":\"https:\/\/lotusgrill-online.es\/\",\"name\":\"Lotusgrill-online\",\"description\":\"lotusgrill-online.es\",\"potentialAction\":[{\"@type\":\"SearchAction\",\"target\":{\"@type\":\"EntryPoint\",\"urlTemplate\":\"https:\/\/lotusgrill-online.es\/?s={search_term_string}\"},\"query-input\":{\"@type\":\"PropertyValueSpecification\",\"valueRequired\":true,\"valueName\":\"search_term_string\"}}],\"inLanguage\":\"pt-PT\"}]}<\/script>\n<!-- \/ Yoast SEO plugin. -->","yoast_head_json":{"title":"TAPA CRISTAL - lotusgrill-online.es","description":"La tapa especialmente desarrollada con vidrio de seguridad convierte la LotusGrill en una verdadera barbacoa multifunci\u00f3n para hornear, asar y cocer.","robots":{"index":"index","follow":"follow","max-snippet":"max-snippet:-1","max-image-preview":"max-image-preview:large","max-video-preview":"max-video-preview:-1"},"canonical":"https:\/\/lotusgrill-online.es\/pt\/product\/tapa-cristal\/","og_locale":"pt_PT","og_type":"article","og_title":"TAPA CRISTAL - lotusgrill-online.es","og_description":"La tapa especialmente desarrollada con vidrio de seguridad convierte la LotusGrill en una verdadera barbacoa multifunci\u00f3n para hornear, asar y cocer.","og_url":"https:\/\/lotusgrill-online.es\/pt\/product\/tapa-cristal\/","og_site_name":"lotusgrill-online.es","article_modified_time":"2026-04-20T06:46:07+00:00","og_image":[{"width":960,"height":960,"url":"https:\/\/lotusgrill-online.es\/wp-content\/uploads\/2020\/03\/Grillhaube_1.jpg","type":"image\/jpeg"}],"twitter_card":"summary_large_image","twitter_misc":{"Tempo estimado de leitura":"1 minuto"},"schema":{"@context":"https:\/\/schema.org","@graph":[{"@type":"WebPage","@id":"https:\/\/lotusgrill-online.es\/product\/tapa-cristal\/","url":"https:\/\/lotusgrill-online.es\/product\/tapa-cristal\/","name":"TAPA CRISTAL - lotusgrill-online.es","isPartOf":{"@id":"https:\/\/lotusgrill-online.es\/#website"},"primaryImageOfPage":{"@id":"https:\/\/lotusgrill-online.es\/product\/tapa-cristal\/#primaryimage"},"image":{"@id":"https:\/\/lotusgrill-online.es\/product\/tapa-cristal\/#primaryimage"},"thumbnailUrl":"https:\/\/lotusgrill-online.es\/wp-content\/uploads\/2020\/03\/Grillhaube_1.jpg","datePublished":"2020-03-24T15:20:43+00:00","dateModified":"2026-04-20T06:46:07+00:00","description":"La tapa especialmente desarrollada con vidrio de seguridad convierte la LotusGrill en una verdadera barbacoa multifunci\u00f3n para hornear, asar y cocer.","breadcrumb":{"@id":"https:\/\/lotusgrill-online.es\/product\/tapa-cristal\/#breadcrumb"},"inLanguage":"pt-PT","potentialAction":[{"@type":"ReadAction","target":["https:\/\/lotusgrill-online.es\/product\/tapa-cristal\/"]}]},{"@type":"ImageObject","inLanguage":"pt-PT","@id":"https:\/\/lotusgrill-online.es\/product\/tapa-cristal\/#primaryimage","url":"https:\/\/lotusgrill-online.es\/wp-content\/uploads\/2020\/03\/Grillhaube_1.jpg","contentUrl":"https:\/\/lotusgrill-online.es\/wp-content\/uploads\/2020\/03\/Grillhaube_1.jpg","width":960,"height":960,"caption":"Tapa LotusGRill"},{"@type":"BreadcrumbList","@id":"https:\/\/lotusgrill-online.es\/product\/tapa-cristal\/#breadcrumb","itemListElement":[{"@type":"ListItem","position":1,"name":"Portada","item":"https:\/\/lotusgrill-online.es\/"},{"@type":"ListItem","position":2,"name":"Shop","item":"https:\/\/lotusgrill-online.es\/shop-tienda-oficial-lotusgrill\/"},{"@type":"ListItem","position":3,"name":"TAPA CRISTAL"}]},{"@type":"WebSite","@id":"https:\/\/lotusgrill-online.es\/#website","url":"https:\/\/lotusgrill-online.es\/","name":"Lotusgrill-online","description":"lotusgrill-online.co.uk","potentialAction":[{"@type":"SearchAction","target":{"@type":"EntryPoint","urlTemplate":"https:\/\/lotusgrill-online.es\/?s={search_term_string}"},"query-input":{"@type":"PropertyValueSpecification","valueRequired":true,"valueName":"search_term_string"}}],"inLanguage":"pt-PT"}]}},"_links":{"self":[{"href":"https:\/\/lotusgrill-online.es\/pt\/wp-json\/wp\/v2\/product\/5583","targetHints":{"allow":["GET"]}}],"collection":[{"href":"https:\/\/lotusgrill-online.es\/pt\/wp-json\/wp\/v2\/product"}],"about":[{"href":"https:\/\/lotusgrill-online.es\/pt\/wp-json\/wp\/v2\/types\/product"}],"wp:featuredmedia":[{"embeddable":true,"href":"https:\/\/lotusgrill-online.es\/pt\/wp-json\/wp\/v2\/media\/5584"}],"wp:attachment":[{"href":"https:\/\/lotusgrill-online.es\/pt\/wp-json\/wp\/v2\/media?parent=5583"}],"wp:term":[{"taxonomy":"product_brand","embeddable":true,"href":"https:\/\/lotusgrill-online.es\/pt\/wp-json\/wp\/v2\/product_brand?post=5583"},{"taxonomy":"product_cat","embeddable":true,"href":"https:\/\/lotusgrill-online.es\/pt\/wp-json\/wp\/v2\/product_cat?post=5583"},{"taxonomy":"product_tag","embeddable":true,"href":"https:\/\/lotusgrill-online.es\/pt\/wp-json\/wp\/v2\/product_tag?post=5583"}],"curies":[{"name":"wp","href":"https:\/\/api.w.org\/{rel}","templated":true}]}}