{"id":5590,"date":"2020-03-24T16:42:44","date_gmt":"2020-03-24T16:42:44","guid":{"rendered":"https:\/\/lotusgrill-online.es\/?post_type=product&#038;p=5590"},"modified":"2025-06-04T14:32:53","modified_gmt":"2025-06-04T14:32:53","slug":"tapa-campana","status":"publish","type":"product","link":"https:\/\/lotusgrill-online.es\/pt\/product\/tapa-campana\/","title":{"rendered":"TAMPA DA CAPA"},"content":{"rendered":"<p class=\"p1\">A tampa transparente da tampa faz do LotusGrill um forno perfeito.<\/p>\n<p class=\"p1\">\u00c9 perfeito para cozinhar, assar, fazer churrascos a baixas temperaturas e manter os alimentos quentes.<\/p>\n<p class=\"p1\">A parte superior deste exaustor \u00e9 transparente para poder visualizar o cozimento dos alimentos no interior.<\/p>\n<p class=\"p1\">Ele incorpora um term\u00f4metro para saber a temperatura em sua cozinha.<\/p>\n<p class=\"p2\">O corpo de a\u00e7o inoxid\u00e1vel atua como um forno para cozinhar peda\u00e7os maiores ou mais grossos.<\/p>\n<p>PIZZA STONE SET (OPCIONAL):<\/p>\n<p>Combinado com a tampa, faz do LotusGrill um forno de pizza ideal.<\/p>\n<p><strong>Adequado para LotusGrill l e XL com e sem US<\/strong><\/p>\n<p class=\"p2\">","protected":false},"excerpt":{"rendered":"<p class=\"p1\"><strong>A tampa transparente da tampa faz do LotusGrill um forno perfeito.<\/strong><\/p>\n<p class=\"p1\"><strong>\u00c9 perfeito para cozinhar, assar, fazer churrascos a baixas temperaturas e manter os alimentos quentes.<\/strong><\/p>\n<p><strong>Para churrasco USB LotusGrill L e LotusGrill XL<\/strong><\/p>","protected":false},"featured_media":25085,"template":"","meta":[],"product_brand":[],"product_cat":[203],"product_tag":[193,209,210,208,205],"class_list":{"0":"post-5590","1":"product","2":"type-product","3":"status-publish","4":"has-post-thumbnail","6":"product_cat-accesorios","7":"product_tag-barbacoa-electrica","8":"product_tag-horno-barbacoa","9":"product_tag-lorusgrill-xl","10":"product_tag-lotusgrill-l","11":"product_tag-pizza","13":"first","14":"instock","15":"taxable","16":"shipping-taxable","17":"purchasable","18":"product-type-variable","19":"has-default-attributes","20":"rtwpvg-product"},"yoast_head":"<!-- This site is optimized with the Yoast SEO plugin v26.8 - https:\/\/yoast.com\/product\/yoast-seo-wordpress\/ -->\n<title>TAPA CAMPANA - lotusgrill-online.es<\/title>\n<meta name=\"description\" content=\"La cubierta con tapa transparente convierte al LotusGrill en un horno perfecto.Es perfecta para cocer, asar, realizar barbacoas a bajas temperaturas y antener calientes los alimentosLa parte superior de esta campana es transparente para poder visualizar la cocci\u00f3n de los alimentos en su interior.Incorpora un term\u00f3metro para saber la temperatura en su cocci\u00f3n.El cuerpo de acero inox ejerce de horno para la cocci\u00f3n de piezas m\u00e1s grandes o gruesas.SET PIEDRA PIZZA:\u00a0Combinada con la cubierta convierte al LotusGrill en un horno ideal para pizzas.\" \/>\n<meta name=\"robots\" content=\"index, follow, max-snippet:-1, max-image-preview:large, max-video-preview:-1\" \/>\n<link rel=\"canonical\" href=\"https:\/\/lotusgrill-online.es\/pt\/product\/tapa-campana\/\" \/>\n<meta property=\"og:locale\" content=\"pt_PT\" \/>\n<meta property=\"og:type\" content=\"article\" \/>\n<meta property=\"og:title\" content=\"TAPA CAMPANA - lotusgrill-online.es\" \/>\n<meta property=\"og:description\" content=\"La cubierta con tapa transparente convierte al LotusGrill en un horno perfecto.Es perfecta para cocer, asar, realizar barbacoas a bajas temperaturas y antener calientes los alimentosLa parte superior de esta campana es transparente para poder visualizar la cocci\u00f3n de los alimentos en su interior.Incorpora un term\u00f3metro para saber la temperatura en su cocci\u00f3n.El cuerpo de acero inox ejerce de horno para la cocci\u00f3n de piezas m\u00e1s grandes o gruesas.SET PIEDRA PIZZA:\u00a0Combinada con la cubierta convierte al LotusGrill en un horno ideal para pizzas.\" \/>\n<meta property=\"og:url\" content=\"https:\/\/lotusgrill-online.es\/pt\/product\/tapa-campana\/\" \/>\n<meta property=\"og:site_name\" content=\"lotusgrill-online.es\" \/>\n<meta property=\"article:modified_time\" content=\"2025-06-04T14:32:53+00:00\" \/>\n<meta property=\"og:image\" content=\"https:\/\/lotusgrill-online.es\/wp-content\/uploads\/2020\/03\/DK-SG-435_EdestahlGrillhaubeXL_Perspective_01.jpg\" \/>\n\t<meta property=\"og:image:width\" content=\"443\" \/>\n\t<meta property=\"og:image:height\" content=\"443\" \/>\n\t<meta property=\"og:image:type\" content=\"image\/jpeg\" \/>\n<meta name=\"twitter:card\" content=\"summary_large_image\" \/>\n<meta name=\"twitter:label1\" content=\"Tempo estimado de leitura\" \/>\n\t<meta name=\"twitter:data1\" content=\"1 minuto\" \/>\n<script type=\"application\/ld+json\" class=\"yoast-schema-graph\">{\"@context\":\"https:\/\/schema.org\",\"@graph\":[{\"@type\":\"WebPage\",\"@id\":\"https:\/\/lotusgrill-online.es\/product\/tapa-campana\/\",\"url\":\"https:\/\/lotusgrill-online.es\/product\/tapa-campana\/\",\"name\":\"TAPA CAMPANA - lotusgrill-online.es\",\"isPartOf\":{\"@id\":\"https:\/\/lotusgrill-online.es\/#website\"},\"primaryImageOfPage\":{\"@id\":\"https:\/\/lotusgrill-online.es\/product\/tapa-campana\/#primaryimage\"},\"image\":{\"@id\":\"https:\/\/lotusgrill-online.es\/product\/tapa-campana\/#primaryimage\"},\"thumbnailUrl\":\"https:\/\/lotusgrill-online.es\/wp-content\/uploads\/2020\/03\/DK-SG-435_EdestahlGrillhaubeXL_Perspective_01.jpg\",\"datePublished\":\"2020-03-24T16:42:44+00:00\",\"dateModified\":\"2025-06-04T14:32:53+00:00\",\"description\":\"La cubierta con tapa transparente convierte al LotusGrill en un horno perfecto.Es perfecta para cocer, asar, realizar barbacoas a bajas temperaturas y antener calientes los alimentosLa parte superior de esta campana es transparente para poder visualizar la cocci\u00f3n de los alimentos en su interior.Incorpora un term\u00f3metro para saber la temperatura en su cocci\u00f3n.El cuerpo de acero inox ejerce de horno para la cocci\u00f3n de piezas m\u00e1s grandes o gruesas.SET PIEDRA PIZZA:\u00a0Combinada con la cubierta convierte al LotusGrill en un horno ideal para pizzas.\",\"breadcrumb\":{\"@id\":\"https:\/\/lotusgrill-online.es\/product\/tapa-campana\/#breadcrumb\"},\"inLanguage\":\"pt-PT\",\"potentialAction\":[{\"@type\":\"ReadAction\",\"target\":[\"https:\/\/lotusgrill-online.es\/product\/tapa-campana\/\"]}]},{\"@type\":\"ImageObject\",\"inLanguage\":\"pt-PT\",\"@id\":\"https:\/\/lotusgrill-online.es\/product\/tapa-campana\/#primaryimage\",\"url\":\"https:\/\/lotusgrill-online.es\/wp-content\/uploads\/2020\/03\/DK-SG-435_EdestahlGrillhaubeXL_Perspective_01.jpg\",\"contentUrl\":\"https:\/\/lotusgrill-online.es\/wp-content\/uploads\/2020\/03\/DK-SG-435_EdestahlGrillhaubeXL_Perspective_01.jpg\",\"width\":443,\"height\":443,\"caption\":\"lotusgrill, campana xl\"},{\"@type\":\"BreadcrumbList\",\"@id\":\"https:\/\/lotusgrill-online.es\/product\/tapa-campana\/#breadcrumb\",\"itemListElement\":[{\"@type\":\"ListItem\",\"position\":1,\"name\":\"Portada\",\"item\":\"https:\/\/lotusgrill-online.es\/\"},{\"@type\":\"ListItem\",\"position\":2,\"name\":\"Shop\",\"item\":\"https:\/\/lotusgrill-online.es\/shop-tienda-oficial-lotusgrill\/\"},{\"@type\":\"ListItem\",\"position\":3,\"name\":\"TAPA CAMPANA\"}]},{\"@type\":\"WebSite\",\"@id\":\"https:\/\/lotusgrill-online.es\/#website\",\"url\":\"https:\/\/lotusgrill-online.es\/\",\"name\":\"Lotusgrill-online\",\"description\":\"lotusgrill-online.es\",\"potentialAction\":[{\"@type\":\"SearchAction\",\"target\":{\"@type\":\"EntryPoint\",\"urlTemplate\":\"https:\/\/lotusgrill-online.es\/?s={search_term_string}\"},\"query-input\":{\"@type\":\"PropertyValueSpecification\",\"valueRequired\":true,\"valueName\":\"search_term_string\"}}],\"inLanguage\":\"pt-PT\"}]}<\/script>\n<!-- \/ Yoast SEO plugin. -->","yoast_head_json":{"title":"TAPA CAMPANA - lotusgrill-online.es","description":"La cubierta con tapa transparente convierte al LotusGrill en un horno perfecto.Es perfecta para cocer, asar, realizar barbacoas a bajas temperaturas y antener calientes los alimentosLa parte superior de esta campana es transparente para poder visualizar la cocci\u00f3n de los alimentos en su interior.Incorpora un term\u00f3metro para saber la temperatura en su cocci\u00f3n.El cuerpo de acero inox ejerce de horno para la cocci\u00f3n de piezas m\u00e1s grandes o gruesas.SET PIEDRA PIZZA:\u00a0Combinada con la cubierta convierte al LotusGrill en un horno ideal para pizzas.","robots":{"index":"index","follow":"follow","max-snippet":"max-snippet:-1","max-image-preview":"max-image-preview:large","max-video-preview":"max-video-preview:-1"},"canonical":"https:\/\/lotusgrill-online.es\/pt\/product\/tapa-campana\/","og_locale":"pt_PT","og_type":"article","og_title":"TAPA CAMPANA - lotusgrill-online.es","og_description":"La cubierta con tapa transparente convierte al LotusGrill en un horno perfecto.Es perfecta para cocer, asar, realizar barbacoas a bajas temperaturas y antener calientes los alimentosLa parte superior de esta campana es transparente para poder visualizar la cocci\u00f3n de los alimentos en su interior.Incorpora un term\u00f3metro para saber la temperatura en su cocci\u00f3n.El cuerpo de acero inox ejerce de horno para la cocci\u00f3n de piezas m\u00e1s grandes o gruesas.SET PIEDRA PIZZA:\u00a0Combinada con la cubierta convierte al LotusGrill en un horno ideal para pizzas.","og_url":"https:\/\/lotusgrill-online.es\/pt\/product\/tapa-campana\/","og_site_name":"lotusgrill-online.es","article_modified_time":"2025-06-04T14:32:53+00:00","og_image":[{"width":443,"height":443,"url":"https:\/\/lotusgrill-online.es\/wp-content\/uploads\/2020\/03\/DK-SG-435_EdestahlGrillhaubeXL_Perspective_01.jpg","type":"image\/jpeg"}],"twitter_card":"summary_large_image","twitter_misc":{"Tempo estimado de leitura":"1 minuto"},"schema":{"@context":"https:\/\/schema.org","@graph":[{"@type":"WebPage","@id":"https:\/\/lotusgrill-online.es\/product\/tapa-campana\/","url":"https:\/\/lotusgrill-online.es\/product\/tapa-campana\/","name":"TAPA CAMPANA - lotusgrill-online.es","isPartOf":{"@id":"https:\/\/lotusgrill-online.es\/#website"},"primaryImageOfPage":{"@id":"https:\/\/lotusgrill-online.es\/product\/tapa-campana\/#primaryimage"},"image":{"@id":"https:\/\/lotusgrill-online.es\/product\/tapa-campana\/#primaryimage"},"thumbnailUrl":"https:\/\/lotusgrill-online.es\/wp-content\/uploads\/2020\/03\/DK-SG-435_EdestahlGrillhaubeXL_Perspective_01.jpg","datePublished":"2020-03-24T16:42:44+00:00","dateModified":"2025-06-04T14:32:53+00:00","description":"La cubierta con tapa transparente convierte al LotusGrill en un horno perfecto.Es perfecta para cocer, asar, realizar barbacoas a bajas temperaturas y antener calientes los alimentosLa parte superior de esta campana es transparente para poder visualizar la cocci\u00f3n de los alimentos en su interior.Incorpora un term\u00f3metro para saber la temperatura en su cocci\u00f3n.El cuerpo de acero inox ejerce de horno para la cocci\u00f3n de piezas m\u00e1s grandes o gruesas.SET PIEDRA PIZZA:\u00a0Combinada con la cubierta convierte al LotusGrill en un horno ideal para pizzas.","breadcrumb":{"@id":"https:\/\/lotusgrill-online.es\/product\/tapa-campana\/#breadcrumb"},"inLanguage":"pt-PT","potentialAction":[{"@type":"ReadAction","target":["https:\/\/lotusgrill-online.es\/product\/tapa-campana\/"]}]},{"@type":"ImageObject","inLanguage":"pt-PT","@id":"https:\/\/lotusgrill-online.es\/product\/tapa-campana\/#primaryimage","url":"https:\/\/lotusgrill-online.es\/wp-content\/uploads\/2020\/03\/DK-SG-435_EdestahlGrillhaubeXL_Perspective_01.jpg","contentUrl":"https:\/\/lotusgrill-online.es\/wp-content\/uploads\/2020\/03\/DK-SG-435_EdestahlGrillhaubeXL_Perspective_01.jpg","width":443,"height":443,"caption":"lotusgrill, campana xl"},{"@type":"BreadcrumbList","@id":"https:\/\/lotusgrill-online.es\/product\/tapa-campana\/#breadcrumb","itemListElement":[{"@type":"ListItem","position":1,"name":"Portada","item":"https:\/\/lotusgrill-online.es\/"},{"@type":"ListItem","position":2,"name":"Shop","item":"https:\/\/lotusgrill-online.es\/shop-tienda-oficial-lotusgrill\/"},{"@type":"ListItem","position":3,"name":"TAPA CAMPANA"}]},{"@type":"WebSite","@id":"https:\/\/lotusgrill-online.es\/#website","url":"https:\/\/lotusgrill-online.es\/","name":"Lotusgrill-online","description":"lotusgrill-online.co.uk","potentialAction":[{"@type":"SearchAction","target":{"@type":"EntryPoint","urlTemplate":"https:\/\/lotusgrill-online.es\/?s={search_term_string}"},"query-input":{"@type":"PropertyValueSpecification","valueRequired":true,"valueName":"search_term_string"}}],"inLanguage":"pt-PT"}]}},"_links":{"self":[{"href":"https:\/\/lotusgrill-online.es\/pt\/wp-json\/wp\/v2\/product\/5590","targetHints":{"allow":["GET"]}}],"collection":[{"href":"https:\/\/lotusgrill-online.es\/pt\/wp-json\/wp\/v2\/product"}],"about":[{"href":"https:\/\/lotusgrill-online.es\/pt\/wp-json\/wp\/v2\/types\/product"}],"wp:featuredmedia":[{"embeddable":true,"href":"https:\/\/lotusgrill-online.es\/pt\/wp-json\/wp\/v2\/media\/25085"}],"wp:attachment":[{"href":"https:\/\/lotusgrill-online.es\/pt\/wp-json\/wp\/v2\/media?parent=5590"}],"wp:term":[{"taxonomy":"product_brand","embeddable":true,"href":"https:\/\/lotusgrill-online.es\/pt\/wp-json\/wp\/v2\/product_brand?post=5590"},{"taxonomy":"product_cat","embeddable":true,"href":"https:\/\/lotusgrill-online.es\/pt\/wp-json\/wp\/v2\/product_cat?post=5590"},{"taxonomy":"product_tag","embeddable":true,"href":"https:\/\/lotusgrill-online.es\/pt\/wp-json\/wp\/v2\/product_tag?post=5590"}],"curies":[{"name":"wp","href":"https:\/\/api.w.org\/{rel}","templated":true}]}}