{"id":5597,"date":"2020-03-24T17:08:31","date_gmt":"2020-03-24T17:08:31","guid":{"rendered":"https:\/\/lotusgrill-online.es\/?post_type=product&#038;p=5597"},"modified":"2020-03-24T19:06:34","modified_gmt":"2020-03-24T19:06:34","slug":"bolsas-papillote","status":"publish","type":"product","link":"https:\/\/lotusgrill-online.es\/pt\/product\/bolsas-papillote\/","title":{"rendered":"SACOS DE PAPILHA"},"content":{"rendered":"<p class=\"p1\">Sacos de cozinha LotusGrill, cozinhe facilmente como papillote na grelha ou no forno.<\/p>\n<p class=\"p1\">Coloque todos os ingredientes que deseja dentro da bolsa, carne, peixe, aves, \u00f3leo, sal, temperos e deixe a cozinha misturar aromas e sabores.<\/p>\n<p class=\"p2\">Cada blister inclui 8 sacos dentro.<\/p>\n<p>Para todos os churrascos LotusGrill<\/p>\n<p class=\"p2\">","protected":false},"excerpt":{"rendered":"<p class=\"p1\">Sacos de cozinha LotusGrill, cozinhe facilmente como papillote na grelha ou no forno.<\/p>\n<p><strong>Para todos os churrascos LotusGrill<\/strong><\/p>","protected":false},"featured_media":5598,"template":"","meta":[],"product_brand":[],"product_cat":[203],"product_tag":[193,191,208,205],"class_list":{"0":"post-5597","1":"product","2":"type-product","3":"status-publish","4":"has-post-thumbnail","6":"product_cat-accesorios","7":"product_tag-barbacoa-electrica","8":"product_tag-lotusgrill","9":"product_tag-lotusgrill-l","10":"product_tag-pizza","12":"first","13":"instock","14":"taxable","15":"shipping-taxable","16":"purchasable","17":"product-type-simple"},"yoast_head":"<!-- This site is optimized with the Yoast SEO plugin v26.8 - https:\/\/yoast.com\/product\/yoast-seo-wordpress\/ -->\n<title>BOLSAS PAPILLOTE - lotusgrill-online.es<\/title>\n<meta name=\"description\" content=\"Bolsas de cocci\u00f3n, cocina f\u00e1cil a modo papillote en la parrilla o en el horno.Introduce todos los ingredientes que quieras en el interior de la bolsa, carne, pescado, ave, aceite, sal, especias y deja que la cocci\u00f3n mezcle los aromas y sabores.El m\u00e1ster box incluye, 12 bl\u00edster y cada bl\u00edster 8 bolsas en su interior.\" \/>\n<meta name=\"robots\" content=\"index, follow, max-snippet:-1, max-image-preview:large, max-video-preview:-1\" \/>\n<link rel=\"canonical\" href=\"https:\/\/lotusgrill-online.es\/pt\/product\/bolsas-papillote\/\" \/>\n<meta property=\"og:locale\" content=\"pt_PT\" \/>\n<meta property=\"og:type\" content=\"article\" \/>\n<meta property=\"og:title\" content=\"BOLSAS PAPILLOTE - lotusgrill-online.es\" \/>\n<meta property=\"og:description\" content=\"Bolsas de cocci\u00f3n, cocina f\u00e1cil a modo papillote en la parrilla o en el horno.Introduce todos los ingredientes que quieras en el interior de la bolsa, carne, pescado, ave, aceite, sal, especias y deja que la cocci\u00f3n mezcle los aromas y sabores.El m\u00e1ster box incluye, 12 bl\u00edster y cada bl\u00edster 8 bolsas en su interior.\" \/>\n<meta property=\"og:url\" content=\"https:\/\/lotusgrill-online.es\/pt\/product\/bolsas-papillote\/\" \/>\n<meta property=\"og:site_name\" content=\"lotusgrill-online.es\" \/>\n<meta property=\"article:modified_time\" content=\"2020-03-24T19:06:34+00:00\" \/>\n<meta property=\"og:image\" content=\"https:\/\/lotusgrill-online.es\/wp-content\/uploads\/2020\/03\/Grillbeutel.jpg\" \/>\n\t<meta property=\"og:image:width\" content=\"960\" \/>\n\t<meta property=\"og:image:height\" content=\"960\" \/>\n\t<meta property=\"og:image:type\" content=\"image\/jpeg\" \/>\n<meta name=\"twitter:card\" content=\"summary_large_image\" \/>\n<script type=\"application\/ld+json\" class=\"yoast-schema-graph\">{\"@context\":\"https:\/\/schema.org\",\"@graph\":[{\"@type\":\"WebPage\",\"@id\":\"https:\/\/lotusgrill-online.es\/product\/bolsas-papillote\/\",\"url\":\"https:\/\/lotusgrill-online.es\/product\/bolsas-papillote\/\",\"name\":\"BOLSAS PAPILLOTE - lotusgrill-online.es\",\"isPartOf\":{\"@id\":\"https:\/\/lotusgrill-online.es\/#website\"},\"primaryImageOfPage\":{\"@id\":\"https:\/\/lotusgrill-online.es\/product\/bolsas-papillote\/#primaryimage\"},\"image\":{\"@id\":\"https:\/\/lotusgrill-online.es\/product\/bolsas-papillote\/#primaryimage\"},\"thumbnailUrl\":\"https:\/\/lotusgrill-online.es\/wp-content\/uploads\/2020\/03\/Grillbeutel.jpg\",\"datePublished\":\"2020-03-24T17:08:31+00:00\",\"dateModified\":\"2020-03-24T19:06:34+00:00\",\"description\":\"Bolsas de cocci\u00f3n, cocina f\u00e1cil a modo papillote en la parrilla o en el horno.Introduce todos los ingredientes que quieras en el interior de la bolsa, carne, pescado, ave, aceite, sal, especias y deja que la cocci\u00f3n mezcle los aromas y sabores.El m\u00e1ster box incluye, 12 bl\u00edster y cada bl\u00edster 8 bolsas en su interior.\",\"breadcrumb\":{\"@id\":\"https:\/\/lotusgrill-online.es\/product\/bolsas-papillote\/#breadcrumb\"},\"inLanguage\":\"pt-PT\",\"potentialAction\":[{\"@type\":\"ReadAction\",\"target\":[\"https:\/\/lotusgrill-online.es\/product\/bolsas-papillote\/\"]}]},{\"@type\":\"ImageObject\",\"inLanguage\":\"pt-PT\",\"@id\":\"https:\/\/lotusgrill-online.es\/product\/bolsas-papillote\/#primaryimage\",\"url\":\"https:\/\/lotusgrill-online.es\/wp-content\/uploads\/2020\/03\/Grillbeutel.jpg\",\"contentUrl\":\"https:\/\/lotusgrill-online.es\/wp-content\/uploads\/2020\/03\/Grillbeutel.jpg\",\"width\":960,\"height\":960,\"caption\":\"BOLSAS PAPILLOTE LOTUSGRILL\"},{\"@type\":\"BreadcrumbList\",\"@id\":\"https:\/\/lotusgrill-online.es\/product\/bolsas-papillote\/#breadcrumb\",\"itemListElement\":[{\"@type\":\"ListItem\",\"position\":1,\"name\":\"Portada\",\"item\":\"https:\/\/lotusgrill-online.es\/\"},{\"@type\":\"ListItem\",\"position\":2,\"name\":\"Shop\",\"item\":\"https:\/\/lotusgrill-online.es\/shop-tienda-oficial-lotusgrill\/\"},{\"@type\":\"ListItem\",\"position\":3,\"name\":\"BOLSAS PAPILLOTE\"}]},{\"@type\":\"WebSite\",\"@id\":\"https:\/\/lotusgrill-online.es\/#website\",\"url\":\"https:\/\/lotusgrill-online.es\/\",\"name\":\"Lotusgrill-online\",\"description\":\"lotusgrill-online.es\",\"potentialAction\":[{\"@type\":\"SearchAction\",\"target\":{\"@type\":\"EntryPoint\",\"urlTemplate\":\"https:\/\/lotusgrill-online.es\/?s={search_term_string}\"},\"query-input\":{\"@type\":\"PropertyValueSpecification\",\"valueRequired\":true,\"valueName\":\"search_term_string\"}}],\"inLanguage\":\"pt-PT\"}]}<\/script>\n<!-- \/ Yoast SEO plugin. -->","yoast_head_json":{"title":"BOLSAS PAPILLOTE - lotusgrill-online.es","description":"Bolsas de cocci\u00f3n, cocina f\u00e1cil a modo papillote en la parrilla o en el horno.Introduce todos los ingredientes que quieras en el interior de la bolsa, carne, pescado, ave, aceite, sal, especias y deja que la cocci\u00f3n mezcle los aromas y sabores.El m\u00e1ster box incluye, 12 bl\u00edster y cada bl\u00edster 8 bolsas en su interior.","robots":{"index":"index","follow":"follow","max-snippet":"max-snippet:-1","max-image-preview":"max-image-preview:large","max-video-preview":"max-video-preview:-1"},"canonical":"https:\/\/lotusgrill-online.es\/pt\/product\/bolsas-papillote\/","og_locale":"pt_PT","og_type":"article","og_title":"BOLSAS PAPILLOTE - lotusgrill-online.es","og_description":"Bolsas de cocci\u00f3n, cocina f\u00e1cil a modo papillote en la parrilla o en el horno.Introduce todos los ingredientes que quieras en el interior de la bolsa, carne, pescado, ave, aceite, sal, especias y deja que la cocci\u00f3n mezcle los aromas y sabores.El m\u00e1ster box incluye, 12 bl\u00edster y cada bl\u00edster 8 bolsas en su interior.","og_url":"https:\/\/lotusgrill-online.es\/pt\/product\/bolsas-papillote\/","og_site_name":"lotusgrill-online.es","article_modified_time":"2020-03-24T19:06:34+00:00","og_image":[{"width":960,"height":960,"url":"https:\/\/lotusgrill-online.es\/wp-content\/uploads\/2020\/03\/Grillbeutel.jpg","type":"image\/jpeg"}],"twitter_card":"summary_large_image","schema":{"@context":"https:\/\/schema.org","@graph":[{"@type":"WebPage","@id":"https:\/\/lotusgrill-online.es\/product\/bolsas-papillote\/","url":"https:\/\/lotusgrill-online.es\/product\/bolsas-papillote\/","name":"BOLSAS PAPILLOTE - lotusgrill-online.es","isPartOf":{"@id":"https:\/\/lotusgrill-online.es\/#website"},"primaryImageOfPage":{"@id":"https:\/\/lotusgrill-online.es\/product\/bolsas-papillote\/#primaryimage"},"image":{"@id":"https:\/\/lotusgrill-online.es\/product\/bolsas-papillote\/#primaryimage"},"thumbnailUrl":"https:\/\/lotusgrill-online.es\/wp-content\/uploads\/2020\/03\/Grillbeutel.jpg","datePublished":"2020-03-24T17:08:31+00:00","dateModified":"2020-03-24T19:06:34+00:00","description":"Bolsas de cocci\u00f3n, cocina f\u00e1cil a modo papillote en la parrilla o en el horno.Introduce todos los ingredientes que quieras en el interior de la bolsa, carne, pescado, ave, aceite, sal, especias y deja que la cocci\u00f3n mezcle los aromas y sabores.El m\u00e1ster box incluye, 12 bl\u00edster y cada bl\u00edster 8 bolsas en su interior.","breadcrumb":{"@id":"https:\/\/lotusgrill-online.es\/product\/bolsas-papillote\/#breadcrumb"},"inLanguage":"pt-PT","potentialAction":[{"@type":"ReadAction","target":["https:\/\/lotusgrill-online.es\/product\/bolsas-papillote\/"]}]},{"@type":"ImageObject","inLanguage":"pt-PT","@id":"https:\/\/lotusgrill-online.es\/product\/bolsas-papillote\/#primaryimage","url":"https:\/\/lotusgrill-online.es\/wp-content\/uploads\/2020\/03\/Grillbeutel.jpg","contentUrl":"https:\/\/lotusgrill-online.es\/wp-content\/uploads\/2020\/03\/Grillbeutel.jpg","width":960,"height":960,"caption":"BOLSAS PAPILLOTE LOTUSGRILL"},{"@type":"BreadcrumbList","@id":"https:\/\/lotusgrill-online.es\/product\/bolsas-papillote\/#breadcrumb","itemListElement":[{"@type":"ListItem","position":1,"name":"Portada","item":"https:\/\/lotusgrill-online.es\/"},{"@type":"ListItem","position":2,"name":"Shop","item":"https:\/\/lotusgrill-online.es\/shop-tienda-oficial-lotusgrill\/"},{"@type":"ListItem","position":3,"name":"BOLSAS PAPILLOTE"}]},{"@type":"WebSite","@id":"https:\/\/lotusgrill-online.es\/#website","url":"https:\/\/lotusgrill-online.es\/","name":"Lotusgrill-online","description":"lotusgrill-online.co.uk","potentialAction":[{"@type":"SearchAction","target":{"@type":"EntryPoint","urlTemplate":"https:\/\/lotusgrill-online.es\/?s={search_term_string}"},"query-input":{"@type":"PropertyValueSpecification","valueRequired":true,"valueName":"search_term_string"}}],"inLanguage":"pt-PT"}]}},"_links":{"self":[{"href":"https:\/\/lotusgrill-online.es\/pt\/wp-json\/wp\/v2\/product\/5597","targetHints":{"allow":["GET"]}}],"collection":[{"href":"https:\/\/lotusgrill-online.es\/pt\/wp-json\/wp\/v2\/product"}],"about":[{"href":"https:\/\/lotusgrill-online.es\/pt\/wp-json\/wp\/v2\/types\/product"}],"wp:featuredmedia":[{"embeddable":true,"href":"https:\/\/lotusgrill-online.es\/pt\/wp-json\/wp\/v2\/media\/5598"}],"wp:attachment":[{"href":"https:\/\/lotusgrill-online.es\/pt\/wp-json\/wp\/v2\/media?parent=5597"}],"wp:term":[{"taxonomy":"product_brand","embeddable":true,"href":"https:\/\/lotusgrill-online.es\/pt\/wp-json\/wp\/v2\/product_brand?post=5597"},{"taxonomy":"product_cat","embeddable":true,"href":"https:\/\/lotusgrill-online.es\/pt\/wp-json\/wp\/v2\/product_cat?post=5597"},{"taxonomy":"product_tag","embeddable":true,"href":"https:\/\/lotusgrill-online.es\/pt\/wp-json\/wp\/v2\/product_tag?post=5597"}],"curies":[{"name":"wp","href":"https:\/\/api.w.org\/{rel}","templated":true}]}}