{"id":5600,"date":"2020-03-24T17:13:56","date_gmt":"2020-03-24T17:13:56","guid":{"rendered":"https:\/\/lotusgrill-online.es\/?post_type=product&#038;p=5600"},"modified":"2024-08-05T17:23:43","modified_gmt":"2024-08-05T17:23:43","slug":"desengrasante","status":"publish","type":"product","link":"https:\/\/lotusgrill-online.es\/pt\/product\/desengrasante\/","title":{"rendered":"DEGREASER"},"content":{"rendered":"<p class=\"p1\">Desengordurante LotusGrill.<\/p>\n<p class=\"p1\">Remove detritos dif\u00edceis de limpar, sedimentos queimados da churrasqueira, tigela interna, fornos de convec\u00e7\u00e3o, etc.<\/p>\n<p class=\"p1\">N\u00e3o prejudica metais macios ou n\u00e3o ferrosos.<\/p>\n<p class=\"p2\">Cont\u00e9m 750 ml.<\/p>","protected":false},"excerpt":{"rendered":"<p class=\"p1\">Desengordurante LotusGrill.<\/p>\n<p class=\"p1\">Remove detritos dif\u00edceis de limpar<\/p>","protected":false},"featured_media":5601,"template":"","meta":[],"product_brand":[],"product_cat":[203],"product_tag":[193,191,208,205],"class_list":{"0":"post-5600","1":"product","2":"type-product","3":"status-publish","4":"has-post-thumbnail","6":"product_cat-accesorios","7":"product_tag-barbacoa-electrica","8":"product_tag-lotusgrill","9":"product_tag-lotusgrill-l","10":"product_tag-pizza","12":"first","13":"instock","14":"taxable","15":"shipping-taxable","16":"purchasable","17":"product-type-simple"},"yoast_head":"<!-- This site is optimized with the Yoast SEO plugin v26.8 - https:\/\/yoast.com\/product\/yoast-seo-wordpress\/ -->\n<title>DESENGRASANTE - lotusgrill-online.es<\/title>\n<meta name=\"description\" content=\"Desengrasante LotusGrill.Elimina los restos persistentes y dif\u00edciles de limpiar, sedimentos quemados de la parrilla del grill, del bol interior, hornos de convecci\u00f3n, etc.No da\u00f1a metales blandos ni los no-f\u00e9rricos.Contiene 750 ml.\" \/>\n<meta name=\"robots\" content=\"index, follow, max-snippet:-1, max-image-preview:large, max-video-preview:-1\" \/>\n<link rel=\"canonical\" href=\"https:\/\/lotusgrill-online.es\/pt\/product\/desengrasante\/\" \/>\n<meta property=\"og:locale\" content=\"pt_PT\" \/>\n<meta property=\"og:type\" content=\"article\" \/>\n<meta property=\"og:title\" content=\"DESENGRASANTE - lotusgrill-online.es\" \/>\n<meta property=\"og:description\" content=\"Desengrasante LotusGrill.Elimina los restos persistentes y dif\u00edciles de limpiar, sedimentos quemados de la parrilla del grill, del bol interior, hornos de convecci\u00f3n, etc.No da\u00f1a metales blandos ni los no-f\u00e9rricos.Contiene 750 ml.\" \/>\n<meta property=\"og:url\" content=\"https:\/\/lotusgrill-online.es\/pt\/product\/desengrasante\/\" \/>\n<meta property=\"og:site_name\" content=\"lotusgrill-online.es\" \/>\n<meta property=\"article:modified_time\" content=\"2024-08-05T17:23:43+00:00\" \/>\n<meta property=\"og:image\" content=\"https:\/\/lotusgrill-online.es\/wp-content\/uploads\/2020\/03\/Grillreiniger-en.jpg\" \/>\n\t<meta property=\"og:image:width\" content=\"960\" \/>\n\t<meta property=\"og:image:height\" content=\"960\" \/>\n\t<meta property=\"og:image:type\" content=\"image\/jpeg\" \/>\n<meta name=\"twitter:card\" content=\"summary_large_image\" \/>\n<meta name=\"twitter:label1\" content=\"Tempo estimado de leitura\" \/>\n\t<meta name=\"twitter:data1\" content=\"1 minuto\" \/>\n<script type=\"application\/ld+json\" class=\"yoast-schema-graph\">{\"@context\":\"https:\/\/schema.org\",\"@graph\":[{\"@type\":\"WebPage\",\"@id\":\"https:\/\/lotusgrill-online.es\/product\/desengrasante\/\",\"url\":\"https:\/\/lotusgrill-online.es\/product\/desengrasante\/\",\"name\":\"DESENGRASANTE - lotusgrill-online.es\",\"isPartOf\":{\"@id\":\"https:\/\/lotusgrill-online.es\/#website\"},\"primaryImageOfPage\":{\"@id\":\"https:\/\/lotusgrill-online.es\/product\/desengrasante\/#primaryimage\"},\"image\":{\"@id\":\"https:\/\/lotusgrill-online.es\/product\/desengrasante\/#primaryimage\"},\"thumbnailUrl\":\"https:\/\/lotusgrill-online.es\/wp-content\/uploads\/2020\/03\/Grillreiniger-en.jpg\",\"datePublished\":\"2020-03-24T17:13:56+00:00\",\"dateModified\":\"2024-08-05T17:23:43+00:00\",\"description\":\"Desengrasante LotusGrill.Elimina los restos persistentes y dif\u00edciles de limpiar, sedimentos quemados de la parrilla del grill, del bol interior, hornos de convecci\u00f3n, etc.No da\u00f1a metales blandos ni los no-f\u00e9rricos.Contiene 750 ml.\",\"breadcrumb\":{\"@id\":\"https:\/\/lotusgrill-online.es\/product\/desengrasante\/#breadcrumb\"},\"inLanguage\":\"pt-PT\",\"potentialAction\":[{\"@type\":\"ReadAction\",\"target\":[\"https:\/\/lotusgrill-online.es\/product\/desengrasante\/\"]}]},{\"@type\":\"ImageObject\",\"inLanguage\":\"pt-PT\",\"@id\":\"https:\/\/lotusgrill-online.es\/product\/desengrasante\/#primaryimage\",\"url\":\"https:\/\/lotusgrill-online.es\/wp-content\/uploads\/2020\/03\/Grillreiniger-en.jpg\",\"contentUrl\":\"https:\/\/lotusgrill-online.es\/wp-content\/uploads\/2020\/03\/Grillreiniger-en.jpg\",\"width\":960,\"height\":960,\"caption\":\"Desengrasante LotusGrill.\"},{\"@type\":\"BreadcrumbList\",\"@id\":\"https:\/\/lotusgrill-online.es\/product\/desengrasante\/#breadcrumb\",\"itemListElement\":[{\"@type\":\"ListItem\",\"position\":1,\"name\":\"Portada\",\"item\":\"https:\/\/lotusgrill-online.es\/\"},{\"@type\":\"ListItem\",\"position\":2,\"name\":\"Shop\",\"item\":\"https:\/\/lotusgrill-online.es\/shop-tienda-oficial-lotusgrill\/\"},{\"@type\":\"ListItem\",\"position\":3,\"name\":\"DESENGRASANTE\"}]},{\"@type\":\"WebSite\",\"@id\":\"https:\/\/lotusgrill-online.es\/#website\",\"url\":\"https:\/\/lotusgrill-online.es\/\",\"name\":\"Lotusgrill-online\",\"description\":\"lotusgrill-online.es\",\"potentialAction\":[{\"@type\":\"SearchAction\",\"target\":{\"@type\":\"EntryPoint\",\"urlTemplate\":\"https:\/\/lotusgrill-online.es\/?s={search_term_string}\"},\"query-input\":{\"@type\":\"PropertyValueSpecification\",\"valueRequired\":true,\"valueName\":\"search_term_string\"}}],\"inLanguage\":\"pt-PT\"}]}<\/script>\n<!-- \/ Yoast SEO plugin. -->","yoast_head_json":{"title":"DEGREASER - lotusgrill-online.co.uk","description":"O desengordurante LotusGrill remove os res\u00edduos teimosos e dif\u00edceis de limpar, os dep\u00f3sitos queimados do grelhador do grelhador, da ta\u00e7a interior, dos fornos de convec\u00e7\u00e3o, etc. N\u00e3o prejudica os metais macios e n\u00e3o ferrosos. Recipiente de 750 ml.","robots":{"index":"index","follow":"follow","max-snippet":"max-snippet:-1","max-image-preview":"max-image-preview:large","max-video-preview":"max-video-preview:-1"},"canonical":"https:\/\/lotusgrill-online.es\/pt\/product\/desengrasante\/","og_locale":"pt_PT","og_type":"article","og_title":"DESENGRASANTE - lotusgrill-online.es","og_description":"Desengrasante LotusGrill.Elimina los restos persistentes y dif\u00edciles de limpiar, sedimentos quemados de la parrilla del grill, del bol interior, hornos de convecci\u00f3n, etc.No da\u00f1a metales blandos ni los no-f\u00e9rricos.Contiene 750 ml.","og_url":"https:\/\/lotusgrill-online.es\/pt\/product\/desengrasante\/","og_site_name":"lotusgrill-online.es","article_modified_time":"2024-08-05T17:23:43+00:00","og_image":[{"width":960,"height":960,"url":"https:\/\/lotusgrill-online.es\/wp-content\/uploads\/2020\/03\/Grillreiniger-en.jpg","type":"image\/jpeg"}],"twitter_card":"summary_large_image","twitter_misc":{"Tempo estimado de leitura":"1 minuto"},"schema":{"@context":"https:\/\/schema.org","@graph":[{"@type":"WebPage","@id":"https:\/\/lotusgrill-online.es\/product\/desengrasante\/","url":"https:\/\/lotusgrill-online.es\/product\/desengrasante\/","name":"DEGREASER - lotusgrill-online.co.uk","isPartOf":{"@id":"https:\/\/lotusgrill-online.es\/#website"},"primaryImageOfPage":{"@id":"https:\/\/lotusgrill-online.es\/product\/desengrasante\/#primaryimage"},"image":{"@id":"https:\/\/lotusgrill-online.es\/product\/desengrasante\/#primaryimage"},"thumbnailUrl":"https:\/\/lotusgrill-online.es\/wp-content\/uploads\/2020\/03\/Grillreiniger-en.jpg","datePublished":"2020-03-24T17:13:56+00:00","dateModified":"2024-08-05T17:23:43+00:00","description":"O desengordurante LotusGrill remove os res\u00edduos teimosos e dif\u00edceis de limpar, os dep\u00f3sitos queimados do grelhador do grelhador, da ta\u00e7a interior, dos fornos de convec\u00e7\u00e3o, etc. N\u00e3o prejudica os metais macios e n\u00e3o ferrosos. Recipiente de 750 ml.","breadcrumb":{"@id":"https:\/\/lotusgrill-online.es\/product\/desengrasante\/#breadcrumb"},"inLanguage":"pt-PT","potentialAction":[{"@type":"ReadAction","target":["https:\/\/lotusgrill-online.es\/product\/desengrasante\/"]}]},{"@type":"ImageObject","inLanguage":"pt-PT","@id":"https:\/\/lotusgrill-online.es\/product\/desengrasante\/#primaryimage","url":"https:\/\/lotusgrill-online.es\/wp-content\/uploads\/2020\/03\/Grillreiniger-en.jpg","contentUrl":"https:\/\/lotusgrill-online.es\/wp-content\/uploads\/2020\/03\/Grillreiniger-en.jpg","width":960,"height":960,"caption":"Desengrasante LotusGrill."},{"@type":"BreadcrumbList","@id":"https:\/\/lotusgrill-online.es\/product\/desengrasante\/#breadcrumb","itemListElement":[{"@type":"ListItem","position":1,"name":"Portada","item":"https:\/\/lotusgrill-online.es\/"},{"@type":"ListItem","position":2,"name":"Shop","item":"https:\/\/lotusgrill-online.es\/shop-tienda-oficial-lotusgrill\/"},{"@type":"ListItem","position":3,"name":"DESENGRASANTE"}]},{"@type":"WebSite","@id":"https:\/\/lotusgrill-online.es\/#website","url":"https:\/\/lotusgrill-online.es\/","name":"Lotusgrill-online","description":"lotusgrill-online.co.uk","potentialAction":[{"@type":"SearchAction","target":{"@type":"EntryPoint","urlTemplate":"https:\/\/lotusgrill-online.es\/?s={search_term_string}"},"query-input":{"@type":"PropertyValueSpecification","valueRequired":true,"valueName":"search_term_string"}}],"inLanguage":"pt-PT"}]}},"_links":{"self":[{"href":"https:\/\/lotusgrill-online.es\/pt\/wp-json\/wp\/v2\/product\/5600","targetHints":{"allow":["GET"]}}],"collection":[{"href":"https:\/\/lotusgrill-online.es\/pt\/wp-json\/wp\/v2\/product"}],"about":[{"href":"https:\/\/lotusgrill-online.es\/pt\/wp-json\/wp\/v2\/types\/product"}],"wp:featuredmedia":[{"embeddable":true,"href":"https:\/\/lotusgrill-online.es\/pt\/wp-json\/wp\/v2\/media\/5601"}],"wp:attachment":[{"href":"https:\/\/lotusgrill-online.es\/pt\/wp-json\/wp\/v2\/media?parent=5600"}],"wp:term":[{"taxonomy":"product_brand","embeddable":true,"href":"https:\/\/lotusgrill-online.es\/pt\/wp-json\/wp\/v2\/product_brand?post=5600"},{"taxonomy":"product_cat","embeddable":true,"href":"https:\/\/lotusgrill-online.es\/pt\/wp-json\/wp\/v2\/product_cat?post=5600"},{"taxonomy":"product_tag","embeddable":true,"href":"https:\/\/lotusgrill-online.es\/pt\/wp-json\/wp\/v2\/product_tag?post=5600"}],"curies":[{"name":"wp","href":"https:\/\/api.w.org\/{rel}","templated":true}]}}