{"id":5616,"date":"2020-03-24T18:15:14","date_gmt":"2020-03-24T18:15:14","guid":{"rendered":"https:\/\/lotusgrill-online.es\/?post_type=product&#038;p=5616"},"modified":"2020-03-24T19:05:40","modified_gmt":"2020-03-24T19:05:40","slug":"bol-interior","status":"publish","type":"product","link":"https:\/\/lotusgrill-online.es\/pt\/product\/bol-interior\/","title":{"rendered":"TA\u00c7A INTERIOR"},"content":{"rendered":"<p class=\"p1\">Ta\u00e7a interior de a\u00e7o inoxid\u00e1vel para churrasco LotusGrill<\/p>","protected":false},"excerpt":{"rendered":"<p class=\"p1\"><strong>Ta\u00e7a interior de a\u00e7o inoxid\u00e1vel para churrasco LotusGrill<\/strong><\/p>","protected":false},"featured_media":5619,"template":"","meta":[],"product_brand":[],"product_cat":[211],"product_tag":[193,191,208,214],"class_list":{"0":"post-5616","1":"product","2":"type-product","3":"status-publish","4":"has-post-thumbnail","6":"product_cat-recambios","7":"product_tag-barbacoa-electrica","8":"product_tag-lotusgrill","9":"product_tag-lotusgrill-l","10":"product_tag-pletina-ignicion","12":"first","13":"instock","14":"taxable","15":"shipping-taxable","16":"purchasable","17":"product-type-variable","18":"has-default-attributes","19":"rtwpvg-product"},"yoast_head":"<!-- This site is optimized with the Yoast SEO plugin v26.8 - https:\/\/yoast.com\/product\/yoast-seo-wordpress\/ -->\n<title>BOL INTERIOR - lotusgrill-online.es<\/title>\n<meta name=\"description\" content=\"Bol interior de acero inoxidable barbacoa LotusGrill.\" \/>\n<meta name=\"robots\" content=\"index, follow, max-snippet:-1, max-image-preview:large, max-video-preview:-1\" \/>\n<link rel=\"canonical\" href=\"https:\/\/lotusgrill-online.es\/pt\/product\/bol-interior\/\" \/>\n<meta property=\"og:locale\" content=\"pt_PT\" \/>\n<meta property=\"og:type\" content=\"article\" \/>\n<meta property=\"og:title\" content=\"BOL INTERIOR - lotusgrill-online.es\" \/>\n<meta property=\"og:description\" content=\"Bol interior de acero inoxidable barbacoa LotusGrill.\" \/>\n<meta property=\"og:url\" content=\"https:\/\/lotusgrill-online.es\/pt\/product\/bol-interior\/\" \/>\n<meta property=\"og:site_name\" content=\"lotusgrill-online.es\" \/>\n<meta property=\"article:modified_time\" content=\"2020-03-24T19:05:40+00:00\" \/>\n<meta property=\"og:image\" content=\"https:\/\/lotusgrill-online.es\/wp-content\/uploads\/2020\/03\/Innenschuessel-XL.jpg\" \/>\n\t<meta property=\"og:image:width\" content=\"960\" \/>\n\t<meta property=\"og:image:height\" content=\"960\" \/>\n\t<meta property=\"og:image:type\" content=\"image\/jpeg\" \/>\n<meta name=\"twitter:card\" content=\"summary_large_image\" \/>\n<script type=\"application\/ld+json\" class=\"yoast-schema-graph\">{\"@context\":\"https:\/\/schema.org\",\"@graph\":[{\"@type\":\"WebPage\",\"@id\":\"https:\/\/lotusgrill-online.es\/pt\/product\/bol-interior\/\",\"url\":\"https:\/\/lotusgrill-online.es\/pt\/product\/bol-interior\/\",\"name\":\"BOL INTERIOR - lotusgrill-online.es\",\"isPartOf\":{\"@id\":\"https:\/\/lotusgrill-online.es\/#website\"},\"primaryImageOfPage\":{\"@id\":\"https:\/\/lotusgrill-online.es\/pt\/product\/bol-interior\/#primaryimage\"},\"image\":{\"@id\":\"https:\/\/lotusgrill-online.es\/pt\/product\/bol-interior\/#primaryimage\"},\"thumbnailUrl\":\"https:\/\/lotusgrill-online.es\/wp-content\/uploads\/2020\/03\/Innenschuessel-XL.jpg\",\"datePublished\":\"2020-03-24T18:15:14+00:00\",\"dateModified\":\"2020-03-24T19:05:40+00:00\",\"description\":\"Bol interior de acero inoxidable barbacoa LotusGrill.\",\"breadcrumb\":{\"@id\":\"https:\/\/lotusgrill-online.es\/pt\/product\/bol-interior\/#breadcrumb\"},\"inLanguage\":\"pt-PT\",\"potentialAction\":[{\"@type\":\"ReadAction\",\"target\":[\"https:\/\/lotusgrill-online.es\/pt\/product\/bol-interior\/\"]}]},{\"@type\":\"ImageObject\",\"inLanguage\":\"pt-PT\",\"@id\":\"https:\/\/lotusgrill-online.es\/pt\/product\/bol-interior\/#primaryimage\",\"url\":\"https:\/\/lotusgrill-online.es\/wp-content\/uploads\/2020\/03\/Innenschuessel-XL.jpg\",\"contentUrl\":\"https:\/\/lotusgrill-online.es\/wp-content\/uploads\/2020\/03\/Innenschuessel-XL.jpg\",\"width\":960,\"height\":960,\"caption\":\"Bol interior de acero inoxidable barbacoa LotusGrill.\"},{\"@type\":\"BreadcrumbList\",\"@id\":\"https:\/\/lotusgrill-online.es\/pt\/product\/bol-interior\/#breadcrumb\",\"itemListElement\":[{\"@type\":\"ListItem\",\"position\":1,\"name\":\"Portada\",\"item\":\"https:\/\/lotusgrill-online.es\/\"},{\"@type\":\"ListItem\",\"position\":2,\"name\":\"Shop\",\"item\":\"https:\/\/lotusgrill-online.es\/shop-tienda-oficial-lotusgrill\/\"},{\"@type\":\"ListItem\",\"position\":3,\"name\":\"BOL INTERIOR\"}]},{\"@type\":\"WebSite\",\"@id\":\"https:\/\/lotusgrill-online.es\/#website\",\"url\":\"https:\/\/lotusgrill-online.es\/\",\"name\":\"Lotusgrill-online\",\"description\":\"lotusgrill-online.es\",\"potentialAction\":[{\"@type\":\"SearchAction\",\"target\":{\"@type\":\"EntryPoint\",\"urlTemplate\":\"https:\/\/lotusgrill-online.es\/?s={search_term_string}\"},\"query-input\":{\"@type\":\"PropertyValueSpecification\",\"valueRequired\":true,\"valueName\":\"search_term_string\"}}],\"inLanguage\":\"pt-PT\"}]}<\/script>\n<!-- \/ Yoast SEO plugin. -->","yoast_head_json":{"title":"BOL INTERIOR - lotusgrill-online.es","description":"Ta\u00e7a interior de a\u00e7o inoxid\u00e1vel para churrasco LotusGrill","robots":{"index":"index","follow":"follow","max-snippet":"max-snippet:-1","max-image-preview":"max-image-preview:large","max-video-preview":"max-video-preview:-1"},"canonical":"https:\/\/lotusgrill-online.es\/pt\/product\/bol-interior\/","og_locale":"pt_PT","og_type":"article","og_title":"BOL INTERIOR - lotusgrill-online.es","og_description":"Bol interior de acero inoxidable barbacoa LotusGrill.","og_url":"https:\/\/lotusgrill-online.es\/pt\/product\/bol-interior\/","og_site_name":"lotusgrill-online.es","article_modified_time":"2020-03-24T19:05:40+00:00","og_image":[{"width":960,"height":960,"url":"https:\/\/lotusgrill-online.es\/wp-content\/uploads\/2020\/03\/Innenschuessel-XL.jpg","type":"image\/jpeg"}],"twitter_card":"summary_large_image","schema":{"@context":"https:\/\/schema.org","@graph":[{"@type":"WebPage","@id":"https:\/\/lotusgrill-online.es\/pt\/product\/bol-interior\/","url":"https:\/\/lotusgrill-online.es\/pt\/product\/bol-interior\/","name":"BOL INTERIOR - lotusgrill-online.es","isPartOf":{"@id":"https:\/\/lotusgrill-online.es\/#website"},"primaryImageOfPage":{"@id":"https:\/\/lotusgrill-online.es\/pt\/product\/bol-interior\/#primaryimage"},"image":{"@id":"https:\/\/lotusgrill-online.es\/pt\/product\/bol-interior\/#primaryimage"},"thumbnailUrl":"https:\/\/lotusgrill-online.es\/wp-content\/uploads\/2020\/03\/Innenschuessel-XL.jpg","datePublished":"2020-03-24T18:15:14+00:00","dateModified":"2020-03-24T19:05:40+00:00","description":"Ta\u00e7a interior de a\u00e7o inoxid\u00e1vel para churrasco LotusGrill","breadcrumb":{"@id":"https:\/\/lotusgrill-online.es\/pt\/product\/bol-interior\/#breadcrumb"},"inLanguage":"pt-PT","potentialAction":[{"@type":"ReadAction","target":["https:\/\/lotusgrill-online.es\/pt\/product\/bol-interior\/"]}]},{"@type":"ImageObject","inLanguage":"pt-PT","@id":"https:\/\/lotusgrill-online.es\/pt\/product\/bol-interior\/#primaryimage","url":"https:\/\/lotusgrill-online.es\/wp-content\/uploads\/2020\/03\/Innenschuessel-XL.jpg","contentUrl":"https:\/\/lotusgrill-online.es\/wp-content\/uploads\/2020\/03\/Innenschuessel-XL.jpg","width":960,"height":960,"caption":"Bol interior de acero inoxidable barbacoa LotusGrill."},{"@type":"BreadcrumbList","@id":"https:\/\/lotusgrill-online.es\/pt\/product\/bol-interior\/#breadcrumb","itemListElement":[{"@type":"ListItem","position":1,"name":"Portada","item":"https:\/\/lotusgrill-online.es\/"},{"@type":"ListItem","position":2,"name":"Shop","item":"https:\/\/lotusgrill-online.es\/shop-tienda-oficial-lotusgrill\/"},{"@type":"ListItem","position":3,"name":"BOL INTERIOR"}]},{"@type":"WebSite","@id":"https:\/\/lotusgrill-online.es\/#website","url":"https:\/\/lotusgrill-online.es\/","name":"Lotusgrill-online","description":"lotusgrill-online.co.uk","potentialAction":[{"@type":"SearchAction","target":{"@type":"EntryPoint","urlTemplate":"https:\/\/lotusgrill-online.es\/?s={search_term_string}"},"query-input":{"@type":"PropertyValueSpecification","valueRequired":true,"valueName":"search_term_string"}}],"inLanguage":"pt-PT"}]}},"_links":{"self":[{"href":"https:\/\/lotusgrill-online.es\/pt\/wp-json\/wp\/v2\/product\/5616","targetHints":{"allow":["GET"]}}],"collection":[{"href":"https:\/\/lotusgrill-online.es\/pt\/wp-json\/wp\/v2\/product"}],"about":[{"href":"https:\/\/lotusgrill-online.es\/pt\/wp-json\/wp\/v2\/types\/product"}],"wp:featuredmedia":[{"embeddable":true,"href":"https:\/\/lotusgrill-online.es\/pt\/wp-json\/wp\/v2\/media\/5619"}],"wp:attachment":[{"href":"https:\/\/lotusgrill-online.es\/pt\/wp-json\/wp\/v2\/media?parent=5616"}],"wp:term":[{"taxonomy":"product_brand","embeddable":true,"href":"https:\/\/lotusgrill-online.es\/pt\/wp-json\/wp\/v2\/product_brand?post=5616"},{"taxonomy":"product_cat","embeddable":true,"href":"https:\/\/lotusgrill-online.es\/pt\/wp-json\/wp\/v2\/product_cat?post=5616"},{"taxonomy":"product_tag","embeddable":true,"href":"https:\/\/lotusgrill-online.es\/pt\/wp-json\/wp\/v2\/product_tag?post=5616"}],"curies":[{"name":"wp","href":"https:\/\/api.w.org\/{rel}","templated":true}]}}