{"id":8020,"date":"2020-05-14T16:16:32","date_gmt":"2020-05-14T16:16:32","guid":{"rendered":"https:\/\/lotusgrill-online.es\/?post_type=product&#038;p=8020"},"modified":"2021-04-22T09:39:28","modified_gmt":"2021-04-22T09:39:28","slug":"tripode","status":"publish","type":"product","link":"https:\/\/lotusgrill-online.es\/pt\/product\/tripode\/","title":{"rendered":"Trip\u00e9"},"content":{"rendered":"<p>Tr\u00edp\u00e9 universal Inox Lotus Grill<\/p>","protected":false},"excerpt":{"rendered":"<p class=\"p1\"><strong>Trip\u00e9 de a\u00e7o inoxid\u00e1vel Lotus Gril<\/strong><\/p>\n<p><strong>Adequado para todos os churrascos Lotusgrill, exceto XXL<\/strong><\/p>","protected":false},"featured_media":8029,"template":"","meta":[],"product_brand":[],"product_cat":[203],"product_tag":[222,193,191,212],"class_list":{"0":"post-8020","1":"product","2":"type-product","3":"status-publish","4":"has-post-thumbnail","6":"product_cat-accesorios","7":"product_tag-accesorios","8":"product_tag-barbacoa-electrica","9":"product_tag-lotusgrill","10":"product_tag-parrilla-grill","12":"first","13":"instock","14":"taxable","15":"shipping-taxable","16":"purchasable","17":"product-type-simple"},"yoast_head":"<!-- This site is optimized with the Yoast SEO plugin v26.8 - https:\/\/yoast.com\/product\/yoast-seo-wordpress\/ -->\n<title>Tr\u00edpode - lotusgrill-online.es<\/title>\n<meta name=\"description\" content=\"Contenedor carb\u00f3n Inox barbacoa LotusGrill. Recambio\" \/>\n<meta name=\"robots\" content=\"index, follow, max-snippet:-1, max-image-preview:large, max-video-preview:-1\" \/>\n<link rel=\"canonical\" href=\"https:\/\/lotusgrill-online.es\/pt\/product\/tripode\/\" \/>\n<meta property=\"og:locale\" content=\"pt_PT\" \/>\n<meta property=\"og:type\" content=\"article\" \/>\n<meta property=\"og:title\" content=\"Tr\u00edpode - lotusgrill-online.es\" \/>\n<meta property=\"og:description\" content=\"Contenedor carb\u00f3n Inox barbacoa LotusGrill. Recambio\" \/>\n<meta property=\"og:url\" content=\"https:\/\/lotusgrill-online.es\/pt\/product\/tripode\/\" \/>\n<meta property=\"og:site_name\" content=\"lotusgrill-online.es\" \/>\n<meta property=\"article:modified_time\" content=\"2021-04-22T09:39:28+00:00\" \/>\n<meta property=\"og:image\" content=\"https:\/\/lotusgrill-online.es\/wp-content\/uploads\/2020\/05\/tripode-universal-1.jpg\" \/>\n\t<meta property=\"og:image:width\" content=\"500\" \/>\n\t<meta property=\"og:image:height\" content=\"642\" \/>\n\t<meta property=\"og:image:type\" content=\"image\/jpeg\" \/>\n<meta name=\"twitter:card\" content=\"summary_large_image\" \/>\n<script type=\"application\/ld+json\" class=\"yoast-schema-graph\">{\"@context\":\"https:\/\/schema.org\",\"@graph\":[{\"@type\":\"WebPage\",\"@id\":\"https:\/\/lotusgrill-online.es\/product\/tripode\/\",\"url\":\"https:\/\/lotusgrill-online.es\/product\/tripode\/\",\"name\":\"Tr\u00edpode - lotusgrill-online.es\",\"isPartOf\":{\"@id\":\"https:\/\/lotusgrill-online.es\/#website\"},\"primaryImageOfPage\":{\"@id\":\"https:\/\/lotusgrill-online.es\/product\/tripode\/#primaryimage\"},\"image\":{\"@id\":\"https:\/\/lotusgrill-online.es\/product\/tripode\/#primaryimage\"},\"thumbnailUrl\":\"https:\/\/lotusgrill-online.es\/wp-content\/uploads\/2020\/05\/tripode-universal-1.jpg\",\"datePublished\":\"2020-05-14T16:16:32+00:00\",\"dateModified\":\"2021-04-22T09:39:28+00:00\",\"description\":\"Contenedor carb\u00f3n Inox barbacoa LotusGrill. Recambio\",\"breadcrumb\":{\"@id\":\"https:\/\/lotusgrill-online.es\/product\/tripode\/#breadcrumb\"},\"inLanguage\":\"pt-PT\",\"potentialAction\":[{\"@type\":\"ReadAction\",\"target\":[\"https:\/\/lotusgrill-online.es\/product\/tripode\/\"]}]},{\"@type\":\"ImageObject\",\"inLanguage\":\"pt-PT\",\"@id\":\"https:\/\/lotusgrill-online.es\/product\/tripode\/#primaryimage\",\"url\":\"https:\/\/lotusgrill-online.es\/wp-content\/uploads\/2020\/05\/tripode-universal-1.jpg\",\"contentUrl\":\"https:\/\/lotusgrill-online.es\/wp-content\/uploads\/2020\/05\/tripode-universal-1.jpg\",\"width\":500,\"height\":642,\"caption\":\"Tienda oficial Lotusgrill\"},{\"@type\":\"BreadcrumbList\",\"@id\":\"https:\/\/lotusgrill-online.es\/product\/tripode\/#breadcrumb\",\"itemListElement\":[{\"@type\":\"ListItem\",\"position\":1,\"name\":\"Portada\",\"item\":\"https:\/\/lotusgrill-online.es\/\"},{\"@type\":\"ListItem\",\"position\":2,\"name\":\"Shop\",\"item\":\"https:\/\/lotusgrill-online.es\/shop-tienda-oficial-lotusgrill\/\"},{\"@type\":\"ListItem\",\"position\":3,\"name\":\"Tr\u00edpode\"}]},{\"@type\":\"WebSite\",\"@id\":\"https:\/\/lotusgrill-online.es\/#website\",\"url\":\"https:\/\/lotusgrill-online.es\/\",\"name\":\"Lotusgrill-online\",\"description\":\"lotusgrill-online.es\",\"potentialAction\":[{\"@type\":\"SearchAction\",\"target\":{\"@type\":\"EntryPoint\",\"urlTemplate\":\"https:\/\/lotusgrill-online.es\/?s={search_term_string}\"},\"query-input\":{\"@type\":\"PropertyValueSpecification\",\"valueRequired\":true,\"valueName\":\"search_term_string\"}}],\"inLanguage\":\"pt-PT\"}]}<\/script>\n<!-- \/ Yoast SEO plugin. -->","yoast_head_json":{"title":"Trip\u00e9 - lotusgrill-online.es","description":"Placa de igni\u00e7\u00e3o Inox LotusGrill. Substitui\u00e7\u00e3o","robots":{"index":"index","follow":"follow","max-snippet":"max-snippet:-1","max-image-preview":"max-image-preview:large","max-video-preview":"max-video-preview:-1"},"canonical":"https:\/\/lotusgrill-online.es\/pt\/product\/tripode\/","og_locale":"pt_PT","og_type":"article","og_title":"Tr\u00edpode - lotusgrill-online.es","og_description":"Contenedor carb\u00f3n Inox barbacoa LotusGrill. Recambio","og_url":"https:\/\/lotusgrill-online.es\/pt\/product\/tripode\/","og_site_name":"lotusgrill-online.es","article_modified_time":"2021-04-22T09:39:28+00:00","og_image":[{"width":500,"height":642,"url":"https:\/\/lotusgrill-online.es\/wp-content\/uploads\/2020\/05\/tripode-universal-1.jpg","type":"image\/jpeg"}],"twitter_card":"summary_large_image","schema":{"@context":"https:\/\/schema.org","@graph":[{"@type":"WebPage","@id":"https:\/\/lotusgrill-online.es\/product\/tripode\/","url":"https:\/\/lotusgrill-online.es\/product\/tripode\/","name":"Trip\u00e9 - lotusgrill-online.es","isPartOf":{"@id":"https:\/\/lotusgrill-online.es\/#website"},"primaryImageOfPage":{"@id":"https:\/\/lotusgrill-online.es\/product\/tripode\/#primaryimage"},"image":{"@id":"https:\/\/lotusgrill-online.es\/product\/tripode\/#primaryimage"},"thumbnailUrl":"https:\/\/lotusgrill-online.es\/wp-content\/uploads\/2020\/05\/tripode-universal-1.jpg","datePublished":"2020-05-14T16:16:32+00:00","dateModified":"2021-04-22T09:39:28+00:00","description":"Placa de igni\u00e7\u00e3o Inox LotusGrill. Substitui\u00e7\u00e3o","breadcrumb":{"@id":"https:\/\/lotusgrill-online.es\/product\/tripode\/#breadcrumb"},"inLanguage":"pt-PT","potentialAction":[{"@type":"ReadAction","target":["https:\/\/lotusgrill-online.es\/product\/tripode\/"]}]},{"@type":"ImageObject","inLanguage":"pt-PT","@id":"https:\/\/lotusgrill-online.es\/product\/tripode\/#primaryimage","url":"https:\/\/lotusgrill-online.es\/wp-content\/uploads\/2020\/05\/tripode-universal-1.jpg","contentUrl":"https:\/\/lotusgrill-online.es\/wp-content\/uploads\/2020\/05\/tripode-universal-1.jpg","width":500,"height":642,"caption":"Tienda oficial Lotusgrill"},{"@type":"BreadcrumbList","@id":"https:\/\/lotusgrill-online.es\/product\/tripode\/#breadcrumb","itemListElement":[{"@type":"ListItem","position":1,"name":"Portada","item":"https:\/\/lotusgrill-online.es\/"},{"@type":"ListItem","position":2,"name":"Shop","item":"https:\/\/lotusgrill-online.es\/shop-tienda-oficial-lotusgrill\/"},{"@type":"ListItem","position":3,"name":"Tr\u00edpode"}]},{"@type":"WebSite","@id":"https:\/\/lotusgrill-online.es\/#website","url":"https:\/\/lotusgrill-online.es\/","name":"Lotusgrill-online","description":"lotusgrill-online.co.uk","potentialAction":[{"@type":"SearchAction","target":{"@type":"EntryPoint","urlTemplate":"https:\/\/lotusgrill-online.es\/?s={search_term_string}"},"query-input":{"@type":"PropertyValueSpecification","valueRequired":true,"valueName":"search_term_string"}}],"inLanguage":"pt-PT"}]}},"_links":{"self":[{"href":"https:\/\/lotusgrill-online.es\/pt\/wp-json\/wp\/v2\/product\/8020","targetHints":{"allow":["GET"]}}],"collection":[{"href":"https:\/\/lotusgrill-online.es\/pt\/wp-json\/wp\/v2\/product"}],"about":[{"href":"https:\/\/lotusgrill-online.es\/pt\/wp-json\/wp\/v2\/types\/product"}],"wp:featuredmedia":[{"embeddable":true,"href":"https:\/\/lotusgrill-online.es\/pt\/wp-json\/wp\/v2\/media\/8029"}],"wp:attachment":[{"href":"https:\/\/lotusgrill-online.es\/pt\/wp-json\/wp\/v2\/media?parent=8020"}],"wp:term":[{"taxonomy":"product_brand","embeddable":true,"href":"https:\/\/lotusgrill-online.es\/pt\/wp-json\/wp\/v2\/product_brand?post=8020"},{"taxonomy":"product_cat","embeddable":true,"href":"https:\/\/lotusgrill-online.es\/pt\/wp-json\/wp\/v2\/product_cat?post=8020"},{"taxonomy":"product_tag","embeddable":true,"href":"https:\/\/lotusgrill-online.es\/pt\/wp-json\/wp\/v2\/product_tag?post=8020"}],"curies":[{"name":"wp","href":"https:\/\/api.w.org\/{rel}","templated":true}]}}